{"id":7266,"date":"2024-10-21T15:59:26","date_gmt":"2024-10-21T13:59:26","guid":{"rendered":"https:\/\/www.vanderendegroup.com\/product\/danfoss-vacon-100-x\/"},"modified":"2026-03-20T08:47:35","modified_gmt":"2026-03-20T07:47:35","slug":"danfoss-vacon-100-x","status":"publish","type":"product","link":"https:\/\/www.vanderendegroup.com\/nl\/product\/danfoss-vacon-100-x\/","title":{"rendered":"Danfoss Vacon\u00ae 100 X"},"content":{"rendered":"<p>Door de IP66\/Type 4X Outdoor-behuizing is de <a href=\"https:\/\/www.vanderendegroup.com\/nl\/merken\/danfoss\/\">Danfoss<\/a> frequentieregelaar geschikt voor gebruik onder zware omstandigheden. De frequentieregelaar kan op de motor worden geplaatst, of zo dicht mogelijk bij de motorapparatuur. Dat maakt deze regelaar ideaal voor retrofittoepassingen, toepassingen op daken en toepassingen met machines die regelmatig worden schoongespoten. Kasten, afgeschermde bekabeling en elektrische ruimtes zijn niet nodig.<\/p>\n<p>&nbsp;<\/p>\n<p>De grote koelribben aan de voorkant van de frequentieregelaar zorgen voor koeling zonder dat\u00a0stof zich ophoopt. Ze bieden toegang tot het koellichaam en kunnen met hoge druk worden gereinigd. Daardoor zijn ze eenvoudig te onderhouden en werken ze betrouwbaar.<\/p>\n","protected":false},"excerpt":{"rendered":"<p>De Vacon 100 X heeft een zeer geavanceerde regelfunctie voor bijna alle toepassingen waarbij een decentrale, robuuste oplossing de voorkeur geniet. Alle vermogensdelen, waaronder de smoorspoelen voor de filtering van harmonischen, zijn in \u00e9\u00e9n compacte, robuuste eenheid ge\u00efntegreerd. Het besturingsgedeelte en alle bedrading van de frequentieregelaar zijn in \u00e9\u00e9n aansluitkast geplaatst. Zo komt elders ruimte vrij.<\/p>\n","protected":false},"featured_media":7974,"template":"","meta":{"_acf_changed":false,"_searchwp_excluded":"","_kad_blocks_custom_css":"","_kad_blocks_head_custom_js":"","_kad_blocks_body_custom_js":"","_kad_blocks_footer_custom_js":"","editor_notices":[]},"product_brand":[],"product_tag":[],"aandrijving":[],"capaciteit":[],"materiaal":[],"merk":[251],"opvoerhoogte":[],"sectoren":[46,44,45,43],"class_list":{"0":"post-7266","1":"product","2":"type-product","3":"status-publish","4":"has-post-thumbnail","6":"merk-danfoss","7":"sectoren-semi-overheid","8":"sectoren-bouw-aannemerij","9":"sectoren-industrie","10":"sectoren-tuinbouw","12":"first","13":"instock","14":"product-type-simple"},"acf":[],"mb":[],"yoast_head":"<!-- This site is optimized with the Yoast SEO Premium plugin v26.3 (Yoast SEO v27.2) - https:\/\/yoast.com\/product\/yoast-seo-premium-wordpress\/ -->\n<title>Danfoss Vacon\u00ae 100 X | #1 in Drives | Van der Ende Group<\/title>\n<meta name=\"description\" content=\"Danfoss Vacon 100 X | Van der Ende Group | \u2705 Premium Danfoss partner | \u2705 IP66 voor extreme omstandigheden | \u2705 Compact &amp; robuust design | Bekijk direct!\" \/>\n<meta name=\"robots\" content=\"index, follow, max-snippet:-1, max-image-preview:large, max-video-preview:-1\" \/>\n<link rel=\"canonical\" href=\"https:\/\/www.vanderendegroup.com\/nl\/product\/danfoss-vacon-100-x\/\" \/>\n<meta property=\"og:locale\" content=\"nl_NL\" \/>\n<meta property=\"og:type\" content=\"article\" \/>\n<meta property=\"og:title\" content=\"Danfoss Vacon\u00ae 100 X\" \/>\n<meta property=\"og:description\" content=\"Danfoss Vacon 100 X | Van der Ende Group | \u2705 Premium Danfoss partner | \u2705 IP66 voor extreme omstandigheden | \u2705 Compact &amp; robuust design | Bekijk direct!\" \/>\n<meta property=\"og:url\" content=\"https:\/\/www.vanderendegroup.com\/nl\/product\/danfoss-vacon-100-x\/\" \/>\n<meta property=\"og:site_name\" content=\"Van der Ende Group\" \/>\n<meta property=\"article:modified_time\" content=\"2026-03-20T07:47:35+00:00\" \/>\n<meta property=\"og:image\" content=\"https:\/\/www.vanderendegroup.com\/nl\/wp-content\/uploads\/sites\/1\/2024\/10\/Danfoss-Vacon\u00ae-100-X.png\" \/>\n\t<meta property=\"og:image:width\" content=\"500\" \/>\n\t<meta property=\"og:image:height\" content=\"500\" \/>\n\t<meta property=\"og:image:type\" content=\"image\/png\" \/>\n<meta name=\"twitter:card\" content=\"summary_large_image\" \/>\n<meta name=\"twitter:label1\" content=\"Prijs\" \/>\n\t<meta name=\"twitter:data1\" content=\"\" \/>\n\t<meta name=\"twitter:label2\" content=\"Beschikbaarheid\" \/>\n\t<meta name=\"twitter:data2\" content=\"Op voorraad\" \/>\n<script type=\"application\/ld+json\" class=\"yoast-schema-graph\">{\"@context\":\"https:\/\/schema.org\",\"@graph\":[{\"@type\":\"WebPage\",\"@id\":\"https:\/\/www.vanderendegroup.com\/nl\/product\/danfoss-vacon-100-x\/\",\"url\":\"https:\/\/www.vanderendegroup.com\/nl\/product\/danfoss-vacon-100-x\/\",\"name\":\"Danfoss Vacon\u00ae 100 X | #1 in Drives | Van der Ende Group\",\"isPartOf\":{\"@id\":\"\/#website\"},\"primaryImageOfPage\":{\"@id\":\"https:\/\/www.vanderendegroup.com\/nl\/product\/danfoss-vacon-100-x\/#primaryimage\"},\"image\":{\"@id\":\"https:\/\/www.vanderendegroup.com\/nl\/product\/danfoss-vacon-100-x\/#primaryimage\"},\"thumbnailUrl\":\"https:\/\/www.vanderendegroup.com\/nl\/wp-content\/uploads\/sites\/1\/2024\/10\/Danfoss-Vacon\u00ae-100-X.png\",\"datePublished\":\"2024-10-21T13:59:26+00:00\",\"dateModified\":\"2026-03-20T07:47:35+00:00\",\"description\":\"Danfoss Vacon 100 X | Van der Ende Group | \u2705 Premium Danfoss partner | \u2705 IP66 voor extreme omstandigheden | \u2705 Compact & robuust design | Bekijk direct!\",\"breadcrumb\":{\"@id\":\"https:\/\/www.vanderendegroup.com\/nl\/product\/danfoss-vacon-100-x\/#breadcrumb\"},\"inLanguage\":\"nl-NL\",\"potentialAction\":[{\"@type\":\"ReadAction\",\"target\":[\"https:\/\/www.vanderendegroup.com\/nl\/product\/danfoss-vacon-100-x\/\"]}]},{\"@type\":\"ImageObject\",\"inLanguage\":\"nl-NL\",\"@id\":\"https:\/\/www.vanderendegroup.com\/nl\/product\/danfoss-vacon-100-x\/#primaryimage\",\"url\":\"https:\/\/www.vanderendegroup.com\/nl\/wp-content\/uploads\/sites\/1\/2024\/10\/Danfoss-Vacon\u00ae-100-X.png\",\"contentUrl\":\"https:\/\/www.vanderendegroup.com\/nl\/wp-content\/uploads\/sites\/1\/2024\/10\/Danfoss-Vacon\u00ae-100-X.png\",\"width\":500,\"height\":500,\"caption\":\"Danfoss Vacon\u00ae 100 X volledige serie naast elkaar van klein naar groot\"},{\"@type\":\"BreadcrumbList\",\"@id\":\"https:\/\/www.vanderendegroup.com\/nl\/product\/danfoss-vacon-100-x\/#breadcrumb\",\"itemListElement\":[{\"@type\":\"ListItem\",\"position\":1,\"name\":\"Home\",\"item\":\"https:\/\/www.vanderendegroup.com\/nl\/\"},{\"@type\":\"ListItem\",\"position\":2,\"name\":\"Danfoss Vacon\u00ae 100 X\"}]},{\"@type\":\"WebSite\",\"@id\":\"\/#website\",\"url\":\"\/\",\"name\":\"Van der Ende Group\",\"description\":\"Innovator, producent en leverancier van technische producten\",\"publisher\":{\"@id\":\"\/#organization\"},\"potentialAction\":[{\"@type\":\"SearchAction\",\"target\":{\"@type\":\"EntryPoint\",\"urlTemplate\":\"\/?s={search_term_string}\"},\"query-input\":{\"@type\":\"PropertyValueSpecification\",\"valueRequired\":true,\"valueName\":\"search_term_string\"}}],\"inLanguage\":\"nl-NL\"},{\"@type\":\"Organization\",\"@id\":\"\/#organization\",\"name\":\"Van der Ende Group\",\"url\":\"\/\",\"logo\":{\"@type\":\"ImageObject\",\"inLanguage\":\"nl-NL\",\"@id\":\"\/#\/schema\/logo\/image\/\",\"url\":\"https:\/\/www.vanderendegroup.com\/nl\/wp-content\/uploads\/sites\/1\/2024\/09\/favicon-500x500px.png\",\"contentUrl\":\"https:\/\/www.vanderendegroup.com\/nl\/wp-content\/uploads\/sites\/1\/2024\/09\/favicon-500x500px.png\",\"width\":500,\"height\":500,\"caption\":\"Van der Ende Group\"},\"image\":{\"@id\":\"\/#\/schema\/logo\/image\/\"},\"hasMerchantReturnPolicy\":{\"@type\":\"MerchantReturnPolicy\",\"merchantReturnLink\":\"https:\/\/www.vanderendegroup.com\/nl\/service\/garantie-en-retour\/\"}}]}<\/script>\n<meta property=\"product:price:amount\" content=\"0.00\" \/>\n<meta property=\"product:price:currency\" content=\"EUR\" \/>\n<meta property=\"og:availability\" content=\"instock\" \/>\n<meta property=\"product:availability\" content=\"instock\" \/>\n<meta property=\"product:retailer_item_id\" content=\"O063\" \/>\n<meta property=\"product:condition\" content=\"new\" \/>\n<!-- \/ Yoast SEO Premium plugin. -->","yoast_head_json":{"title":"Danfoss Vacon\u00ae 100 X | #1 in Drives | Van der Ende Group","description":"Danfoss Vacon 100 X | Van der Ende Group | \u2705 Premium Danfoss partner | \u2705 IP66 voor extreme omstandigheden | \u2705 Compact & robuust design | Bekijk direct!","robots":{"index":"index","follow":"follow","max-snippet":"max-snippet:-1","max-image-preview":"max-image-preview:large","max-video-preview":"max-video-preview:-1"},"canonical":"https:\/\/www.vanderendegroup.com\/nl\/product\/danfoss-vacon-100-x\/","og_locale":"nl_NL","og_type":"article","og_title":"Danfoss Vacon\u00ae 100 X","og_description":"Danfoss Vacon 100 X | Van der Ende Group | \u2705 Premium Danfoss partner | \u2705 IP66 voor extreme omstandigheden | \u2705 Compact & robuust design | Bekijk direct!","og_url":"https:\/\/www.vanderendegroup.com\/nl\/product\/danfoss-vacon-100-x\/","og_site_name":"Van der Ende Group","article_modified_time":"2026-03-20T07:47:35+00:00","og_image":[{"width":500,"height":500,"url":"https:\/\/www.vanderendegroup.com\/nl\/wp-content\/uploads\/sites\/1\/2024\/10\/Danfoss-Vacon\u00ae-100-X.png","type":"image\/png"}],"twitter_card":"summary_large_image","twitter_misc":{"Prijs":"","Beschikbaarheid":"Op voorraad"},"schema":{"@context":"https:\/\/schema.org","@graph":[{"@type":"WebPage","@id":"https:\/\/www.vanderendegroup.com\/nl\/product\/danfoss-vacon-100-x\/","url":"https:\/\/www.vanderendegroup.com\/nl\/product\/danfoss-vacon-100-x\/","name":"Danfoss Vacon\u00ae 100 X | #1 in Drives | Van der Ende Group","isPartOf":{"@id":"\/#website"},"primaryImageOfPage":{"@id":"https:\/\/www.vanderendegroup.com\/nl\/product\/danfoss-vacon-100-x\/#primaryimage"},"image":{"@id":"https:\/\/www.vanderendegroup.com\/nl\/product\/danfoss-vacon-100-x\/#primaryimage"},"thumbnailUrl":"https:\/\/www.vanderendegroup.com\/nl\/wp-content\/uploads\/sites\/1\/2024\/10\/Danfoss-Vacon\u00ae-100-X.png","datePublished":"2024-10-21T13:59:26+00:00","dateModified":"2026-03-20T07:47:35+00:00","description":"Danfoss Vacon 100 X | Van der Ende Group | \u2705 Premium Danfoss partner | \u2705 IP66 voor extreme omstandigheden | \u2705 Compact & robuust design | Bekijk direct!","breadcrumb":{"@id":"https:\/\/www.vanderendegroup.com\/nl\/product\/danfoss-vacon-100-x\/#breadcrumb"},"inLanguage":"nl-NL","potentialAction":[{"@type":"ReadAction","target":["https:\/\/www.vanderendegroup.com\/nl\/product\/danfoss-vacon-100-x\/"]}]},{"@type":"ImageObject","inLanguage":"nl-NL","@id":"https:\/\/www.vanderendegroup.com\/nl\/product\/danfoss-vacon-100-x\/#primaryimage","url":"https:\/\/www.vanderendegroup.com\/nl\/wp-content\/uploads\/sites\/1\/2024\/10\/Danfoss-Vacon\u00ae-100-X.png","contentUrl":"https:\/\/www.vanderendegroup.com\/nl\/wp-content\/uploads\/sites\/1\/2024\/10\/Danfoss-Vacon\u00ae-100-X.png","width":500,"height":500,"caption":"Danfoss Vacon\u00ae 100 X volledige serie naast elkaar van klein naar groot"},{"@type":"BreadcrumbList","@id":"https:\/\/www.vanderendegroup.com\/nl\/product\/danfoss-vacon-100-x\/#breadcrumb","itemListElement":[{"@type":"ListItem","position":1,"name":"Home","item":"https:\/\/www.vanderendegroup.com\/nl\/"},{"@type":"ListItem","position":2,"name":"Danfoss Vacon\u00ae 100 X"}]},{"@type":"WebSite","@id":"\/#website","url":"\/","name":"Van der Ende Group","description":"Innovator, producent en leverancier van technische producten","publisher":{"@id":"\/#organization"},"potentialAction":[{"@type":"SearchAction","target":{"@type":"EntryPoint","urlTemplate":"\/?s={search_term_string}"},"query-input":{"@type":"PropertyValueSpecification","valueRequired":true,"valueName":"search_term_string"}}],"inLanguage":"nl-NL"},{"@type":"Organization","@id":"\/#organization","name":"Van der Ende Group","url":"\/","logo":{"@type":"ImageObject","inLanguage":"nl-NL","@id":"\/#\/schema\/logo\/image\/","url":"https:\/\/www.vanderendegroup.com\/nl\/wp-content\/uploads\/sites\/1\/2024\/09\/favicon-500x500px.png","contentUrl":"https:\/\/www.vanderendegroup.com\/nl\/wp-content\/uploads\/sites\/1\/2024\/09\/favicon-500x500px.png","width":500,"height":500,"caption":"Van der Ende Group"},"image":{"@id":"\/#\/schema\/logo\/image\/"},"hasMerchantReturnPolicy":{"@type":"MerchantReturnPolicy","merchantReturnLink":"https:\/\/www.vanderendegroup.com\/nl\/service\/garantie-en-retour\/"}}]},"product_price_amount":"0.00","product_price_currency":"EUR","og_availability":"instock","product_availability":"instock","product_retailer_item_id":"O063","product_condition":"new"},"taxonomy_info":{"merk":[{"value":251,"label":"Danfoss"}],"sectoren":[{"value":46,"label":"(Semi) overheid"},{"value":44,"label":"Bouw \/ Aannemerij"},{"value":45,"label":"Industrie"},{"value":43,"label":"Tuinbouw"}]},"featured_image_src_large":["https:\/\/www.vanderendegroup.com\/nl\/wp-content\/uploads\/sites\/1\/2024\/10\/Danfoss-Vacon\u00ae-100-X.png",500,500,false],"author_info":[],"comment_info":"","mfb_rest_fields":["title","yoast_head","yoast_head_json","taxonomy_info","featured_image_src_large","author_info","comment_info"],"_links":{"self":[{"href":"https:\/\/www.vanderendegroup.com\/nl\/wp-json\/wp\/v2\/product\/7266","targetHints":{"allow":["GET"]}}],"collection":[{"href":"https:\/\/www.vanderendegroup.com\/nl\/wp-json\/wp\/v2\/product"}],"about":[{"href":"https:\/\/www.vanderendegroup.com\/nl\/wp-json\/wp\/v2\/types\/product"}],"wp:featuredmedia":[{"embeddable":true,"href":"https:\/\/www.vanderendegroup.com\/nl\/wp-json\/wp\/v2\/media\/7974"}],"wp:attachment":[{"href":"https:\/\/www.vanderendegroup.com\/nl\/wp-json\/wp\/v2\/media?parent=7266"}],"wp:term":[{"taxonomy":"product_brand","embeddable":true,"href":"https:\/\/www.vanderendegroup.com\/nl\/wp-json\/wp\/v2\/product_brand?post=7266"},{"taxonomy":"product_tag","embeddable":true,"href":"https:\/\/www.vanderendegroup.com\/nl\/wp-json\/wp\/v2\/product_tag?post=7266"},{"taxonomy":"aandrijving","embeddable":true,"href":"https:\/\/www.vanderendegroup.com\/nl\/wp-json\/wp\/v2\/aandrijving?post=7266"},{"taxonomy":"capaciteit","embeddable":true,"href":"https:\/\/www.vanderendegroup.com\/nl\/wp-json\/wp\/v2\/capaciteit?post=7266"},{"taxonomy":"materiaal","embeddable":true,"href":"https:\/\/www.vanderendegroup.com\/nl\/wp-json\/wp\/v2\/materiaal?post=7266"},{"taxonomy":"merk","embeddable":true,"href":"https:\/\/www.vanderendegroup.com\/nl\/wp-json\/wp\/v2\/merk?post=7266"},{"taxonomy":"opvoerhoogte","embeddable":true,"href":"https:\/\/www.vanderendegroup.com\/nl\/wp-json\/wp\/v2\/opvoerhoogte?post=7266"},{"taxonomy":"sectoren","embeddable":true,"href":"https:\/\/www.vanderendegroup.com\/nl\/wp-json\/wp\/v2\/sectoren?post=7266"}],"curies":[{"name":"wp","href":"https:\/\/api.w.org\/{rel}","templated":true}]}}