{"id":7204,"date":"2024-10-21T15:58:43","date_gmt":"2024-10-21T13:58:43","guid":{"rendered":"https:\/\/www.vanderendegroup.com\/product\/vdeg-kathari\/"},"modified":"2026-02-05T16:09:44","modified_gmt":"2026-02-05T15:09:44","slug":"kathari-ultrafiltratie","status":"publish","type":"product","link":"https:\/\/www.vanderendegroup.com\/nl\/product\/kathari-ultrafiltratie\/","title":{"rendered":"Kathari"},"content":{"rendered":"<p>Recirculatie van water is heden ten dage een vast onderdeel van het watermanagement op een tuinbouwbedrijf. Recirculatie voorkomt nodeloze verspilling van kostbare nutri\u00ebnten en water. Het hergebruik van (drain)water is niet zonder risico\u2019s. Het water dat terugkomt uit de kas kan ongewenste micro-organismen bevatten zoals virussen, bacteri\u00ebn en schimmels. Deze micro-organismen kunnen op verschillende manieren verwijderd worden. E\u00e9n van die oplossingen is de door Van der Ende Group ontwikkelde Kathari die op basis van membraamtechniek een zeer hoge verwijderingsgraad realiseert op kosteneffici\u00ebnte wijze.<\/p>\n","protected":false},"excerpt":{"rendered":"<p>De Kathari verwijdert ziekteverwekkers, zoals virussen, bacteri\u00ebn en schimmels, uit het drain-, oppervlakte- of bassinwater met het behoud van de kostbare nutri\u00ebnten, door de toepassing van ultrafiltratie. Dit gebeurt op een kosteneffici\u00ebnte manier.<\/p>\n","protected":false},"featured_media":13961,"template":"","meta":{"_acf_changed":false,"_searchwp_excluded":"","_kad_blocks_custom_css":"","_kad_blocks_head_custom_js":"","_kad_blocks_body_custom_js":"","_kad_blocks_footer_custom_js":"","editor_notices":[]},"product_brand":[],"product_tag":[],"aandrijving":[],"capaciteit":[],"materiaal":[],"merk":[241],"opvoerhoogte":[],"sectoren":[43],"class_list":{"0":"post-7204","1":"product","2":"type-product","3":"status-publish","4":"has-post-thumbnail","6":"merk-van-der-ende-group","7":"sectoren-tuinbouw","9":"first","10":"instock","11":"product-type-simple"},"acf":[],"mb":[],"yoast_head":"<!-- This site is optimized with the Yoast SEO Premium plugin v26.3 (Yoast SEO v27.2) - https:\/\/yoast.com\/product\/yoast-seo-premium-wordpress\/ -->\n<title>Kathari ultrafiltratie | #1 in Waterbehandeling | Van der Ende Group<\/title>\n<meta name=\"description\" content=\"Kathari ultrafiltratie | Van der Ende Group | \u2705 Specialist in tuinbouwwateroplossingen | \u2705 Verwijdert virussen &amp; bacteri\u00ebn | \u2705 Lage operationele kosten\" \/>\n<meta name=\"robots\" content=\"index, follow, max-snippet:-1, max-image-preview:large, max-video-preview:-1\" \/>\n<link rel=\"canonical\" href=\"https:\/\/www.vanderendegroup.com\/nl\/product\/kathari-ultrafiltratie\/\" \/>\n<meta property=\"og:locale\" content=\"nl_NL\" \/>\n<meta property=\"og:type\" content=\"article\" \/>\n<meta property=\"og:title\" content=\"Kathari\" \/>\n<meta property=\"og:description\" content=\"Kathari ultrafiltratie | Van der Ende Group | \u2705 Specialist in tuinbouwwateroplossingen | \u2705 Verwijdert virussen &amp; bacteri\u00ebn | \u2705 Lage operationele kosten\" \/>\n<meta property=\"og:url\" content=\"https:\/\/www.vanderendegroup.com\/nl\/product\/kathari-ultrafiltratie\/\" \/>\n<meta property=\"og:site_name\" content=\"Van der Ende Group\" \/>\n<meta property=\"article:modified_time\" content=\"2026-02-05T15:09:44+00:00\" \/>\n<meta property=\"og:image\" content=\"https:\/\/www.vanderendegroup.com\/nl\/wp-content\/uploads\/sites\/1\/2024\/10\/Kathari-ultrafiltratie-1.png\" \/>\n\t<meta property=\"og:image:width\" content=\"810\" \/>\n\t<meta property=\"og:image:height\" content=\"810\" \/>\n\t<meta property=\"og:image:type\" content=\"image\/png\" \/>\n<meta name=\"twitter:card\" content=\"summary_large_image\" \/>\n<meta name=\"twitter:label1\" content=\"Prijs\" \/>\n\t<meta name=\"twitter:data1\" content=\"\" \/>\n\t<meta name=\"twitter:label2\" content=\"Beschikbaarheid\" \/>\n\t<meta name=\"twitter:data2\" content=\"Op voorraad\" \/>\n<script type=\"application\/ld+json\" class=\"yoast-schema-graph\">{\"@context\":\"https:\/\/schema.org\",\"@graph\":[{\"@type\":\"WebPage\",\"@id\":\"https:\/\/www.vanderendegroup.com\/nl\/product\/kathari-ultrafiltratie\/\",\"url\":\"https:\/\/www.vanderendegroup.com\/nl\/product\/kathari-ultrafiltratie\/\",\"name\":\"Kathari ultrafiltratie | #1 in Waterbehandeling | Van der Ende Group\",\"isPartOf\":{\"@id\":\"\/#website\"},\"primaryImageOfPage\":{\"@id\":\"https:\/\/www.vanderendegroup.com\/nl\/product\/kathari-ultrafiltratie\/#primaryimage\"},\"image\":{\"@id\":\"https:\/\/www.vanderendegroup.com\/nl\/product\/kathari-ultrafiltratie\/#primaryimage\"},\"thumbnailUrl\":\"https:\/\/www.vanderendegroup.com\/nl\/wp-content\/uploads\/sites\/1\/2024\/10\/Kathari-ultrafiltratie-1.png\",\"datePublished\":\"2024-10-21T13:58:43+00:00\",\"dateModified\":\"2026-02-05T15:09:44+00:00\",\"description\":\"Kathari ultrafiltratie | Van der Ende Group | \u2705 Specialist in tuinbouwwateroplossingen | \u2705 Verwijdert virussen & bacteri\u00ebn | \u2705 Lage operationele kosten\",\"breadcrumb\":{\"@id\":\"https:\/\/www.vanderendegroup.com\/nl\/product\/kathari-ultrafiltratie\/#breadcrumb\"},\"inLanguage\":\"nl-NL\",\"potentialAction\":[{\"@type\":\"ReadAction\",\"target\":[\"https:\/\/www.vanderendegroup.com\/nl\/product\/kathari-ultrafiltratie\/\"]}]},{\"@type\":\"ImageObject\",\"inLanguage\":\"nl-NL\",\"@id\":\"https:\/\/www.vanderendegroup.com\/nl\/product\/kathari-ultrafiltratie\/#primaryimage\",\"url\":\"https:\/\/www.vanderendegroup.com\/nl\/wp-content\/uploads\/sites\/1\/2024\/10\/Kathari-ultrafiltratie-1.png\",\"contentUrl\":\"https:\/\/www.vanderendegroup.com\/nl\/wp-content\/uploads\/sites\/1\/2024\/10\/Kathari-ultrafiltratie-1.png\",\"width\":810,\"height\":810,\"caption\":\"Kathari ultrafiltratie productfoto\"},{\"@type\":\"BreadcrumbList\",\"@id\":\"https:\/\/www.vanderendegroup.com\/nl\/product\/kathari-ultrafiltratie\/#breadcrumb\",\"itemListElement\":[{\"@type\":\"ListItem\",\"position\":1,\"name\":\"Home\",\"item\":\"https:\/\/www.vanderendegroup.com\/nl\/\"},{\"@type\":\"ListItem\",\"position\":2,\"name\":\"Kathari\"}]},{\"@type\":\"WebSite\",\"@id\":\"\/#website\",\"url\":\"\/\",\"name\":\"Van der Ende Group\",\"description\":\"Innovator, producent en leverancier van technische producten\",\"publisher\":{\"@id\":\"\/#organization\"},\"potentialAction\":[{\"@type\":\"SearchAction\",\"target\":{\"@type\":\"EntryPoint\",\"urlTemplate\":\"\/?s={search_term_string}\"},\"query-input\":{\"@type\":\"PropertyValueSpecification\",\"valueRequired\":true,\"valueName\":\"search_term_string\"}}],\"inLanguage\":\"nl-NL\"},{\"@type\":\"Organization\",\"@id\":\"\/#organization\",\"name\":\"Van der Ende Group\",\"url\":\"\/\",\"logo\":{\"@type\":\"ImageObject\",\"inLanguage\":\"nl-NL\",\"@id\":\"\/#\/schema\/logo\/image\/\",\"url\":\"https:\/\/www.vanderendegroup.com\/nl\/wp-content\/uploads\/sites\/1\/2024\/09\/favicon-500x500px.png\",\"contentUrl\":\"https:\/\/www.vanderendegroup.com\/nl\/wp-content\/uploads\/sites\/1\/2024\/09\/favicon-500x500px.png\",\"width\":500,\"height\":500,\"caption\":\"Van der Ende Group\"},\"image\":{\"@id\":\"\/#\/schema\/logo\/image\/\"},\"hasMerchantReturnPolicy\":{\"@type\":\"MerchantReturnPolicy\",\"merchantReturnLink\":\"https:\/\/www.vanderendegroup.com\/nl\/service\/garantie-en-retour\/\"}}]}<\/script>\n<meta property=\"product:price:amount\" content=\"0.00\" \/>\n<meta property=\"product:price:currency\" content=\"EUR\" \/>\n<meta property=\"og:availability\" content=\"instock\" \/>\n<meta property=\"product:availability\" content=\"instock\" \/>\n<meta property=\"product:retailer_item_id\" content=\"M056\" \/>\n<meta property=\"product:condition\" content=\"new\" \/>\n<!-- \/ Yoast SEO Premium plugin. -->","yoast_head_json":{"title":"Kathari ultrafiltratie | #1 in Waterbehandeling | Van der Ende Group","description":"Kathari ultrafiltratie | Van der Ende Group | \u2705 Specialist in tuinbouwwateroplossingen | \u2705 Verwijdert virussen & bacteri\u00ebn | \u2705 Lage operationele kosten","robots":{"index":"index","follow":"follow","max-snippet":"max-snippet:-1","max-image-preview":"max-image-preview:large","max-video-preview":"max-video-preview:-1"},"canonical":"https:\/\/www.vanderendegroup.com\/nl\/product\/kathari-ultrafiltratie\/","og_locale":"nl_NL","og_type":"article","og_title":"Kathari","og_description":"Kathari ultrafiltratie | Van der Ende Group | \u2705 Specialist in tuinbouwwateroplossingen | \u2705 Verwijdert virussen & bacteri\u00ebn | \u2705 Lage operationele kosten","og_url":"https:\/\/www.vanderendegroup.com\/nl\/product\/kathari-ultrafiltratie\/","og_site_name":"Van der Ende Group","article_modified_time":"2026-02-05T15:09:44+00:00","og_image":[{"width":810,"height":810,"url":"https:\/\/www.vanderendegroup.com\/nl\/wp-content\/uploads\/sites\/1\/2024\/10\/Kathari-ultrafiltratie-1.png","type":"image\/png"}],"twitter_card":"summary_large_image","twitter_misc":{"Prijs":"","Beschikbaarheid":"Op voorraad"},"schema":{"@context":"https:\/\/schema.org","@graph":[{"@type":"WebPage","@id":"https:\/\/www.vanderendegroup.com\/nl\/product\/kathari-ultrafiltratie\/","url":"https:\/\/www.vanderendegroup.com\/nl\/product\/kathari-ultrafiltratie\/","name":"Kathari ultrafiltratie | #1 in Waterbehandeling | Van der Ende Group","isPartOf":{"@id":"\/#website"},"primaryImageOfPage":{"@id":"https:\/\/www.vanderendegroup.com\/nl\/product\/kathari-ultrafiltratie\/#primaryimage"},"image":{"@id":"https:\/\/www.vanderendegroup.com\/nl\/product\/kathari-ultrafiltratie\/#primaryimage"},"thumbnailUrl":"https:\/\/www.vanderendegroup.com\/nl\/wp-content\/uploads\/sites\/1\/2024\/10\/Kathari-ultrafiltratie-1.png","datePublished":"2024-10-21T13:58:43+00:00","dateModified":"2026-02-05T15:09:44+00:00","description":"Kathari ultrafiltratie | Van der Ende Group | \u2705 Specialist in tuinbouwwateroplossingen | \u2705 Verwijdert virussen & bacteri\u00ebn | \u2705 Lage operationele kosten","breadcrumb":{"@id":"https:\/\/www.vanderendegroup.com\/nl\/product\/kathari-ultrafiltratie\/#breadcrumb"},"inLanguage":"nl-NL","potentialAction":[{"@type":"ReadAction","target":["https:\/\/www.vanderendegroup.com\/nl\/product\/kathari-ultrafiltratie\/"]}]},{"@type":"ImageObject","inLanguage":"nl-NL","@id":"https:\/\/www.vanderendegroup.com\/nl\/product\/kathari-ultrafiltratie\/#primaryimage","url":"https:\/\/www.vanderendegroup.com\/nl\/wp-content\/uploads\/sites\/1\/2024\/10\/Kathari-ultrafiltratie-1.png","contentUrl":"https:\/\/www.vanderendegroup.com\/nl\/wp-content\/uploads\/sites\/1\/2024\/10\/Kathari-ultrafiltratie-1.png","width":810,"height":810,"caption":"Kathari ultrafiltratie productfoto"},{"@type":"BreadcrumbList","@id":"https:\/\/www.vanderendegroup.com\/nl\/product\/kathari-ultrafiltratie\/#breadcrumb","itemListElement":[{"@type":"ListItem","position":1,"name":"Home","item":"https:\/\/www.vanderendegroup.com\/nl\/"},{"@type":"ListItem","position":2,"name":"Kathari"}]},{"@type":"WebSite","@id":"\/#website","url":"\/","name":"Van der Ende Group","description":"Innovator, producent en leverancier van technische producten","publisher":{"@id":"\/#organization"},"potentialAction":[{"@type":"SearchAction","target":{"@type":"EntryPoint","urlTemplate":"\/?s={search_term_string}"},"query-input":{"@type":"PropertyValueSpecification","valueRequired":true,"valueName":"search_term_string"}}],"inLanguage":"nl-NL"},{"@type":"Organization","@id":"\/#organization","name":"Van der Ende Group","url":"\/","logo":{"@type":"ImageObject","inLanguage":"nl-NL","@id":"\/#\/schema\/logo\/image\/","url":"https:\/\/www.vanderendegroup.com\/nl\/wp-content\/uploads\/sites\/1\/2024\/09\/favicon-500x500px.png","contentUrl":"https:\/\/www.vanderendegroup.com\/nl\/wp-content\/uploads\/sites\/1\/2024\/09\/favicon-500x500px.png","width":500,"height":500,"caption":"Van der Ende Group"},"image":{"@id":"\/#\/schema\/logo\/image\/"},"hasMerchantReturnPolicy":{"@type":"MerchantReturnPolicy","merchantReturnLink":"https:\/\/www.vanderendegroup.com\/nl\/service\/garantie-en-retour\/"}}]},"product_price_amount":"0.00","product_price_currency":"EUR","og_availability":"instock","product_availability":"instock","product_retailer_item_id":"M056","product_condition":"new"},"taxonomy_info":{"merk":[{"value":241,"label":"Van der Ende Group"}],"sectoren":[{"value":43,"label":"Tuinbouw"}]},"featured_image_src_large":["https:\/\/www.vanderendegroup.com\/nl\/wp-content\/uploads\/sites\/1\/2024\/10\/Kathari-ultrafiltratie-1.png",810,810,false],"author_info":[],"comment_info":"","mfb_rest_fields":["title","yoast_head","yoast_head_json","taxonomy_info","featured_image_src_large","author_info","comment_info"],"_links":{"self":[{"href":"https:\/\/www.vanderendegroup.com\/nl\/wp-json\/wp\/v2\/product\/7204","targetHints":{"allow":["GET"]}}],"collection":[{"href":"https:\/\/www.vanderendegroup.com\/nl\/wp-json\/wp\/v2\/product"}],"about":[{"href":"https:\/\/www.vanderendegroup.com\/nl\/wp-json\/wp\/v2\/types\/product"}],"wp:featuredmedia":[{"embeddable":true,"href":"https:\/\/www.vanderendegroup.com\/nl\/wp-json\/wp\/v2\/media\/13961"}],"wp:attachment":[{"href":"https:\/\/www.vanderendegroup.com\/nl\/wp-json\/wp\/v2\/media?parent=7204"}],"wp:term":[{"taxonomy":"product_brand","embeddable":true,"href":"https:\/\/www.vanderendegroup.com\/nl\/wp-json\/wp\/v2\/product_brand?post=7204"},{"taxonomy":"product_tag","embeddable":true,"href":"https:\/\/www.vanderendegroup.com\/nl\/wp-json\/wp\/v2\/product_tag?post=7204"},{"taxonomy":"aandrijving","embeddable":true,"href":"https:\/\/www.vanderendegroup.com\/nl\/wp-json\/wp\/v2\/aandrijving?post=7204"},{"taxonomy":"capaciteit","embeddable":true,"href":"https:\/\/www.vanderendegroup.com\/nl\/wp-json\/wp\/v2\/capaciteit?post=7204"},{"taxonomy":"materiaal","embeddable":true,"href":"https:\/\/www.vanderendegroup.com\/nl\/wp-json\/wp\/v2\/materiaal?post=7204"},{"taxonomy":"merk","embeddable":true,"href":"https:\/\/www.vanderendegroup.com\/nl\/wp-json\/wp\/v2\/merk?post=7204"},{"taxonomy":"opvoerhoogte","embeddable":true,"href":"https:\/\/www.vanderendegroup.com\/nl\/wp-json\/wp\/v2\/opvoerhoogte?post=7204"},{"taxonomy":"sectoren","embeddable":true,"href":"https:\/\/www.vanderendegroup.com\/nl\/wp-json\/wp\/v2\/sectoren?post=7204"}],"curies":[{"name":"wp","href":"https:\/\/api.w.org\/{rel}","templated":true}]}}