{"id":7194,"date":"2024-10-21T15:58:28","date_gmt":"2024-10-21T13:58:28","guid":{"rendered":"https:\/\/www.vanderendegroup.com\/product\/lns-quick-load-servo-105\/"},"modified":"2025-10-15T14:48:05","modified_gmt":"2025-10-15T12:48:05","slug":"lns-quick-load-servo-105","status":"publish","type":"product","link":"https:\/\/www.vanderendegroup.com\/nl\/product\/lns-quick-load-servo-105\/","title":{"rendered":"LNS Quick Load Servo 105"},"content":{"rendered":"<p>De <a href=\"https:\/\/www.vanderendegroup.com\/nl\/merken\/lns\/\">LNS<\/a> Quick Load Servo 105 is ontworpen met als doelstelling om razendsnel en betrouwbaar te werken, zodat een maximale productiviteit behaald zal worden. De QLS 105 is de opvolger van de LNS Quick Load Servo 80 S2 (QLS 80 S2), welke niet meer verkrijgbaar is.<\/p>\n<p>&nbsp;<\/p>\n<p>Een 650 mm diepe laadtafel biedt plaats aan 108 staven van \u00f8 6 m, 8 staven van \u00f8 80 mm of 6 staven \u00f8 100 mm. De basisuitvoering kan daarnaast voorzien worden van een extra stevige laadtafel (standaard max. toelaatbaar gewicht 440 kg vs. max. 650 kg) of uitgebreid worden met een lift om het laden per heftruck of hijskraan te vergemakkelijken.<\/p>\n<p>&nbsp;<\/p>\n<p>De QLS 105 bar feeder is standaard 1,6 m lang, maar is ook beschikbaar in een 2 m versie inclusief een langere pusher voor het geval de stafaanvoer te ver van de spindel staat.<\/p>\n","protected":false},"excerpt":{"rendered":"<p>De LNS Quick Load Servo 105 is een veelzijdige, compacte en volautomatische stafaanvoer, geschikt voor een stafdiameter van 6 tot 105 mm en een staflengte van 300 tot 1600 mm. Deze stafaanvoer wordt gebruikt op draaibanken met vaste kop en kan in recordtijd talloze handelingen uitvoeren. Omstellen gebeurt binnen 15 seconden en aan de hand van data invoer wordt de aanvoer automatisch op hoogte gesteld.<\/p>\n","protected":false},"featured_media":8417,"template":"","meta":{"_acf_changed":false,"_searchwp_excluded":"","_kad_blocks_custom_css":"","_kad_blocks_head_custom_js":"","_kad_blocks_body_custom_js":"","_kad_blocks_footer_custom_js":"","editor_notices":[]},"product_brand":[],"product_tag":[],"aandrijving":[],"capaciteit":[],"materiaal":[],"merk":[263],"opvoerhoogte":[],"sectoren":[45],"class_list":{"0":"post-7194","1":"product","2":"type-product","3":"status-publish","4":"has-post-thumbnail","6":"merk-lns","7":"sectoren-industrie","9":"first","10":"instock","11":"product-type-simple"},"acf":[],"mb":[],"yoast_head":"<!-- This site is optimized with the Yoast SEO Premium plugin v26.3 (Yoast SEO v27.2) - https:\/\/yoast.com\/product\/yoast-seo-premium-wordpress\/ -->\n<title>LNS Quick Load Servo 105 | Officieel dealer | Van der Ende Group<\/title>\n<meta name=\"description\" content=\"LNS Quick Load Servo 105 kopen? | Van der Ende Group | \u2705 Compact &amp; volautomatisch | \u2705 \u00d86\u2013105 mm stafaanvoer | \u2705 Hoge precisie &amp; productiviteit | Bekijk nu!\" \/>\n<meta name=\"robots\" content=\"index, follow, max-snippet:-1, max-image-preview:large, max-video-preview:-1\" \/>\n<link rel=\"canonical\" href=\"https:\/\/www.vanderendegroup.com\/nl\/product\/lns-quick-load-servo-105\/\" \/>\n<meta property=\"og:locale\" content=\"nl_NL\" \/>\n<meta property=\"og:type\" content=\"article\" \/>\n<meta property=\"og:title\" content=\"LNS Quick Load Servo 105\" \/>\n<meta property=\"og:description\" content=\"LNS Quick Load Servo 105 kopen? | Van der Ende Group | \u2705 Compact &amp; volautomatisch | \u2705 \u00d86\u2013105 mm stafaanvoer | \u2705 Hoge precisie &amp; productiviteit | Bekijk nu!\" \/>\n<meta property=\"og:url\" content=\"https:\/\/www.vanderendegroup.com\/nl\/product\/lns-quick-load-servo-105\/\" \/>\n<meta property=\"og:site_name\" content=\"Van der Ende Group\" \/>\n<meta property=\"article:modified_time\" content=\"2025-10-15T12:48:05+00:00\" \/>\n<meta property=\"og:image\" content=\"https:\/\/www.vanderendegroup.com\/nl\/wp-content\/uploads\/sites\/1\/2024\/10\/LNS-Quick-Load-Servo-105.png\" \/>\n\t<meta property=\"og:image:width\" content=\"500\" \/>\n\t<meta property=\"og:image:height\" content=\"500\" \/>\n\t<meta property=\"og:image:type\" content=\"image\/png\" \/>\n<meta name=\"twitter:card\" content=\"summary_large_image\" \/>\n<meta name=\"twitter:label1\" content=\"Prijs\" \/>\n\t<meta name=\"twitter:data1\" content=\"\" \/>\n\t<meta name=\"twitter:label2\" content=\"Beschikbaarheid\" \/>\n\t<meta name=\"twitter:data2\" content=\"Op voorraad\" \/>\n<script type=\"application\/ld+json\" class=\"yoast-schema-graph\">{\"@context\":\"https:\/\/schema.org\",\"@graph\":[{\"@type\":\"WebPage\",\"@id\":\"https:\/\/www.vanderendegroup.com\/nl\/product\/lns-quick-load-servo-105\/\",\"url\":\"https:\/\/www.vanderendegroup.com\/nl\/product\/lns-quick-load-servo-105\/\",\"name\":\"LNS Quick Load Servo 105 | Officieel dealer | Van der Ende Group\",\"isPartOf\":{\"@id\":\"\/#website\"},\"primaryImageOfPage\":{\"@id\":\"https:\/\/www.vanderendegroup.com\/nl\/product\/lns-quick-load-servo-105\/#primaryimage\"},\"image\":{\"@id\":\"https:\/\/www.vanderendegroup.com\/nl\/product\/lns-quick-load-servo-105\/#primaryimage\"},\"thumbnailUrl\":\"https:\/\/www.vanderendegroup.com\/nl\/wp-content\/uploads\/sites\/1\/2024\/10\/LNS-Quick-Load-Servo-105.png\",\"datePublished\":\"2024-10-21T13:58:28+00:00\",\"dateModified\":\"2025-10-15T12:48:05+00:00\",\"description\":\"LNS Quick Load Servo 105 kopen? | Van der Ende Group | \u2705 Compact & volautomatisch | \u2705 \u00d86\u2013105 mm stafaanvoer | \u2705 Hoge precisie & productiviteit | Bekijk nu!\",\"breadcrumb\":{\"@id\":\"https:\/\/www.vanderendegroup.com\/nl\/product\/lns-quick-load-servo-105\/#breadcrumb\"},\"inLanguage\":\"nl-NL\",\"potentialAction\":[{\"@type\":\"ReadAction\",\"target\":[\"https:\/\/www.vanderendegroup.com\/nl\/product\/lns-quick-load-servo-105\/\"]}]},{\"@type\":\"ImageObject\",\"inLanguage\":\"nl-NL\",\"@id\":\"https:\/\/www.vanderendegroup.com\/nl\/product\/lns-quick-load-servo-105\/#primaryimage\",\"url\":\"https:\/\/www.vanderendegroup.com\/nl\/wp-content\/uploads\/sites\/1\/2024\/10\/LNS-Quick-Load-Servo-105.png\",\"contentUrl\":\"https:\/\/www.vanderendegroup.com\/nl\/wp-content\/uploads\/sites\/1\/2024\/10\/LNS-Quick-Load-Servo-105.png\",\"width\":500,\"height\":500,\"caption\":\"LNS Quick Load Servo 105 korte stafaanvoer 6 - 105 mm\"},{\"@type\":\"BreadcrumbList\",\"@id\":\"https:\/\/www.vanderendegroup.com\/nl\/product\/lns-quick-load-servo-105\/#breadcrumb\",\"itemListElement\":[{\"@type\":\"ListItem\",\"position\":1,\"name\":\"Home\",\"item\":\"https:\/\/www.vanderendegroup.com\/nl\/\"},{\"@type\":\"ListItem\",\"position\":2,\"name\":\"LNS Quick Load Servo 105\"}]},{\"@type\":\"WebSite\",\"@id\":\"\/#website\",\"url\":\"\/\",\"name\":\"Van der Ende Group\",\"description\":\"Innovator, producent en leverancier van technische producten\",\"publisher\":{\"@id\":\"\/#organization\"},\"potentialAction\":[{\"@type\":\"SearchAction\",\"target\":{\"@type\":\"EntryPoint\",\"urlTemplate\":\"\/?s={search_term_string}\"},\"query-input\":{\"@type\":\"PropertyValueSpecification\",\"valueRequired\":true,\"valueName\":\"search_term_string\"}}],\"inLanguage\":\"nl-NL\"},{\"@type\":\"Organization\",\"@id\":\"\/#organization\",\"name\":\"Van der Ende Group\",\"url\":\"\/\",\"logo\":{\"@type\":\"ImageObject\",\"inLanguage\":\"nl-NL\",\"@id\":\"\/#\/schema\/logo\/image\/\",\"url\":\"https:\/\/www.vanderendegroup.com\/nl\/wp-content\/uploads\/sites\/1\/2024\/09\/favicon-500x500px.png\",\"contentUrl\":\"https:\/\/www.vanderendegroup.com\/nl\/wp-content\/uploads\/sites\/1\/2024\/09\/favicon-500x500px.png\",\"width\":500,\"height\":500,\"caption\":\"Van der Ende Group\"},\"image\":{\"@id\":\"\/#\/schema\/logo\/image\/\"},\"hasMerchantReturnPolicy\":{\"@type\":\"MerchantReturnPolicy\",\"merchantReturnLink\":\"https:\/\/www.vanderendegroup.com\/nl\/service\/garantie-en-retour\/\"}}]}<\/script>\n<meta property=\"product:price:amount\" content=\"0.00\" \/>\n<meta property=\"product:price:currency\" content=\"EUR\" \/>\n<meta property=\"og:availability\" content=\"instock\" \/>\n<meta property=\"product:availability\" content=\"instock\" \/>\n<meta property=\"product:retailer_item_id\" content=\"M043\" \/>\n<meta property=\"product:condition\" content=\"new\" \/>\n<!-- \/ Yoast SEO Premium plugin. -->","yoast_head_json":{"title":"LNS Quick Load Servo 105 | Officieel dealer | Van der Ende Group","description":"LNS Quick Load Servo 105 kopen? | Van der Ende Group | \u2705 Compact & volautomatisch | \u2705 \u00d86\u2013105 mm stafaanvoer | \u2705 Hoge precisie & productiviteit | Bekijk nu!","robots":{"index":"index","follow":"follow","max-snippet":"max-snippet:-1","max-image-preview":"max-image-preview:large","max-video-preview":"max-video-preview:-1"},"canonical":"https:\/\/www.vanderendegroup.com\/nl\/product\/lns-quick-load-servo-105\/","og_locale":"nl_NL","og_type":"article","og_title":"LNS Quick Load Servo 105","og_description":"LNS Quick Load Servo 105 kopen? | Van der Ende Group | \u2705 Compact & volautomatisch | \u2705 \u00d86\u2013105 mm stafaanvoer | \u2705 Hoge precisie & productiviteit | Bekijk nu!","og_url":"https:\/\/www.vanderendegroup.com\/nl\/product\/lns-quick-load-servo-105\/","og_site_name":"Van der Ende Group","article_modified_time":"2025-10-15T12:48:05+00:00","og_image":[{"width":500,"height":500,"url":"https:\/\/www.vanderendegroup.com\/nl\/wp-content\/uploads\/sites\/1\/2024\/10\/LNS-Quick-Load-Servo-105.png","type":"image\/png"}],"twitter_card":"summary_large_image","twitter_misc":{"Prijs":"","Beschikbaarheid":"Op voorraad"},"schema":{"@context":"https:\/\/schema.org","@graph":[{"@type":"WebPage","@id":"https:\/\/www.vanderendegroup.com\/nl\/product\/lns-quick-load-servo-105\/","url":"https:\/\/www.vanderendegroup.com\/nl\/product\/lns-quick-load-servo-105\/","name":"LNS Quick Load Servo 105 | Officieel dealer | Van der Ende Group","isPartOf":{"@id":"\/#website"},"primaryImageOfPage":{"@id":"https:\/\/www.vanderendegroup.com\/nl\/product\/lns-quick-load-servo-105\/#primaryimage"},"image":{"@id":"https:\/\/www.vanderendegroup.com\/nl\/product\/lns-quick-load-servo-105\/#primaryimage"},"thumbnailUrl":"https:\/\/www.vanderendegroup.com\/nl\/wp-content\/uploads\/sites\/1\/2024\/10\/LNS-Quick-Load-Servo-105.png","datePublished":"2024-10-21T13:58:28+00:00","dateModified":"2025-10-15T12:48:05+00:00","description":"LNS Quick Load Servo 105 kopen? | Van der Ende Group | \u2705 Compact & volautomatisch | \u2705 \u00d86\u2013105 mm stafaanvoer | \u2705 Hoge precisie & productiviteit | Bekijk nu!","breadcrumb":{"@id":"https:\/\/www.vanderendegroup.com\/nl\/product\/lns-quick-load-servo-105\/#breadcrumb"},"inLanguage":"nl-NL","potentialAction":[{"@type":"ReadAction","target":["https:\/\/www.vanderendegroup.com\/nl\/product\/lns-quick-load-servo-105\/"]}]},{"@type":"ImageObject","inLanguage":"nl-NL","@id":"https:\/\/www.vanderendegroup.com\/nl\/product\/lns-quick-load-servo-105\/#primaryimage","url":"https:\/\/www.vanderendegroup.com\/nl\/wp-content\/uploads\/sites\/1\/2024\/10\/LNS-Quick-Load-Servo-105.png","contentUrl":"https:\/\/www.vanderendegroup.com\/nl\/wp-content\/uploads\/sites\/1\/2024\/10\/LNS-Quick-Load-Servo-105.png","width":500,"height":500,"caption":"LNS Quick Load Servo 105 korte stafaanvoer 6 - 105 mm"},{"@type":"BreadcrumbList","@id":"https:\/\/www.vanderendegroup.com\/nl\/product\/lns-quick-load-servo-105\/#breadcrumb","itemListElement":[{"@type":"ListItem","position":1,"name":"Home","item":"https:\/\/www.vanderendegroup.com\/nl\/"},{"@type":"ListItem","position":2,"name":"LNS Quick Load Servo 105"}]},{"@type":"WebSite","@id":"\/#website","url":"\/","name":"Van der Ende Group","description":"Innovator, producent en leverancier van technische producten","publisher":{"@id":"\/#organization"},"potentialAction":[{"@type":"SearchAction","target":{"@type":"EntryPoint","urlTemplate":"\/?s={search_term_string}"},"query-input":{"@type":"PropertyValueSpecification","valueRequired":true,"valueName":"search_term_string"}}],"inLanguage":"nl-NL"},{"@type":"Organization","@id":"\/#organization","name":"Van der Ende Group","url":"\/","logo":{"@type":"ImageObject","inLanguage":"nl-NL","@id":"\/#\/schema\/logo\/image\/","url":"https:\/\/www.vanderendegroup.com\/nl\/wp-content\/uploads\/sites\/1\/2024\/09\/favicon-500x500px.png","contentUrl":"https:\/\/www.vanderendegroup.com\/nl\/wp-content\/uploads\/sites\/1\/2024\/09\/favicon-500x500px.png","width":500,"height":500,"caption":"Van der Ende Group"},"image":{"@id":"\/#\/schema\/logo\/image\/"},"hasMerchantReturnPolicy":{"@type":"MerchantReturnPolicy","merchantReturnLink":"https:\/\/www.vanderendegroup.com\/nl\/service\/garantie-en-retour\/"}}]},"product_price_amount":"0.00","product_price_currency":"EUR","og_availability":"instock","product_availability":"instock","product_retailer_item_id":"M043","product_condition":"new"},"taxonomy_info":{"merk":[{"value":263,"label":"LNS"}],"sectoren":[{"value":45,"label":"Industrie"}]},"featured_image_src_large":["https:\/\/www.vanderendegroup.com\/nl\/wp-content\/uploads\/sites\/1\/2024\/10\/LNS-Quick-Load-Servo-105.png",500,500,false],"author_info":[],"comment_info":"","mfb_rest_fields":["title","yoast_head","yoast_head_json","taxonomy_info","featured_image_src_large","author_info","comment_info"],"_links":{"self":[{"href":"https:\/\/www.vanderendegroup.com\/nl\/wp-json\/wp\/v2\/product\/7194","targetHints":{"allow":["GET"]}}],"collection":[{"href":"https:\/\/www.vanderendegroup.com\/nl\/wp-json\/wp\/v2\/product"}],"about":[{"href":"https:\/\/www.vanderendegroup.com\/nl\/wp-json\/wp\/v2\/types\/product"}],"wp:featuredmedia":[{"embeddable":true,"href":"https:\/\/www.vanderendegroup.com\/nl\/wp-json\/wp\/v2\/media\/8417"}],"wp:attachment":[{"href":"https:\/\/www.vanderendegroup.com\/nl\/wp-json\/wp\/v2\/media?parent=7194"}],"wp:term":[{"taxonomy":"product_brand","embeddable":true,"href":"https:\/\/www.vanderendegroup.com\/nl\/wp-json\/wp\/v2\/product_brand?post=7194"},{"taxonomy":"product_tag","embeddable":true,"href":"https:\/\/www.vanderendegroup.com\/nl\/wp-json\/wp\/v2\/product_tag?post=7194"},{"taxonomy":"aandrijving","embeddable":true,"href":"https:\/\/www.vanderendegroup.com\/nl\/wp-json\/wp\/v2\/aandrijving?post=7194"},{"taxonomy":"capaciteit","embeddable":true,"href":"https:\/\/www.vanderendegroup.com\/nl\/wp-json\/wp\/v2\/capaciteit?post=7194"},{"taxonomy":"materiaal","embeddable":true,"href":"https:\/\/www.vanderendegroup.com\/nl\/wp-json\/wp\/v2\/materiaal?post=7194"},{"taxonomy":"merk","embeddable":true,"href":"https:\/\/www.vanderendegroup.com\/nl\/wp-json\/wp\/v2\/merk?post=7194"},{"taxonomy":"opvoerhoogte","embeddable":true,"href":"https:\/\/www.vanderendegroup.com\/nl\/wp-json\/wp\/v2\/opvoerhoogte?post=7194"},{"taxonomy":"sectoren","embeddable":true,"href":"https:\/\/www.vanderendegroup.com\/nl\/wp-json\/wp\/v2\/sectoren?post=7194"}],"curies":[{"name":"wp","href":"https:\/\/api.w.org\/{rel}","templated":true}]}}