{"id":7154,"date":"2024-10-21T15:57:54","date_gmt":"2024-10-21T13:57:54","guid":{"rendered":"https:\/\/www.vanderendegroup.com\/product\/bandskimmer\/"},"modified":"2025-10-18T09:37:42","modified_gmt":"2025-10-18T07:37:42","slug":"bandskimmer","status":"publish","type":"product","link":"https:\/\/www.vanderendegroup.com\/nl\/product\/bandskimmer\/","title":{"rendered":"Bandskimmer"},"content":{"rendered":"<p>Door het verwijderen van deze oli\u00ebn wordt de standtijd en stabiliteit van de koelsmeermiddelen verbeterd en wordt bacterievorming, afzetting en olienevelvorming voorkomen. Van der Ende Group heeft een speciaal geselecteerde productlijn voor de industrie.<\/p>\n<p>Er zijn twee typen bandskimmers: de F-serie en de S-serie. De F-serie wordt direct op het machinereservoir gemonteerd en is leverbaar in aluminium. De S-serie beschikt over een instelbare timerfunctie en is leverbaar in staal of rvs. Hierdoor is de S-serie breed toepasbaar, zoals bijvoorbeeld in wasbaden met hogere temperaturen<\/p>\n","protected":false},"excerpt":{"rendered":"<p>De bandskimmer is ontwikkeld voor het verwijderen van opdrijvende (vreemd)oli\u00ebn in reservoirs voor industri\u00eble koelsmeermiddelen en wasvloeistoffen. De bandskimmer verwijdert deze oli\u00ebn met behulp van een speciale band.<\/p>\n","protected":false},"featured_media":7923,"template":"","meta":{"_acf_changed":false,"_searchwp_excluded":"","_kad_blocks_custom_css":"","_kad_blocks_head_custom_js":"","_kad_blocks_body_custom_js":"","_kad_blocks_footer_custom_js":"","editor_notices":[]},"product_brand":[],"product_tag":[],"aandrijving":[],"capaciteit":[],"materiaal":[],"merk":[],"opvoerhoogte":[],"sectoren":[45],"class_list":{"0":"post-7154","1":"product","2":"type-product","3":"status-publish","4":"has-post-thumbnail","6":"sectoren-industrie","8":"first","9":"instock","10":"product-type-simple"},"acf":[],"mb":[],"yoast_head":"<!-- This site is optimized with the Yoast SEO Premium plugin v26.3 (Yoast SEO v27.2) - https:\/\/yoast.com\/product\/yoast-seo-premium-wordpress\/ -->\n<title>Bandskimmer | #1 in Vloeistoffiltratie | Van der Ende Group<\/title>\n<meta name=\"description\" content=\"Bandskimmer | Van der Ende Group | \u2705 Verwijdert (vreemde) oli\u00ebn | \u2705 Verbetert vloeistofkwaliteit | \u2705 Geschikt voor hoge temp. | Bekijk de website!\" \/>\n<meta name=\"robots\" content=\"index, follow, max-snippet:-1, max-image-preview:large, max-video-preview:-1\" \/>\n<link rel=\"canonical\" href=\"https:\/\/www.vanderendegroup.com\/nl\/product\/bandskimmer\/\" \/>\n<meta property=\"og:locale\" content=\"nl_NL\" \/>\n<meta property=\"og:type\" content=\"article\" \/>\n<meta property=\"og:title\" content=\"Bandskimmer\" \/>\n<meta property=\"og:description\" content=\"Bandskimmer | Van der Ende Group | \u2705 Verwijdert (vreemde) oli\u00ebn | \u2705 Verbetert vloeistofkwaliteit | \u2705 Geschikt voor hoge temp. | Bekijk de website!\" \/>\n<meta property=\"og:url\" content=\"https:\/\/www.vanderendegroup.com\/nl\/product\/bandskimmer\/\" \/>\n<meta property=\"og:site_name\" content=\"Van der Ende Group\" \/>\n<meta property=\"article:modified_time\" content=\"2025-10-18T07:37:42+00:00\" \/>\n<meta property=\"og:image\" content=\"https:\/\/www.vanderendegroup.com\/nl\/wp-content\/uploads\/sites\/1\/2024\/10\/Bandskimmer.png\" \/>\n\t<meta property=\"og:image:width\" content=\"500\" \/>\n\t<meta property=\"og:image:height\" content=\"500\" \/>\n\t<meta property=\"og:image:type\" content=\"image\/png\" \/>\n<meta name=\"twitter:card\" content=\"summary_large_image\" \/>\n<meta name=\"twitter:label1\" content=\"Prijs\" \/>\n\t<meta name=\"twitter:data1\" content=\"\" \/>\n\t<meta name=\"twitter:label2\" content=\"Beschikbaarheid\" \/>\n\t<meta name=\"twitter:data2\" content=\"Op voorraad\" \/>\n<script type=\"application\/ld+json\" class=\"yoast-schema-graph\">{\"@context\":\"https:\/\/schema.org\",\"@graph\":[{\"@type\":\"WebPage\",\"@id\":\"https:\/\/www.vanderendegroup.com\/nl\/product\/bandskimmer\/\",\"url\":\"https:\/\/www.vanderendegroup.com\/nl\/product\/bandskimmer\/\",\"name\":\"Bandskimmer | #1 in Vloeistoffiltratie | Van der Ende Group\",\"isPartOf\":{\"@id\":\"\/#website\"},\"primaryImageOfPage\":{\"@id\":\"https:\/\/www.vanderendegroup.com\/nl\/product\/bandskimmer\/#primaryimage\"},\"image\":{\"@id\":\"https:\/\/www.vanderendegroup.com\/nl\/product\/bandskimmer\/#primaryimage\"},\"thumbnailUrl\":\"https:\/\/www.vanderendegroup.com\/nl\/wp-content\/uploads\/sites\/1\/2024\/10\/Bandskimmer.png\",\"datePublished\":\"2024-10-21T13:57:54+00:00\",\"dateModified\":\"2025-10-18T07:37:42+00:00\",\"description\":\"Bandskimmer | Van der Ende Group | \u2705 Verwijdert (vreemde) oli\u00ebn | \u2705 Verbetert vloeistofkwaliteit | \u2705 Geschikt voor hoge temp. | Bekijk de website!\",\"breadcrumb\":{\"@id\":\"https:\/\/www.vanderendegroup.com\/nl\/product\/bandskimmer\/#breadcrumb\"},\"inLanguage\":\"nl-NL\",\"potentialAction\":[{\"@type\":\"ReadAction\",\"target\":[\"https:\/\/www.vanderendegroup.com\/nl\/product\/bandskimmer\/\"]}]},{\"@type\":\"ImageObject\",\"inLanguage\":\"nl-NL\",\"@id\":\"https:\/\/www.vanderendegroup.com\/nl\/product\/bandskimmer\/#primaryimage\",\"url\":\"https:\/\/www.vanderendegroup.com\/nl\/wp-content\/uploads\/sites\/1\/2024\/10\/Bandskimmer.png\",\"contentUrl\":\"https:\/\/www.vanderendegroup.com\/nl\/wp-content\/uploads\/sites\/1\/2024\/10\/Bandskimmer.png\",\"width\":500,\"height\":500,\"caption\":\"M002 Bandskimmer\"},{\"@type\":\"BreadcrumbList\",\"@id\":\"https:\/\/www.vanderendegroup.com\/nl\/product\/bandskimmer\/#breadcrumb\",\"itemListElement\":[{\"@type\":\"ListItem\",\"position\":1,\"name\":\"Home\",\"item\":\"https:\/\/www.vanderendegroup.com\/nl\/\"},{\"@type\":\"ListItem\",\"position\":2,\"name\":\"Bandskimmer\"}]},{\"@type\":\"WebSite\",\"@id\":\"\/#website\",\"url\":\"\/\",\"name\":\"Van der Ende Group\",\"description\":\"Innovator, producent en leverancier van technische producten\",\"publisher\":{\"@id\":\"\/#organization\"},\"potentialAction\":[{\"@type\":\"SearchAction\",\"target\":{\"@type\":\"EntryPoint\",\"urlTemplate\":\"\/?s={search_term_string}\"},\"query-input\":{\"@type\":\"PropertyValueSpecification\",\"valueRequired\":true,\"valueName\":\"search_term_string\"}}],\"inLanguage\":\"nl-NL\"},{\"@type\":\"Organization\",\"@id\":\"\/#organization\",\"name\":\"Van der Ende Group\",\"url\":\"\/\",\"logo\":{\"@type\":\"ImageObject\",\"inLanguage\":\"nl-NL\",\"@id\":\"\/#\/schema\/logo\/image\/\",\"url\":\"https:\/\/www.vanderendegroup.com\/nl\/wp-content\/uploads\/sites\/1\/2024\/09\/favicon-500x500px.png\",\"contentUrl\":\"https:\/\/www.vanderendegroup.com\/nl\/wp-content\/uploads\/sites\/1\/2024\/09\/favicon-500x500px.png\",\"width\":500,\"height\":500,\"caption\":\"Van der Ende Group\"},\"image\":{\"@id\":\"\/#\/schema\/logo\/image\/\"},\"hasMerchantReturnPolicy\":{\"@type\":\"MerchantReturnPolicy\",\"merchantReturnLink\":\"https:\/\/www.vanderendegroup.com\/nl\/service\/garantie-en-retour\/\"}}]}<\/script>\n<meta property=\"product:price:amount\" content=\"0.00\" \/>\n<meta property=\"product:price:currency\" content=\"EUR\" \/>\n<meta property=\"og:availability\" content=\"instock\" \/>\n<meta property=\"product:availability\" content=\"instock\" \/>\n<meta property=\"product:retailer_item_id\" content=\"M002\" \/>\n<meta property=\"product:condition\" content=\"new\" \/>\n<!-- \/ Yoast SEO Premium plugin. -->","yoast_head_json":{"title":"Bandskimmer | #1 in Vloeistoffiltratie | Van der Ende Group","description":"Bandskimmer | Van der Ende Group | \u2705 Verwijdert (vreemde) oli\u00ebn | \u2705 Verbetert vloeistofkwaliteit | \u2705 Geschikt voor hoge temp. | Bekijk de website!","robots":{"index":"index","follow":"follow","max-snippet":"max-snippet:-1","max-image-preview":"max-image-preview:large","max-video-preview":"max-video-preview:-1"},"canonical":"https:\/\/www.vanderendegroup.com\/nl\/product\/bandskimmer\/","og_locale":"nl_NL","og_type":"article","og_title":"Bandskimmer","og_description":"Bandskimmer | Van der Ende Group | \u2705 Verwijdert (vreemde) oli\u00ebn | \u2705 Verbetert vloeistofkwaliteit | \u2705 Geschikt voor hoge temp. | Bekijk de website!","og_url":"https:\/\/www.vanderendegroup.com\/nl\/product\/bandskimmer\/","og_site_name":"Van der Ende Group","article_modified_time":"2025-10-18T07:37:42+00:00","og_image":[{"width":500,"height":500,"url":"https:\/\/www.vanderendegroup.com\/nl\/wp-content\/uploads\/sites\/1\/2024\/10\/Bandskimmer.png","type":"image\/png"}],"twitter_card":"summary_large_image","twitter_misc":{"Prijs":"","Beschikbaarheid":"Op voorraad"},"schema":{"@context":"https:\/\/schema.org","@graph":[{"@type":"WebPage","@id":"https:\/\/www.vanderendegroup.com\/nl\/product\/bandskimmer\/","url":"https:\/\/www.vanderendegroup.com\/nl\/product\/bandskimmer\/","name":"Bandskimmer | #1 in Vloeistoffiltratie | Van der Ende Group","isPartOf":{"@id":"\/#website"},"primaryImageOfPage":{"@id":"https:\/\/www.vanderendegroup.com\/nl\/product\/bandskimmer\/#primaryimage"},"image":{"@id":"https:\/\/www.vanderendegroup.com\/nl\/product\/bandskimmer\/#primaryimage"},"thumbnailUrl":"https:\/\/www.vanderendegroup.com\/nl\/wp-content\/uploads\/sites\/1\/2024\/10\/Bandskimmer.png","datePublished":"2024-10-21T13:57:54+00:00","dateModified":"2025-10-18T07:37:42+00:00","description":"Bandskimmer | Van der Ende Group | \u2705 Verwijdert (vreemde) oli\u00ebn | \u2705 Verbetert vloeistofkwaliteit | \u2705 Geschikt voor hoge temp. | Bekijk de website!","breadcrumb":{"@id":"https:\/\/www.vanderendegroup.com\/nl\/product\/bandskimmer\/#breadcrumb"},"inLanguage":"nl-NL","potentialAction":[{"@type":"ReadAction","target":["https:\/\/www.vanderendegroup.com\/nl\/product\/bandskimmer\/"]}]},{"@type":"ImageObject","inLanguage":"nl-NL","@id":"https:\/\/www.vanderendegroup.com\/nl\/product\/bandskimmer\/#primaryimage","url":"https:\/\/www.vanderendegroup.com\/nl\/wp-content\/uploads\/sites\/1\/2024\/10\/Bandskimmer.png","contentUrl":"https:\/\/www.vanderendegroup.com\/nl\/wp-content\/uploads\/sites\/1\/2024\/10\/Bandskimmer.png","width":500,"height":500,"caption":"M002 Bandskimmer"},{"@type":"BreadcrumbList","@id":"https:\/\/www.vanderendegroup.com\/nl\/product\/bandskimmer\/#breadcrumb","itemListElement":[{"@type":"ListItem","position":1,"name":"Home","item":"https:\/\/www.vanderendegroup.com\/nl\/"},{"@type":"ListItem","position":2,"name":"Bandskimmer"}]},{"@type":"WebSite","@id":"\/#website","url":"\/","name":"Van der Ende Group","description":"Innovator, producent en leverancier van technische producten","publisher":{"@id":"\/#organization"},"potentialAction":[{"@type":"SearchAction","target":{"@type":"EntryPoint","urlTemplate":"\/?s={search_term_string}"},"query-input":{"@type":"PropertyValueSpecification","valueRequired":true,"valueName":"search_term_string"}}],"inLanguage":"nl-NL"},{"@type":"Organization","@id":"\/#organization","name":"Van der Ende Group","url":"\/","logo":{"@type":"ImageObject","inLanguage":"nl-NL","@id":"\/#\/schema\/logo\/image\/","url":"https:\/\/www.vanderendegroup.com\/nl\/wp-content\/uploads\/sites\/1\/2024\/09\/favicon-500x500px.png","contentUrl":"https:\/\/www.vanderendegroup.com\/nl\/wp-content\/uploads\/sites\/1\/2024\/09\/favicon-500x500px.png","width":500,"height":500,"caption":"Van der Ende Group"},"image":{"@id":"\/#\/schema\/logo\/image\/"},"hasMerchantReturnPolicy":{"@type":"MerchantReturnPolicy","merchantReturnLink":"https:\/\/www.vanderendegroup.com\/nl\/service\/garantie-en-retour\/"}}]},"product_price_amount":"0.00","product_price_currency":"EUR","og_availability":"instock","product_availability":"instock","product_retailer_item_id":"M002","product_condition":"new"},"taxonomy_info":{"sectoren":[{"value":45,"label":"Industrie"}]},"featured_image_src_large":["https:\/\/www.vanderendegroup.com\/nl\/wp-content\/uploads\/sites\/1\/2024\/10\/Bandskimmer.png",500,500,false],"author_info":[],"comment_info":"","mfb_rest_fields":["title","yoast_head","yoast_head_json","taxonomy_info","featured_image_src_large","author_info","comment_info"],"_links":{"self":[{"href":"https:\/\/www.vanderendegroup.com\/nl\/wp-json\/wp\/v2\/product\/7154","targetHints":{"allow":["GET"]}}],"collection":[{"href":"https:\/\/www.vanderendegroup.com\/nl\/wp-json\/wp\/v2\/product"}],"about":[{"href":"https:\/\/www.vanderendegroup.com\/nl\/wp-json\/wp\/v2\/types\/product"}],"wp:featuredmedia":[{"embeddable":true,"href":"https:\/\/www.vanderendegroup.com\/nl\/wp-json\/wp\/v2\/media\/7923"}],"wp:attachment":[{"href":"https:\/\/www.vanderendegroup.com\/nl\/wp-json\/wp\/v2\/media?parent=7154"}],"wp:term":[{"taxonomy":"product_brand","embeddable":true,"href":"https:\/\/www.vanderendegroup.com\/nl\/wp-json\/wp\/v2\/product_brand?post=7154"},{"taxonomy":"product_tag","embeddable":true,"href":"https:\/\/www.vanderendegroup.com\/nl\/wp-json\/wp\/v2\/product_tag?post=7154"},{"taxonomy":"aandrijving","embeddable":true,"href":"https:\/\/www.vanderendegroup.com\/nl\/wp-json\/wp\/v2\/aandrijving?post=7154"},{"taxonomy":"capaciteit","embeddable":true,"href":"https:\/\/www.vanderendegroup.com\/nl\/wp-json\/wp\/v2\/capaciteit?post=7154"},{"taxonomy":"materiaal","embeddable":true,"href":"https:\/\/www.vanderendegroup.com\/nl\/wp-json\/wp\/v2\/materiaal?post=7154"},{"taxonomy":"merk","embeddable":true,"href":"https:\/\/www.vanderendegroup.com\/nl\/wp-json\/wp\/v2\/merk?post=7154"},{"taxonomy":"opvoerhoogte","embeddable":true,"href":"https:\/\/www.vanderendegroup.com\/nl\/wp-json\/wp\/v2\/opvoerhoogte?post=7154"},{"taxonomy":"sectoren","embeddable":true,"href":"https:\/\/www.vanderendegroup.com\/nl\/wp-json\/wp\/v2\/sectoren?post=7154"}],"curies":[{"name":"wp","href":"https:\/\/api.w.org\/{rel}","templated":true}]}}