{"id":7094,"date":"2024-10-21T15:56:58","date_gmt":"2024-10-21T13:56:58","guid":{"rendered":"https:\/\/www.vanderendegroup.com\/product\/grindex-master\/"},"modified":"2026-02-10T10:56:05","modified_gmt":"2026-02-10T09:56:05","slug":"grindex-master","status":"publish","type":"product","link":"https:\/\/www.vanderendegroup.com\/nl\/product\/grindex-master\/","title":{"rendered":"Grindex Master"},"content":{"rendered":"<p>De Grindex Master heeft een gepatenteerde luchtklep en een elektronisch beveiligingssysteem. Daardoor kan de pomp onbeperkt drooglopen. De dompelpomp heeft weinig onderhoud nodig \u00e9n is eenvoudig in gebruik. De ideale pomp voor abrasieve vloeistoffen, fecali\u00ebn en chemicali\u00ebn.<\/p>\n<p>&nbsp;<\/p>\n<p>Voor meer informatie over het merk Grindex, bekijk de\u00a0<a href=\"https:\/\/www.vanderendegroup.com\/nl\/merken\/grindex\/\">Grindex merk-pagina<\/a>.<\/p>\n<p>Wilt u het complete assortiment Grindex-pompen bekijken? Ga naar het\u00a0<a href=\"https:\/\/www.vanderendegroup.com\/nl\/grindex-pompen\/\">overzicht van Grindex-pompen.<\/a><\/p>\n","protected":false},"excerpt":{"rendered":"<p>De Grindex Master serie is een aluminium drainagepomp met een buitenmantel van rvs en een waaier van Hard-Iron\u2122. Deze pomp is ideaal voor het verpompen van verontreinigde vloeistoffen.<\/p>\n","protected":false},"featured_media":8156,"template":"","meta":{"_acf_changed":false,"_searchwp_excluded":"","_kad_blocks_custom_css":"","_kad_blocks_head_custom_js":"","_kad_blocks_body_custom_js":"","_kad_blocks_footer_custom_js":"","editor_notices":[]},"product_brand":[],"product_tag":[],"aandrijving":[20],"capaciteit":[76,41,42],"materiaal":[24,28,31,32],"merk":[245],"opvoerhoogte":[37],"sectoren":[46,44,45],"class_list":{"0":"post-7094","1":"product","2":"type-product","3":"status-publish","4":"has-post-thumbnail","6":"aandrijving-elektromotor","7":"capaciteit-10-25-m3-h","8":"capaciteit-25-100-m3h","9":"capaciteit-over-100-m3h","10":"materiaal-aluminium","11":"materiaal-hard-iron","12":"materiaal-nbr","13":"materiaal-rvs","14":"merk-grindex","15":"opvoerhoogte-70-200-mwk","16":"sectoren-semi-overheid","17":"sectoren-bouw-aannemerij","18":"sectoren-industrie","20":"first","21":"instock","22":"product-type-simple"},"acf":[],"mb":[],"yoast_head":"<!-- This site is optimized with the Yoast SEO Premium plugin v26.3 (Yoast SEO v27.2) - https:\/\/yoast.com\/product\/yoast-seo-premium-wordpress\/ -->\n<title>Grindex Master | Exclusief dealer Benelux | Van der Ende Group<\/title>\n<meta name=\"description\" content=\"Grindex Master kopen? | Van der Ende Group | \u2705 24\/7 Service in heel NL | \u2705 40+ jaar ervaring | \u2705 Grootste voorraad in NL | Bekijk direct de website!\" \/>\n<meta name=\"robots\" content=\"index, follow, max-snippet:-1, max-image-preview:large, max-video-preview:-1\" \/>\n<link rel=\"canonical\" href=\"https:\/\/www.vanderendegroup.com\/nl\/product\/grindex-master\/\" \/>\n<meta property=\"og:locale\" content=\"nl_NL\" \/>\n<meta property=\"og:type\" content=\"article\" \/>\n<meta property=\"og:title\" content=\"Grindex Master\" \/>\n<meta property=\"og:description\" content=\"Grindex Master kopen? | Van der Ende Group | \u2705 24\/7 Service in heel NL | \u2705 40+ jaar ervaring | \u2705 Grootste voorraad in NL | Bekijk direct de website!\" \/>\n<meta property=\"og:url\" content=\"https:\/\/www.vanderendegroup.com\/nl\/product\/grindex-master\/\" \/>\n<meta property=\"og:site_name\" content=\"Van der Ende Group\" \/>\n<meta property=\"article:modified_time\" content=\"2026-02-10T09:56:05+00:00\" \/>\n<meta property=\"og:image\" content=\"https:\/\/www.vanderendegroup.com\/nl\/wp-content\/uploads\/sites\/1\/2024\/10\/Grindex-Master.png\" \/>\n\t<meta property=\"og:image:width\" content=\"500\" \/>\n\t<meta property=\"og:image:height\" content=\"500\" \/>\n\t<meta property=\"og:image:type\" content=\"image\/png\" \/>\n<meta name=\"twitter:card\" content=\"summary_large_image\" \/>\n<meta name=\"twitter:label1\" content=\"Prijs\" \/>\n\t<meta name=\"twitter:data1\" content=\"\" \/>\n\t<meta name=\"twitter:label2\" content=\"Beschikbaarheid\" \/>\n\t<meta name=\"twitter:data2\" content=\"Op voorraad\" \/>\n<script type=\"application\/ld+json\" class=\"yoast-schema-graph\">{\"@context\":\"https:\/\/schema.org\",\"@graph\":[{\"@type\":\"WebPage\",\"@id\":\"https:\/\/www.vanderendegroup.com\/nl\/product\/grindex-master\/\",\"url\":\"https:\/\/www.vanderendegroup.com\/nl\/product\/grindex-master\/\",\"name\":\"Grindex Master | Exclusief dealer Benelux | Van der Ende Group\",\"isPartOf\":{\"@id\":\"\/#website\"},\"primaryImageOfPage\":{\"@id\":\"https:\/\/www.vanderendegroup.com\/nl\/product\/grindex-master\/#primaryimage\"},\"image\":{\"@id\":\"https:\/\/www.vanderendegroup.com\/nl\/product\/grindex-master\/#primaryimage\"},\"thumbnailUrl\":\"https:\/\/www.vanderendegroup.com\/nl\/wp-content\/uploads\/sites\/1\/2024\/10\/Grindex-Master.png\",\"datePublished\":\"2024-10-21T13:56:58+00:00\",\"dateModified\":\"2026-02-10T09:56:05+00:00\",\"description\":\"Grindex Master kopen? | Van der Ende Group | \u2705 24\/7 Service in heel NL | \u2705 40+ jaar ervaring | \u2705 Grootste voorraad in NL | Bekijk direct de website!\",\"breadcrumb\":{\"@id\":\"https:\/\/www.vanderendegroup.com\/nl\/product\/grindex-master\/#breadcrumb\"},\"inLanguage\":\"nl-NL\",\"potentialAction\":[{\"@type\":\"ReadAction\",\"target\":[\"https:\/\/www.vanderendegroup.com\/nl\/product\/grindex-master\/\"]}]},{\"@type\":\"ImageObject\",\"inLanguage\":\"nl-NL\",\"@id\":\"https:\/\/www.vanderendegroup.com\/nl\/product\/grindex-master\/#primaryimage\",\"url\":\"https:\/\/www.vanderendegroup.com\/nl\/wp-content\/uploads\/sites\/1\/2024\/10\/Grindex-Master.png\",\"contentUrl\":\"https:\/\/www.vanderendegroup.com\/nl\/wp-content\/uploads\/sites\/1\/2024\/10\/Grindex-Master.png\",\"width\":500,\"height\":500,\"caption\":\"Grindex Master dompelpomp voor het verpompen van vloeistoffen\"},{\"@type\":\"BreadcrumbList\",\"@id\":\"https:\/\/www.vanderendegroup.com\/nl\/product\/grindex-master\/#breadcrumb\",\"itemListElement\":[{\"@type\":\"ListItem\",\"position\":1,\"name\":\"Home\",\"item\":\"https:\/\/www.vanderendegroup.com\/nl\/\"},{\"@type\":\"ListItem\",\"position\":2,\"name\":\"Grindex Master\"}]},{\"@type\":\"WebSite\",\"@id\":\"\/#website\",\"url\":\"\/\",\"name\":\"Van der Ende Group\",\"description\":\"Innovator, producent en leverancier van technische producten\",\"publisher\":{\"@id\":\"\/#organization\"},\"potentialAction\":[{\"@type\":\"SearchAction\",\"target\":{\"@type\":\"EntryPoint\",\"urlTemplate\":\"\/?s={search_term_string}\"},\"query-input\":{\"@type\":\"PropertyValueSpecification\",\"valueRequired\":true,\"valueName\":\"search_term_string\"}}],\"inLanguage\":\"nl-NL\"},{\"@type\":\"Organization\",\"@id\":\"\/#organization\",\"name\":\"Van der Ende Group\",\"url\":\"\/\",\"logo\":{\"@type\":\"ImageObject\",\"inLanguage\":\"nl-NL\",\"@id\":\"\/#\/schema\/logo\/image\/\",\"url\":\"https:\/\/www.vanderendegroup.com\/nl\/wp-content\/uploads\/sites\/1\/2024\/09\/favicon-500x500px.png\",\"contentUrl\":\"https:\/\/www.vanderendegroup.com\/nl\/wp-content\/uploads\/sites\/1\/2024\/09\/favicon-500x500px.png\",\"width\":500,\"height\":500,\"caption\":\"Van der Ende Group\"},\"image\":{\"@id\":\"\/#\/schema\/logo\/image\/\"},\"hasMerchantReturnPolicy\":{\"@type\":\"MerchantReturnPolicy\",\"merchantReturnLink\":\"https:\/\/www.vanderendegroup.com\/nl\/service\/garantie-en-retour\/\"}}]}<\/script>\n<meta property=\"product:price:amount\" content=\"0.00\" \/>\n<meta property=\"product:price:currency\" content=\"EUR\" \/>\n<meta property=\"og:availability\" content=\"instock\" \/>\n<meta property=\"product:availability\" content=\"instock\" \/>\n<meta property=\"product:retailer_item_id\" content=\"P036\" \/>\n<meta property=\"product:condition\" content=\"new\" \/>\n<!-- \/ Yoast SEO Premium plugin. -->","yoast_head_json":{"title":"Grindex Master | Exclusief dealer Benelux | Van der Ende Group","description":"Grindex Master kopen? | Van der Ende Group | \u2705 24\/7 Service in heel NL | \u2705 40+ jaar ervaring | \u2705 Grootste voorraad in NL | Bekijk direct de website!","robots":{"index":"index","follow":"follow","max-snippet":"max-snippet:-1","max-image-preview":"max-image-preview:large","max-video-preview":"max-video-preview:-1"},"canonical":"https:\/\/www.vanderendegroup.com\/nl\/product\/grindex-master\/","og_locale":"nl_NL","og_type":"article","og_title":"Grindex Master","og_description":"Grindex Master kopen? | Van der Ende Group | \u2705 24\/7 Service in heel NL | \u2705 40+ jaar ervaring | \u2705 Grootste voorraad in NL | Bekijk direct de website!","og_url":"https:\/\/www.vanderendegroup.com\/nl\/product\/grindex-master\/","og_site_name":"Van der Ende Group","article_modified_time":"2026-02-10T09:56:05+00:00","og_image":[{"width":500,"height":500,"url":"https:\/\/www.vanderendegroup.com\/nl\/wp-content\/uploads\/sites\/1\/2024\/10\/Grindex-Master.png","type":"image\/png"}],"twitter_card":"summary_large_image","twitter_misc":{"Prijs":"","Beschikbaarheid":"Op voorraad"},"schema":{"@context":"https:\/\/schema.org","@graph":[{"@type":"WebPage","@id":"https:\/\/www.vanderendegroup.com\/nl\/product\/grindex-master\/","url":"https:\/\/www.vanderendegroup.com\/nl\/product\/grindex-master\/","name":"Grindex Master | Exclusief dealer Benelux | Van der Ende Group","isPartOf":{"@id":"\/#website"},"primaryImageOfPage":{"@id":"https:\/\/www.vanderendegroup.com\/nl\/product\/grindex-master\/#primaryimage"},"image":{"@id":"https:\/\/www.vanderendegroup.com\/nl\/product\/grindex-master\/#primaryimage"},"thumbnailUrl":"https:\/\/www.vanderendegroup.com\/nl\/wp-content\/uploads\/sites\/1\/2024\/10\/Grindex-Master.png","datePublished":"2024-10-21T13:56:58+00:00","dateModified":"2026-02-10T09:56:05+00:00","description":"Grindex Master kopen? | Van der Ende Group | \u2705 24\/7 Service in heel NL | \u2705 40+ jaar ervaring | \u2705 Grootste voorraad in NL | Bekijk direct de website!","breadcrumb":{"@id":"https:\/\/www.vanderendegroup.com\/nl\/product\/grindex-master\/#breadcrumb"},"inLanguage":"nl-NL","potentialAction":[{"@type":"ReadAction","target":["https:\/\/www.vanderendegroup.com\/nl\/product\/grindex-master\/"]}]},{"@type":"ImageObject","inLanguage":"nl-NL","@id":"https:\/\/www.vanderendegroup.com\/nl\/product\/grindex-master\/#primaryimage","url":"https:\/\/www.vanderendegroup.com\/nl\/wp-content\/uploads\/sites\/1\/2024\/10\/Grindex-Master.png","contentUrl":"https:\/\/www.vanderendegroup.com\/nl\/wp-content\/uploads\/sites\/1\/2024\/10\/Grindex-Master.png","width":500,"height":500,"caption":"Grindex Master dompelpomp voor het verpompen van vloeistoffen"},{"@type":"BreadcrumbList","@id":"https:\/\/www.vanderendegroup.com\/nl\/product\/grindex-master\/#breadcrumb","itemListElement":[{"@type":"ListItem","position":1,"name":"Home","item":"https:\/\/www.vanderendegroup.com\/nl\/"},{"@type":"ListItem","position":2,"name":"Grindex Master"}]},{"@type":"WebSite","@id":"\/#website","url":"\/","name":"Van der Ende Group","description":"Innovator, producent en leverancier van technische producten","publisher":{"@id":"\/#organization"},"potentialAction":[{"@type":"SearchAction","target":{"@type":"EntryPoint","urlTemplate":"\/?s={search_term_string}"},"query-input":{"@type":"PropertyValueSpecification","valueRequired":true,"valueName":"search_term_string"}}],"inLanguage":"nl-NL"},{"@type":"Organization","@id":"\/#organization","name":"Van der Ende Group","url":"\/","logo":{"@type":"ImageObject","inLanguage":"nl-NL","@id":"\/#\/schema\/logo\/image\/","url":"https:\/\/www.vanderendegroup.com\/nl\/wp-content\/uploads\/sites\/1\/2024\/09\/favicon-500x500px.png","contentUrl":"https:\/\/www.vanderendegroup.com\/nl\/wp-content\/uploads\/sites\/1\/2024\/09\/favicon-500x500px.png","width":500,"height":500,"caption":"Van der Ende Group"},"image":{"@id":"\/#\/schema\/logo\/image\/"},"hasMerchantReturnPolicy":{"@type":"MerchantReturnPolicy","merchantReturnLink":"https:\/\/www.vanderendegroup.com\/nl\/service\/garantie-en-retour\/"}}]},"product_price_amount":"0.00","product_price_currency":"EUR","og_availability":"instock","product_availability":"instock","product_retailer_item_id":"P036","product_condition":"new"},"taxonomy_info":{"aandrijving":[{"value":20,"label":"Elektromotor"}],"capaciteit":[{"value":76,"label":"10-25 m\u00b3\/h"},{"value":41,"label":"25-100 m\u00b3\/h"},{"value":42,"label":"Meer dan 100 m\u00b3\/h"}],"materiaal":[{"value":24,"label":"Aluminium"},{"value":28,"label":"Hard-Iron\u2122"},{"value":31,"label":"NBR"},{"value":32,"label":"RVS"}],"merk":[{"value":245,"label":"Grindex"}],"opvoerhoogte":[{"value":37,"label":"Max. 70-200 mwk"}],"sectoren":[{"value":46,"label":"(Semi) overheid"},{"value":44,"label":"Bouw \/ Aannemerij"},{"value":45,"label":"Industrie"}]},"featured_image_src_large":["https:\/\/www.vanderendegroup.com\/nl\/wp-content\/uploads\/sites\/1\/2024\/10\/Grindex-Master.png",500,500,false],"author_info":[],"comment_info":"","mfb_rest_fields":["title","yoast_head","yoast_head_json","taxonomy_info","featured_image_src_large","author_info","comment_info"],"_links":{"self":[{"href":"https:\/\/www.vanderendegroup.com\/nl\/wp-json\/wp\/v2\/product\/7094","targetHints":{"allow":["GET"]}}],"collection":[{"href":"https:\/\/www.vanderendegroup.com\/nl\/wp-json\/wp\/v2\/product"}],"about":[{"href":"https:\/\/www.vanderendegroup.com\/nl\/wp-json\/wp\/v2\/types\/product"}],"wp:featuredmedia":[{"embeddable":true,"href":"https:\/\/www.vanderendegroup.com\/nl\/wp-json\/wp\/v2\/media\/8156"}],"wp:attachment":[{"href":"https:\/\/www.vanderendegroup.com\/nl\/wp-json\/wp\/v2\/media?parent=7094"}],"wp:term":[{"taxonomy":"product_brand","embeddable":true,"href":"https:\/\/www.vanderendegroup.com\/nl\/wp-json\/wp\/v2\/product_brand?post=7094"},{"taxonomy":"product_tag","embeddable":true,"href":"https:\/\/www.vanderendegroup.com\/nl\/wp-json\/wp\/v2\/product_tag?post=7094"},{"taxonomy":"aandrijving","embeddable":true,"href":"https:\/\/www.vanderendegroup.com\/nl\/wp-json\/wp\/v2\/aandrijving?post=7094"},{"taxonomy":"capaciteit","embeddable":true,"href":"https:\/\/www.vanderendegroup.com\/nl\/wp-json\/wp\/v2\/capaciteit?post=7094"},{"taxonomy":"materiaal","embeddable":true,"href":"https:\/\/www.vanderendegroup.com\/nl\/wp-json\/wp\/v2\/materiaal?post=7094"},{"taxonomy":"merk","embeddable":true,"href":"https:\/\/www.vanderendegroup.com\/nl\/wp-json\/wp\/v2\/merk?post=7094"},{"taxonomy":"opvoerhoogte","embeddable":true,"href":"https:\/\/www.vanderendegroup.com\/nl\/wp-json\/wp\/v2\/opvoerhoogte?post=7094"},{"taxonomy":"sectoren","embeddable":true,"href":"https:\/\/www.vanderendegroup.com\/nl\/wp-json\/wp\/v2\/sectoren?post=7094"}],"curies":[{"name":"wp","href":"https:\/\/api.w.org\/{rel}","templated":true}]}}