{"id":7066,"date":"2024-10-21T15:56:40","date_gmt":"2024-10-21T13:56:40","guid":{"rendered":"https:\/\/www.vanderendegroup.com\/product\/lowara-e-sh-zelfaanzuigend\/"},"modified":"2026-02-09T15:29:46","modified_gmt":"2026-02-09T14:29:46","slug":"lowara-e-sh-zelfaanzuigend","status":"publish","type":"product","link":"https:\/\/www.vanderendegroup.com\/nl\/product\/lowara-e-sh-zelfaanzuigend\/","title":{"rendered":"Lowara e-SH zelfaanzuigend"},"content":{"rendered":"<p>De Lowara e-SH (ESH) is een effici\u00ebnte en flexibele pomp voor het transport van water en chemicali\u00ebn in de agrarische en industri\u00eble sector. De e-SH is zelfaanzuigend dankzij een speciale door Van der Ende Group ontwikkelde techniek. Het rendement blijft echter gelijk aan een normaalaanzuigende pomp. Met zijn hoog effici\u00ebnt pompdeel voldoet de e-SH ruim aan de ErP2015 regelgeving. Hiernaast is deze serie uitgevoerd met de hoog rendement IE3 elektromotor. De robuuste constructie geeft de pomp een lange levensduur en door het eenvoudige ontwerp zijn alle servicepunten makkelijk en snel bereikbaar. Dit alles resulteert en zeer lage operationele kosten.<\/p>\n<p>Deze serie is verkrijgbaar in meerdere uitvoeringen:<\/p>\n<ul>\n<li>e-SHE \/ ESHE (kortgekoppeld met verlengde motoras)<\/li>\n<li>e-SHS \/ ESHS (normmotor met opschuifas)<\/li>\n<li>e-SHF \/ ESHF (op fundatieplaat met askoppeling)<\/li>\n<li>e-SHC \/ ESHC (op fundatieplaat met verlengde askoppeling)<\/li>\n<li>e-SH \/ ESH (vrij as-uiteinde)<\/li>\n<\/ul>\n<p>Voor meer informatie over het merk Lowara, bekijk de <a href=\"https:\/\/www.vanderendegroup.com\/nl\/merken\/lowara\/\">Lowara merk-pagina<\/a>.<\/p>\n<p>Wilt u het complete assortiment Lowara-pompen bekijken? Ga naar het <a href=\"https:\/\/www.vanderendegroup.com\/nl\/lowara-pompen\/\">overzicht van Lowara-pompen<\/a>.<\/p>\n","protected":false},"excerpt":{"rendered":"<p>De Lowara e-SH serie is een zelfaanzuigende centrifugale pomp met enkele waaier vervaardigd uit rvs 316, waarmee dit de perfecte pomp is om water en agressieve vloeistoffen te verplaatsen.<\/p>\n","protected":false},"featured_media":8723,"template":"","meta":{"_acf_changed":false,"_searchwp_excluded":"","_kad_blocks_custom_css":"","_kad_blocks_head_custom_js":"","_kad_blocks_body_custom_js":"","_kad_blocks_footer_custom_js":"","editor_notices":[]},"product_brand":[],"product_tag":[],"aandrijving":[20],"capaciteit":[40,76,41,42],"materiaal":[32],"merk":[237,241],"opvoerhoogte":[36],"sectoren":[43],"class_list":{"0":"post-7066","1":"product","2":"type-product","3":"status-publish","4":"has-post-thumbnail","6":"aandrijving-elektromotor","7":"capaciteit-2-10-m3h","8":"capaciteit-10-25-m3-h","9":"capaciteit-25-100-m3h","10":"capaciteit-over-100-m3h","11":"materiaal-rvs","12":"merk-lowara","13":"merk-van-der-ende-group","14":"opvoerhoogte-30-70-mwk","15":"sectoren-tuinbouw","17":"first","18":"instock","19":"product-type-simple"},"acf":[],"mb":[],"yoast_head":"<!-- This site is optimized with the Yoast SEO Premium plugin v26.3 (Yoast SEO v27.2) - https:\/\/yoast.com\/product\/yoast-seo-premium-wordpress\/ -->\n<title>Lowara e-SH zelfaanzuigend | Officieel Lowara dealer | Van der Ende Group<\/title>\n<meta name=\"description\" content=\"Lowara e-SH zelfaanzuigend | Van der Ende Group | \u2705 24\/7 Service in heel NL |\u2705 40+ jaar ervaring | \u2705 Grootste voorraad in NL | Bekijk direct de website!\" \/>\n<meta name=\"robots\" content=\"index, follow, max-snippet:-1, max-image-preview:large, max-video-preview:-1\" \/>\n<link rel=\"canonical\" href=\"https:\/\/www.vanderendegroup.com\/nl\/product\/lowara-e-sh-zelfaanzuigend\/\" \/>\n<meta property=\"og:locale\" content=\"nl_NL\" \/>\n<meta property=\"og:type\" content=\"article\" \/>\n<meta property=\"og:title\" content=\"Lowara e-SH zelfaanzuigend\" \/>\n<meta property=\"og:description\" content=\"Lowara e-SH zelfaanzuigend | Van der Ende Group | \u2705 24\/7 Service in heel NL |\u2705 40+ jaar ervaring | \u2705 Grootste voorraad in NL | Bekijk direct de website!\" \/>\n<meta property=\"og:url\" content=\"https:\/\/www.vanderendegroup.com\/nl\/product\/lowara-e-sh-zelfaanzuigend\/\" \/>\n<meta property=\"og:site_name\" content=\"Van der Ende Group\" \/>\n<meta property=\"article:modified_time\" content=\"2026-02-09T14:29:46+00:00\" \/>\n<meta property=\"og:image\" content=\"https:\/\/www.vanderendegroup.com\/nl\/wp-content\/uploads\/sites\/1\/2024\/10\/Lowara-e-SH-zelfaanzuigend-.png\" \/>\n\t<meta property=\"og:image:width\" content=\"500\" \/>\n\t<meta property=\"og:image:height\" content=\"500\" \/>\n\t<meta property=\"og:image:type\" content=\"image\/png\" \/>\n<meta name=\"twitter:card\" content=\"summary_large_image\" \/>\n<meta name=\"twitter:label1\" content=\"Prijs\" \/>\n\t<meta name=\"twitter:data1\" content=\"\" \/>\n\t<meta name=\"twitter:label2\" content=\"Beschikbaarheid\" \/>\n\t<meta name=\"twitter:data2\" content=\"Op voorraad\" \/>\n<script type=\"application\/ld+json\" class=\"yoast-schema-graph\">{\"@context\":\"https:\/\/schema.org\",\"@graph\":[{\"@type\":\"WebPage\",\"@id\":\"https:\/\/www.vanderendegroup.com\/nl\/product\/lowara-e-sh-zelfaanzuigend\/\",\"url\":\"https:\/\/www.vanderendegroup.com\/nl\/product\/lowara-e-sh-zelfaanzuigend\/\",\"name\":\"Lowara e-SH zelfaanzuigend | Officieel Lowara dealer | Van der Ende Group\",\"isPartOf\":{\"@id\":\"\/#website\"},\"primaryImageOfPage\":{\"@id\":\"https:\/\/www.vanderendegroup.com\/nl\/product\/lowara-e-sh-zelfaanzuigend\/#primaryimage\"},\"image\":{\"@id\":\"https:\/\/www.vanderendegroup.com\/nl\/product\/lowara-e-sh-zelfaanzuigend\/#primaryimage\"},\"thumbnailUrl\":\"https:\/\/www.vanderendegroup.com\/nl\/wp-content\/uploads\/sites\/1\/2024\/10\/Lowara-e-SH-zelfaanzuigend-.png\",\"datePublished\":\"2024-10-21T13:56:40+00:00\",\"dateModified\":\"2026-02-09T14:29:46+00:00\",\"description\":\"Lowara e-SH zelfaanzuigend | Van der Ende Group | \u2705 24\/7 Service in heel NL |\u2705 40+ jaar ervaring | \u2705 Grootste voorraad in NL | Bekijk direct de website!\",\"breadcrumb\":{\"@id\":\"https:\/\/www.vanderendegroup.com\/nl\/product\/lowara-e-sh-zelfaanzuigend\/#breadcrumb\"},\"inLanguage\":\"nl-NL\",\"potentialAction\":[{\"@type\":\"ReadAction\",\"target\":[\"https:\/\/www.vanderendegroup.com\/nl\/product\/lowara-e-sh-zelfaanzuigend\/\"]}]},{\"@type\":\"ImageObject\",\"inLanguage\":\"nl-NL\",\"@id\":\"https:\/\/www.vanderendegroup.com\/nl\/product\/lowara-e-sh-zelfaanzuigend\/#primaryimage\",\"url\":\"https:\/\/www.vanderendegroup.com\/nl\/wp-content\/uploads\/sites\/1\/2024\/10\/Lowara-e-SH-zelfaanzuigend-.png\",\"contentUrl\":\"https:\/\/www.vanderendegroup.com\/nl\/wp-content\/uploads\/sites\/1\/2024\/10\/Lowara-e-SH-zelfaanzuigend-.png\",\"width\":500,\"height\":500,\"caption\":\"Lowara e-SH zelfaanzuigend gemaakt door Van der Ende group\"},{\"@type\":\"BreadcrumbList\",\"@id\":\"https:\/\/www.vanderendegroup.com\/nl\/product\/lowara-e-sh-zelfaanzuigend\/#breadcrumb\",\"itemListElement\":[{\"@type\":\"ListItem\",\"position\":1,\"name\":\"Home\",\"item\":\"https:\/\/www.vanderendegroup.com\/nl\/\"},{\"@type\":\"ListItem\",\"position\":2,\"name\":\"Lowara e-SH zelfaanzuigend\"}]},{\"@type\":\"WebSite\",\"@id\":\"\/#website\",\"url\":\"\/\",\"name\":\"Van der Ende Group\",\"description\":\"Innovator, producent en leverancier van technische producten\",\"publisher\":{\"@id\":\"\/#organization\"},\"potentialAction\":[{\"@type\":\"SearchAction\",\"target\":{\"@type\":\"EntryPoint\",\"urlTemplate\":\"\/?s={search_term_string}\"},\"query-input\":{\"@type\":\"PropertyValueSpecification\",\"valueRequired\":true,\"valueName\":\"search_term_string\"}}],\"inLanguage\":\"nl-NL\"},{\"@type\":\"Organization\",\"@id\":\"\/#organization\",\"name\":\"Van der Ende Group\",\"url\":\"\/\",\"logo\":{\"@type\":\"ImageObject\",\"inLanguage\":\"nl-NL\",\"@id\":\"\/#\/schema\/logo\/image\/\",\"url\":\"https:\/\/www.vanderendegroup.com\/nl\/wp-content\/uploads\/sites\/1\/2024\/09\/favicon-500x500px.png\",\"contentUrl\":\"https:\/\/www.vanderendegroup.com\/nl\/wp-content\/uploads\/sites\/1\/2024\/09\/favicon-500x500px.png\",\"width\":500,\"height\":500,\"caption\":\"Van der Ende Group\"},\"image\":{\"@id\":\"\/#\/schema\/logo\/image\/\"},\"hasMerchantReturnPolicy\":{\"@type\":\"MerchantReturnPolicy\",\"merchantReturnLink\":\"https:\/\/www.vanderendegroup.com\/nl\/service\/garantie-en-retour\/\"}}]}<\/script>\n<meta property=\"product:price:amount\" content=\"0.00\" \/>\n<meta property=\"product:price:currency\" content=\"EUR\" \/>\n<meta property=\"og:availability\" content=\"instock\" \/>\n<meta property=\"product:availability\" content=\"instock\" \/>\n<meta property=\"product:retailer_item_id\" content=\"P008\" \/>\n<meta property=\"product:condition\" content=\"new\" \/>\n<!-- \/ Yoast SEO Premium plugin. -->","yoast_head_json":{"title":"Lowara e-SH zelfaanzuigend | Officieel Lowara dealer | Van der Ende Group","description":"Lowara e-SH zelfaanzuigend | Van der Ende Group | \u2705 24\/7 Service in heel NL |\u2705 40+ jaar ervaring | \u2705 Grootste voorraad in NL | Bekijk direct de website!","robots":{"index":"index","follow":"follow","max-snippet":"max-snippet:-1","max-image-preview":"max-image-preview:large","max-video-preview":"max-video-preview:-1"},"canonical":"https:\/\/www.vanderendegroup.com\/nl\/product\/lowara-e-sh-zelfaanzuigend\/","og_locale":"nl_NL","og_type":"article","og_title":"Lowara e-SH zelfaanzuigend","og_description":"Lowara e-SH zelfaanzuigend | Van der Ende Group | \u2705 24\/7 Service in heel NL |\u2705 40+ jaar ervaring | \u2705 Grootste voorraad in NL | Bekijk direct de website!","og_url":"https:\/\/www.vanderendegroup.com\/nl\/product\/lowara-e-sh-zelfaanzuigend\/","og_site_name":"Van der Ende Group","article_modified_time":"2026-02-09T14:29:46+00:00","og_image":[{"width":500,"height":500,"url":"https:\/\/www.vanderendegroup.com\/nl\/wp-content\/uploads\/sites\/1\/2024\/10\/Lowara-e-SH-zelfaanzuigend-.png","type":"image\/png"}],"twitter_card":"summary_large_image","twitter_misc":{"Prijs":"","Beschikbaarheid":"Op voorraad"},"schema":{"@context":"https:\/\/schema.org","@graph":[{"@type":"WebPage","@id":"https:\/\/www.vanderendegroup.com\/nl\/product\/lowara-e-sh-zelfaanzuigend\/","url":"https:\/\/www.vanderendegroup.com\/nl\/product\/lowara-e-sh-zelfaanzuigend\/","name":"Lowara e-SH zelfaanzuigend | Officieel Lowara dealer | Van der Ende Group","isPartOf":{"@id":"\/#website"},"primaryImageOfPage":{"@id":"https:\/\/www.vanderendegroup.com\/nl\/product\/lowara-e-sh-zelfaanzuigend\/#primaryimage"},"image":{"@id":"https:\/\/www.vanderendegroup.com\/nl\/product\/lowara-e-sh-zelfaanzuigend\/#primaryimage"},"thumbnailUrl":"https:\/\/www.vanderendegroup.com\/nl\/wp-content\/uploads\/sites\/1\/2024\/10\/Lowara-e-SH-zelfaanzuigend-.png","datePublished":"2024-10-21T13:56:40+00:00","dateModified":"2026-02-09T14:29:46+00:00","description":"Lowara e-SH zelfaanzuigend | Van der Ende Group | \u2705 24\/7 Service in heel NL |\u2705 40+ jaar ervaring | \u2705 Grootste voorraad in NL | Bekijk direct de website!","breadcrumb":{"@id":"https:\/\/www.vanderendegroup.com\/nl\/product\/lowara-e-sh-zelfaanzuigend\/#breadcrumb"},"inLanguage":"nl-NL","potentialAction":[{"@type":"ReadAction","target":["https:\/\/www.vanderendegroup.com\/nl\/product\/lowara-e-sh-zelfaanzuigend\/"]}]},{"@type":"ImageObject","inLanguage":"nl-NL","@id":"https:\/\/www.vanderendegroup.com\/nl\/product\/lowara-e-sh-zelfaanzuigend\/#primaryimage","url":"https:\/\/www.vanderendegroup.com\/nl\/wp-content\/uploads\/sites\/1\/2024\/10\/Lowara-e-SH-zelfaanzuigend-.png","contentUrl":"https:\/\/www.vanderendegroup.com\/nl\/wp-content\/uploads\/sites\/1\/2024\/10\/Lowara-e-SH-zelfaanzuigend-.png","width":500,"height":500,"caption":"Lowara e-SH zelfaanzuigend gemaakt door Van der Ende group"},{"@type":"BreadcrumbList","@id":"https:\/\/www.vanderendegroup.com\/nl\/product\/lowara-e-sh-zelfaanzuigend\/#breadcrumb","itemListElement":[{"@type":"ListItem","position":1,"name":"Home","item":"https:\/\/www.vanderendegroup.com\/nl\/"},{"@type":"ListItem","position":2,"name":"Lowara e-SH zelfaanzuigend"}]},{"@type":"WebSite","@id":"\/#website","url":"\/","name":"Van der Ende Group","description":"Innovator, producent en leverancier van technische producten","publisher":{"@id":"\/#organization"},"potentialAction":[{"@type":"SearchAction","target":{"@type":"EntryPoint","urlTemplate":"\/?s={search_term_string}"},"query-input":{"@type":"PropertyValueSpecification","valueRequired":true,"valueName":"search_term_string"}}],"inLanguage":"nl-NL"},{"@type":"Organization","@id":"\/#organization","name":"Van der Ende Group","url":"\/","logo":{"@type":"ImageObject","inLanguage":"nl-NL","@id":"\/#\/schema\/logo\/image\/","url":"https:\/\/www.vanderendegroup.com\/nl\/wp-content\/uploads\/sites\/1\/2024\/09\/favicon-500x500px.png","contentUrl":"https:\/\/www.vanderendegroup.com\/nl\/wp-content\/uploads\/sites\/1\/2024\/09\/favicon-500x500px.png","width":500,"height":500,"caption":"Van der Ende Group"},"image":{"@id":"\/#\/schema\/logo\/image\/"},"hasMerchantReturnPolicy":{"@type":"MerchantReturnPolicy","merchantReturnLink":"https:\/\/www.vanderendegroup.com\/nl\/service\/garantie-en-retour\/"}}]},"product_price_amount":"0.00","product_price_currency":"EUR","og_availability":"instock","product_availability":"instock","product_retailer_item_id":"P008","product_condition":"new"},"taxonomy_info":{"aandrijving":[{"value":20,"label":"Elektromotor"}],"capaciteit":[{"value":40,"label":"02-10 m\u00b3\/h"},{"value":76,"label":"10-25 m\u00b3\/h"},{"value":41,"label":"25-100 m\u00b3\/h"},{"value":42,"label":"Meer dan 100 m\u00b3\/h"}],"materiaal":[{"value":32,"label":"RVS"}],"merk":[{"value":237,"label":"Lowara"},{"value":241,"label":"Van der Ende Group"}],"opvoerhoogte":[{"value":36,"label":"Max. 30-70 mwk"}],"sectoren":[{"value":43,"label":"Tuinbouw"}]},"featured_image_src_large":["https:\/\/www.vanderendegroup.com\/nl\/wp-content\/uploads\/sites\/1\/2024\/10\/Lowara-e-SH-zelfaanzuigend-.png",500,500,false],"author_info":[],"comment_info":"","mfb_rest_fields":["title","yoast_head","yoast_head_json","taxonomy_info","featured_image_src_large","author_info","comment_info"],"_links":{"self":[{"href":"https:\/\/www.vanderendegroup.com\/nl\/wp-json\/wp\/v2\/product\/7066","targetHints":{"allow":["GET"]}}],"collection":[{"href":"https:\/\/www.vanderendegroup.com\/nl\/wp-json\/wp\/v2\/product"}],"about":[{"href":"https:\/\/www.vanderendegroup.com\/nl\/wp-json\/wp\/v2\/types\/product"}],"wp:featuredmedia":[{"embeddable":true,"href":"https:\/\/www.vanderendegroup.com\/nl\/wp-json\/wp\/v2\/media\/8723"}],"wp:attachment":[{"href":"https:\/\/www.vanderendegroup.com\/nl\/wp-json\/wp\/v2\/media?parent=7066"}],"wp:term":[{"taxonomy":"product_brand","embeddable":true,"href":"https:\/\/www.vanderendegroup.com\/nl\/wp-json\/wp\/v2\/product_brand?post=7066"},{"taxonomy":"product_tag","embeddable":true,"href":"https:\/\/www.vanderendegroup.com\/nl\/wp-json\/wp\/v2\/product_tag?post=7066"},{"taxonomy":"aandrijving","embeddable":true,"href":"https:\/\/www.vanderendegroup.com\/nl\/wp-json\/wp\/v2\/aandrijving?post=7066"},{"taxonomy":"capaciteit","embeddable":true,"href":"https:\/\/www.vanderendegroup.com\/nl\/wp-json\/wp\/v2\/capaciteit?post=7066"},{"taxonomy":"materiaal","embeddable":true,"href":"https:\/\/www.vanderendegroup.com\/nl\/wp-json\/wp\/v2\/materiaal?post=7066"},{"taxonomy":"merk","embeddable":true,"href":"https:\/\/www.vanderendegroup.com\/nl\/wp-json\/wp\/v2\/merk?post=7066"},{"taxonomy":"opvoerhoogte","embeddable":true,"href":"https:\/\/www.vanderendegroup.com\/nl\/wp-json\/wp\/v2\/opvoerhoogte?post=7066"},{"taxonomy":"sectoren","embeddable":true,"href":"https:\/\/www.vanderendegroup.com\/nl\/wp-json\/wp\/v2\/sectoren?post=7066"}],"curies":[{"name":"wp","href":"https:\/\/api.w.org\/{rel}","templated":true}]}}