{"id":7064,"date":"2024-10-21T15:56:40","date_gmt":"2024-10-21T13:56:40","guid":{"rendered":"https:\/\/www.vanderendegroup.com\/product\/lowara-e-ixp\/"},"modified":"2026-02-09T16:10:08","modified_gmt":"2026-02-09T15:10:08","slug":"lowara-e-ixp","status":"publish","type":"product","link":"https:\/\/www.vanderendegroup.com\/nl\/product\/lowara-e-ixp\/","title":{"rendered":"Lowara e-IXP"},"content":{"rendered":"<p>De Lowara e-IXP (EIXP) is een normaalaanzuigende industri\u00eble pomp ontworpen volgens ISO 2858 en 5199 voor oplossing bij industri\u00eble toepassingen. Deze effici\u00ebnte pomp heeft een modulair ontwerp, waardoor zowel behuizing als waaier verkrijgbaar zijn in verschillende uitvoeringen en materialen.<\/p>\n<p>De geoptimaliseerde hydraulica maakt het mogelijk dat de e-IXP een verhoogd rendement behaalt en lagere levenscycluskosten heeft. Tevens is hij door standaardisatie eenvoudig te integreren in bestaande installaties. Deze serie is verkrijgbaar in meerdere uitvoeringen:<\/p>\n<ul>\n<li>e-IXPS \/ EIXPS (normmotor met opschuifas)<\/li>\n<li>e-IXPF \/ EIXPF (op fundatieplaat met askoppeling)<\/li>\n<li>e-IXPC \/ EIXPC (op fundatieplaat met verlengde askoppeling)<\/li>\n<li>e-IPX \/ EIPX (vrij as-uiteinde)<\/li>\n<\/ul>\n<p>&nbsp;<\/p>\n<p>Voor meer informatie over het merk Lowara, bekijk de <a href=\"https:\/\/www.vanderendegroup.com\/nl\/merken\/lowara\/\">Lowara merk-pagina<\/a>.<\/p>\n<p>Wilt u het complete assortiment Lowara-pompen bekijken? Ga naar het <a href=\"https:\/\/www.vanderendegroup.com\/nl\/lowara-pompen\/\">overzicht van Lowara-pompen<\/a>.<\/p>\n<p>&nbsp;<\/p>\n","protected":false},"excerpt":{"rendered":"<p>De Lowara e-IXP serie is een normaalaanzuigende centrifugaalpomp met enkele waaier en uitvoerbaar in verschillende materialen vanwege zijn modulaire ontwerp. Deze pomp is uitermate geschikt voor industri\u00eble toepassingen.<\/p>\n","protected":false},"featured_media":8556,"template":"","meta":{"_acf_changed":false,"_searchwp_excluded":"","_kad_blocks_custom_css":"","_kad_blocks_head_custom_js":"","_kad_blocks_body_custom_js":"","_kad_blocks_footer_custom_js":"","editor_notices":[]},"product_brand":[],"product_tag":[],"aandrijving":[20],"capaciteit":[39,40,76,41,42],"materiaal":[26,27,32],"merk":[237],"opvoerhoogte":[37],"sectoren":[45],"class_list":{"0":"post-7064","1":"product","2":"type-product","3":"status-publish","4":"has-post-thumbnail","6":"aandrijving-elektromotor","7":"capaciteit-0-2-m3h","8":"capaciteit-2-10-m3h","9":"capaciteit-10-25-m3-h","10":"capaciteit-25-100-m3h","11":"capaciteit-over-100-m3h","12":"materiaal-duplex","13":"materiaal-gietijzer","14":"materiaal-rvs","15":"merk-lowara","16":"opvoerhoogte-70-200-mwk","17":"sectoren-industrie","19":"first","20":"instock","21":"product-type-simple"},"acf":[],"mb":[],"yoast_head":"<!-- This site is optimized with the Yoast SEO Premium plugin v26.3 (Yoast SEO v27.2) - https:\/\/yoast.com\/product\/yoast-seo-premium-wordpress\/ -->\n<title>Lowara e-IXP | Officieel Lowara dealer | Van der Ende Group<\/title>\n<meta name=\"description\" content=\"Lowara e-IXP kopen? | Van der Ende Group | \u2705 24\/7 Service in heel NL |\u2705 40+ jaar ervaring | \u2705 Grootste voorraad in NL | Bekijk direct de website!\" \/>\n<meta name=\"robots\" content=\"index, follow, max-snippet:-1, max-image-preview:large, max-video-preview:-1\" \/>\n<link rel=\"canonical\" href=\"https:\/\/www.vanderendegroup.com\/nl\/product\/lowara-e-ixp\/\" \/>\n<meta property=\"og:locale\" content=\"nl_NL\" \/>\n<meta property=\"og:type\" content=\"article\" \/>\n<meta property=\"og:title\" content=\"Lowara e-IXP\" \/>\n<meta property=\"og:description\" content=\"Lowara e-IXP kopen? | Van der Ende Group | \u2705 24\/7 Service in heel NL |\u2705 40+ jaar ervaring | \u2705 Grootste voorraad in NL | Bekijk direct de website!\" \/>\n<meta property=\"og:url\" content=\"https:\/\/www.vanderendegroup.com\/nl\/product\/lowara-e-ixp\/\" \/>\n<meta property=\"og:site_name\" content=\"Van der Ende Group\" \/>\n<meta property=\"article:modified_time\" content=\"2026-02-09T15:10:08+00:00\" \/>\n<meta property=\"og:image\" content=\"https:\/\/www.vanderendegroup.com\/nl\/wp-content\/uploads\/sites\/1\/2024\/10\/Lowara-e-IXP.png\" \/>\n\t<meta property=\"og:image:width\" content=\"500\" \/>\n\t<meta property=\"og:image:height\" content=\"500\" \/>\n\t<meta property=\"og:image:type\" content=\"image\/png\" \/>\n<meta name=\"twitter:card\" content=\"summary_large_image\" \/>\n<meta name=\"twitter:label1\" content=\"Prijs\" \/>\n\t<meta name=\"twitter:data1\" content=\"\" \/>\n\t<meta name=\"twitter:label2\" content=\"Beschikbaarheid\" \/>\n\t<meta name=\"twitter:data2\" content=\"Op voorraad\" \/>\n<script type=\"application\/ld+json\" class=\"yoast-schema-graph\">{\"@context\":\"https:\/\/schema.org\",\"@graph\":[{\"@type\":\"WebPage\",\"@id\":\"https:\/\/www.vanderendegroup.com\/nl\/product\/lowara-e-ixp\/\",\"url\":\"https:\/\/www.vanderendegroup.com\/nl\/product\/lowara-e-ixp\/\",\"name\":\"Lowara e-IXP | Officieel Lowara dealer | Van der Ende Group\",\"isPartOf\":{\"@id\":\"\/#website\"},\"primaryImageOfPage\":{\"@id\":\"https:\/\/www.vanderendegroup.com\/nl\/product\/lowara-e-ixp\/#primaryimage\"},\"image\":{\"@id\":\"https:\/\/www.vanderendegroup.com\/nl\/product\/lowara-e-ixp\/#primaryimage\"},\"thumbnailUrl\":\"https:\/\/www.vanderendegroup.com\/nl\/wp-content\/uploads\/sites\/1\/2024\/10\/Lowara-e-IXP.png\",\"datePublished\":\"2024-10-21T13:56:40+00:00\",\"dateModified\":\"2026-02-09T15:10:08+00:00\",\"description\":\"Lowara e-IXP kopen? | Van der Ende Group | \u2705 24\/7 Service in heel NL |\u2705 40+ jaar ervaring | \u2705 Grootste voorraad in NL | Bekijk direct de website!\",\"breadcrumb\":{\"@id\":\"https:\/\/www.vanderendegroup.com\/nl\/product\/lowara-e-ixp\/#breadcrumb\"},\"inLanguage\":\"nl-NL\",\"potentialAction\":[{\"@type\":\"ReadAction\",\"target\":[\"https:\/\/www.vanderendegroup.com\/nl\/product\/lowara-e-ixp\/\"]}]},{\"@type\":\"ImageObject\",\"inLanguage\":\"nl-NL\",\"@id\":\"https:\/\/www.vanderendegroup.com\/nl\/product\/lowara-e-ixp\/#primaryimage\",\"url\":\"https:\/\/www.vanderendegroup.com\/nl\/wp-content\/uploads\/sites\/1\/2024\/10\/Lowara-e-IXP.png\",\"contentUrl\":\"https:\/\/www.vanderendegroup.com\/nl\/wp-content\/uploads\/sites\/1\/2024\/10\/Lowara-e-IXP.png\",\"width\":500,\"height\":500,\"caption\":\"Lowara e-IXP centrifugaalpomp ontworpen volgens ISO 2858 en 5199 voor industriele toepassingen\"},{\"@type\":\"BreadcrumbList\",\"@id\":\"https:\/\/www.vanderendegroup.com\/nl\/product\/lowara-e-ixp\/#breadcrumb\",\"itemListElement\":[{\"@type\":\"ListItem\",\"position\":1,\"name\":\"Home\",\"item\":\"https:\/\/www.vanderendegroup.com\/nl\/\"},{\"@type\":\"ListItem\",\"position\":2,\"name\":\"Lowara e-IXP\"}]},{\"@type\":\"WebSite\",\"@id\":\"\/#website\",\"url\":\"\/\",\"name\":\"Van der Ende Group\",\"description\":\"Innovator, producent en leverancier van technische producten\",\"publisher\":{\"@id\":\"\/#organization\"},\"potentialAction\":[{\"@type\":\"SearchAction\",\"target\":{\"@type\":\"EntryPoint\",\"urlTemplate\":\"\/?s={search_term_string}\"},\"query-input\":{\"@type\":\"PropertyValueSpecification\",\"valueRequired\":true,\"valueName\":\"search_term_string\"}}],\"inLanguage\":\"nl-NL\"},{\"@type\":\"Organization\",\"@id\":\"\/#organization\",\"name\":\"Van der Ende Group\",\"url\":\"\/\",\"logo\":{\"@type\":\"ImageObject\",\"inLanguage\":\"nl-NL\",\"@id\":\"\/#\/schema\/logo\/image\/\",\"url\":\"https:\/\/www.vanderendegroup.com\/nl\/wp-content\/uploads\/sites\/1\/2024\/09\/favicon-500x500px.png\",\"contentUrl\":\"https:\/\/www.vanderendegroup.com\/nl\/wp-content\/uploads\/sites\/1\/2024\/09\/favicon-500x500px.png\",\"width\":500,\"height\":500,\"caption\":\"Van der Ende Group\"},\"image\":{\"@id\":\"\/#\/schema\/logo\/image\/\"},\"hasMerchantReturnPolicy\":{\"@type\":\"MerchantReturnPolicy\",\"merchantReturnLink\":\"https:\/\/www.vanderendegroup.com\/nl\/service\/garantie-en-retour\/\"}}]}<\/script>\n<meta property=\"product:price:amount\" content=\"0.00\" \/>\n<meta property=\"product:price:currency\" content=\"EUR\" \/>\n<meta property=\"og:availability\" content=\"instock\" \/>\n<meta property=\"product:availability\" content=\"instock\" \/>\n<meta property=\"product:retailer_item_id\" content=\"P006\" \/>\n<meta property=\"product:condition\" content=\"new\" \/>\n<!-- \/ Yoast SEO Premium plugin. -->","yoast_head_json":{"title":"Lowara e-IXP | Officieel Lowara dealer | Van der Ende Group","description":"Lowara e-IXP kopen? | Van der Ende Group | \u2705 24\/7 Service in heel NL |\u2705 40+ jaar ervaring | \u2705 Grootste voorraad in NL | Bekijk direct de website!","robots":{"index":"index","follow":"follow","max-snippet":"max-snippet:-1","max-image-preview":"max-image-preview:large","max-video-preview":"max-video-preview:-1"},"canonical":"https:\/\/www.vanderendegroup.com\/nl\/product\/lowara-e-ixp\/","og_locale":"nl_NL","og_type":"article","og_title":"Lowara e-IXP","og_description":"Lowara e-IXP kopen? | Van der Ende Group | \u2705 24\/7 Service in heel NL |\u2705 40+ jaar ervaring | \u2705 Grootste voorraad in NL | Bekijk direct de website!","og_url":"https:\/\/www.vanderendegroup.com\/nl\/product\/lowara-e-ixp\/","og_site_name":"Van der Ende Group","article_modified_time":"2026-02-09T15:10:08+00:00","og_image":[{"width":500,"height":500,"url":"https:\/\/www.vanderendegroup.com\/nl\/wp-content\/uploads\/sites\/1\/2024\/10\/Lowara-e-IXP.png","type":"image\/png"}],"twitter_card":"summary_large_image","twitter_misc":{"Prijs":"","Beschikbaarheid":"Op voorraad"},"schema":{"@context":"https:\/\/schema.org","@graph":[{"@type":"WebPage","@id":"https:\/\/www.vanderendegroup.com\/nl\/product\/lowara-e-ixp\/","url":"https:\/\/www.vanderendegroup.com\/nl\/product\/lowara-e-ixp\/","name":"Lowara e-IXP | Officieel Lowara dealer | Van der Ende Group","isPartOf":{"@id":"\/#website"},"primaryImageOfPage":{"@id":"https:\/\/www.vanderendegroup.com\/nl\/product\/lowara-e-ixp\/#primaryimage"},"image":{"@id":"https:\/\/www.vanderendegroup.com\/nl\/product\/lowara-e-ixp\/#primaryimage"},"thumbnailUrl":"https:\/\/www.vanderendegroup.com\/nl\/wp-content\/uploads\/sites\/1\/2024\/10\/Lowara-e-IXP.png","datePublished":"2024-10-21T13:56:40+00:00","dateModified":"2026-02-09T15:10:08+00:00","description":"Lowara e-IXP kopen? | Van der Ende Group | \u2705 24\/7 Service in heel NL |\u2705 40+ jaar ervaring | \u2705 Grootste voorraad in NL | Bekijk direct de website!","breadcrumb":{"@id":"https:\/\/www.vanderendegroup.com\/nl\/product\/lowara-e-ixp\/#breadcrumb"},"inLanguage":"nl-NL","potentialAction":[{"@type":"ReadAction","target":["https:\/\/www.vanderendegroup.com\/nl\/product\/lowara-e-ixp\/"]}]},{"@type":"ImageObject","inLanguage":"nl-NL","@id":"https:\/\/www.vanderendegroup.com\/nl\/product\/lowara-e-ixp\/#primaryimage","url":"https:\/\/www.vanderendegroup.com\/nl\/wp-content\/uploads\/sites\/1\/2024\/10\/Lowara-e-IXP.png","contentUrl":"https:\/\/www.vanderendegroup.com\/nl\/wp-content\/uploads\/sites\/1\/2024\/10\/Lowara-e-IXP.png","width":500,"height":500,"caption":"Lowara e-IXP centrifugaalpomp ontworpen volgens ISO 2858 en 5199 voor industriele toepassingen"},{"@type":"BreadcrumbList","@id":"https:\/\/www.vanderendegroup.com\/nl\/product\/lowara-e-ixp\/#breadcrumb","itemListElement":[{"@type":"ListItem","position":1,"name":"Home","item":"https:\/\/www.vanderendegroup.com\/nl\/"},{"@type":"ListItem","position":2,"name":"Lowara e-IXP"}]},{"@type":"WebSite","@id":"\/#website","url":"\/","name":"Van der Ende Group","description":"Innovator, producent en leverancier van technische producten","publisher":{"@id":"\/#organization"},"potentialAction":[{"@type":"SearchAction","target":{"@type":"EntryPoint","urlTemplate":"\/?s={search_term_string}"},"query-input":{"@type":"PropertyValueSpecification","valueRequired":true,"valueName":"search_term_string"}}],"inLanguage":"nl-NL"},{"@type":"Organization","@id":"\/#organization","name":"Van der Ende Group","url":"\/","logo":{"@type":"ImageObject","inLanguage":"nl-NL","@id":"\/#\/schema\/logo\/image\/","url":"https:\/\/www.vanderendegroup.com\/nl\/wp-content\/uploads\/sites\/1\/2024\/09\/favicon-500x500px.png","contentUrl":"https:\/\/www.vanderendegroup.com\/nl\/wp-content\/uploads\/sites\/1\/2024\/09\/favicon-500x500px.png","width":500,"height":500,"caption":"Van der Ende Group"},"image":{"@id":"\/#\/schema\/logo\/image\/"},"hasMerchantReturnPolicy":{"@type":"MerchantReturnPolicy","merchantReturnLink":"https:\/\/www.vanderendegroup.com\/nl\/service\/garantie-en-retour\/"}}]},"product_price_amount":"0.00","product_price_currency":"EUR","og_availability":"instock","product_availability":"instock","product_retailer_item_id":"P006","product_condition":"new"},"taxonomy_info":{"aandrijving":[{"value":20,"label":"Elektromotor"}],"capaciteit":[{"value":39,"label":"0-2 m\u00b3\/h"},{"value":40,"label":"02-10 m\u00b3\/h"},{"value":76,"label":"10-25 m\u00b3\/h"},{"value":41,"label":"25-100 m\u00b3\/h"},{"value":42,"label":"Meer dan 100 m\u00b3\/h"}],"materiaal":[{"value":26,"label":"Duplex"},{"value":27,"label":"Gietijzer"},{"value":32,"label":"RVS"}],"merk":[{"value":237,"label":"Lowara"}],"opvoerhoogte":[{"value":37,"label":"Max. 70-200 mwk"}],"sectoren":[{"value":45,"label":"Industrie"}]},"featured_image_src_large":["https:\/\/www.vanderendegroup.com\/nl\/wp-content\/uploads\/sites\/1\/2024\/10\/Lowara-e-IXP.png",500,500,false],"author_info":[],"comment_info":"","mfb_rest_fields":["title","yoast_head","yoast_head_json","taxonomy_info","featured_image_src_large","author_info","comment_info"],"_links":{"self":[{"href":"https:\/\/www.vanderendegroup.com\/nl\/wp-json\/wp\/v2\/product\/7064","targetHints":{"allow":["GET"]}}],"collection":[{"href":"https:\/\/www.vanderendegroup.com\/nl\/wp-json\/wp\/v2\/product"}],"about":[{"href":"https:\/\/www.vanderendegroup.com\/nl\/wp-json\/wp\/v2\/types\/product"}],"wp:featuredmedia":[{"embeddable":true,"href":"https:\/\/www.vanderendegroup.com\/nl\/wp-json\/wp\/v2\/media\/8556"}],"wp:attachment":[{"href":"https:\/\/www.vanderendegroup.com\/nl\/wp-json\/wp\/v2\/media?parent=7064"}],"wp:term":[{"taxonomy":"product_brand","embeddable":true,"href":"https:\/\/www.vanderendegroup.com\/nl\/wp-json\/wp\/v2\/product_brand?post=7064"},{"taxonomy":"product_tag","embeddable":true,"href":"https:\/\/www.vanderendegroup.com\/nl\/wp-json\/wp\/v2\/product_tag?post=7064"},{"taxonomy":"aandrijving","embeddable":true,"href":"https:\/\/www.vanderendegroup.com\/nl\/wp-json\/wp\/v2\/aandrijving?post=7064"},{"taxonomy":"capaciteit","embeddable":true,"href":"https:\/\/www.vanderendegroup.com\/nl\/wp-json\/wp\/v2\/capaciteit?post=7064"},{"taxonomy":"materiaal","embeddable":true,"href":"https:\/\/www.vanderendegroup.com\/nl\/wp-json\/wp\/v2\/materiaal?post=7064"},{"taxonomy":"merk","embeddable":true,"href":"https:\/\/www.vanderendegroup.com\/nl\/wp-json\/wp\/v2\/merk?post=7064"},{"taxonomy":"opvoerhoogte","embeddable":true,"href":"https:\/\/www.vanderendegroup.com\/nl\/wp-json\/wp\/v2\/opvoerhoogte?post=7064"},{"taxonomy":"sectoren","embeddable":true,"href":"https:\/\/www.vanderendegroup.com\/nl\/wp-json\/wp\/v2\/sectoren?post=7064"}],"curies":[{"name":"wp","href":"https:\/\/api.w.org\/{rel}","templated":true}]}}