{"id":7061,"date":"2024-10-21T15:56:40","date_gmt":"2024-10-21T13:56:40","guid":{"rendered":"https:\/\/www.vanderendegroup.com\/product\/lowara-e-nsc\/"},"modified":"2026-03-23T10:49:38","modified_gmt":"2026-03-23T09:49:38","slug":"lowara-e-nsc","status":"publish","type":"product","link":"https:\/\/www.vanderendegroup.com\/nl\/product\/lowara-e-nsc\/","title":{"rendered":"Lowara e-NSC"},"content":{"rendered":"<p>De Lowara e-NSC (ENSC) is een effici\u00ebnte afzuigingspomp voor het transport van water en schone vloeistoffen in de agrarische en industri\u00eble sector en voor de woning- en utiliteitsbouw. Het hoog effici\u00ebnt hydraulisch systeem en de hoog rendement IE3 motoren zorgen voor lage bedrijfskosten. Deze kunnen nog verder verminderd worden door toevoeging van een frequentieregelaar. Het gietijzeren pomphuis heeft een hoge treksterkte waardoor het geschikt is voor machineonderdelen waar meer mechanische kracht op uitgeoefend wordt.\u00a0Deze serie is verkrijgbaar in meerdere uitvoeringen:<\/p>\n<p>&nbsp;<\/p>\n<ul>\n<li>e-NSCE \/ ENSCE\u00a0(kortgekoppeld met verlengde motoras)<\/li>\n<li>e-NSCS \/ ENSCS (normmotor met opschuifas)<\/li>\n<li>e-NSCF \/ ENSCF (op fundatieplaat met askoppeling)<\/li>\n<li>e-NSCC \/ ENSCC (op fundatieplaat met verlengde askoppeling)<\/li>\n<li>e-NSC \/ ENSC (vrij as-uiteinde)<\/li>\n<\/ul>\n<p>&nbsp;<\/p>\n<p>De Lowara e-NSC serie is tevens beschikbaar in 60 Hz met een cU<span style=\"font-family: Helvetica\">\u042f<\/span>us keur, geschikt voor de Noord-Amerikaanse markt. Klik <a class=\"on\" href=\"https:\/\/www.vanderendegroup.com\/nl\/lowara-multi-voltage-motoren\/\">hier<\/a>\u00a0voor meer technische informatie.<\/p>\n<p>&nbsp;<\/p>\n<p>Voor meer informatie over het merk Lowara, bekijk de <a href=\"https:\/\/www.vanderendegroup.com\/nl\/merken\/lowara\/\">Lowara merk-pagina<\/a>.<\/p>\n<p>Wilt u het complete assortiment Lowara-pompen bekijken? Ga naar het <a href=\"https:\/\/www.vanderendegroup.com\/nl\/lowara-pompen\/\">overzicht van Lowara-pompen<\/a>.<\/p>\n<p>&nbsp;<\/p>\n","protected":false},"excerpt":{"rendered":"<p>De Lowara e-NSC serie is een gietijzeren centrifugaalpomp, geschikt voor transport van water en schone vloeistoffen.<\/p>\n","protected":false},"featured_media":8721,"template":"","meta":{"_acf_changed":false,"_searchwp_excluded":"","_kad_blocks_custom_css":"","_kad_blocks_head_custom_js":"","_kad_blocks_body_custom_js":"","_kad_blocks_footer_custom_js":"","editor_notices":[]},"product_brand":[],"product_tag":[],"aandrijving":[20],"capaciteit":[40,76,41,42],"materiaal":[25,26,27],"merk":[237],"opvoerhoogte":[37],"sectoren":[45,43],"class_list":{"0":"post-7061","1":"product","2":"type-product","3":"status-publish","4":"has-post-thumbnail","6":"aandrijving-elektromotor","7":"capaciteit-2-10-m3h","8":"capaciteit-10-25-m3-h","9":"capaciteit-25-100-m3h","10":"capaciteit-over-100-m3h","11":"materiaal-brons","12":"materiaal-duplex","13":"materiaal-gietijzer","14":"merk-lowara","15":"opvoerhoogte-70-200-mwk","16":"sectoren-industrie","17":"sectoren-tuinbouw","19":"first","20":"instock","21":"product-type-simple"},"acf":[],"mb":[],"yoast_head":"<!-- This site is optimized with the Yoast SEO Premium plugin v26.3 (Yoast SEO v27.2) - https:\/\/yoast.com\/product\/yoast-seo-premium-wordpress\/ -->\n<title>Lowara e-NSC | Officieel Lowara dealer | Van der Ende Group<\/title>\n<meta name=\"description\" content=\"Lowara e-NSC kopen? | Van der Ende Group | \u2705 24\/7 Service in heel NL |\u2705 40+ jaar ervaring | \u2705 Grootste voorraad in NL | Bekijk direct de website!\" \/>\n<meta name=\"robots\" content=\"index, follow, max-snippet:-1, max-image-preview:large, max-video-preview:-1\" \/>\n<link rel=\"canonical\" href=\"https:\/\/www.vanderendegroup.com\/nl\/product\/lowara-e-nsc\/\" \/>\n<meta property=\"og:locale\" content=\"nl_NL\" \/>\n<meta property=\"og:type\" content=\"article\" \/>\n<meta property=\"og:title\" content=\"Lowara e-NSC\" \/>\n<meta property=\"og:description\" content=\"Lowara e-NSC kopen? | Van der Ende Group | \u2705 24\/7 Service in heel NL |\u2705 40+ jaar ervaring | \u2705 Grootste voorraad in NL | Bekijk direct de website!\" \/>\n<meta property=\"og:url\" content=\"https:\/\/www.vanderendegroup.com\/nl\/product\/lowara-e-nsc\/\" \/>\n<meta property=\"og:site_name\" content=\"Van der Ende Group\" \/>\n<meta property=\"article:modified_time\" content=\"2026-03-23T09:49:38+00:00\" \/>\n<meta property=\"og:image\" content=\"https:\/\/www.vanderendegroup.com\/nl\/wp-content\/uploads\/sites\/1\/2024\/10\/Lowara-e-NSC-.png\" \/>\n\t<meta property=\"og:image:width\" content=\"500\" \/>\n\t<meta property=\"og:image:height\" content=\"500\" \/>\n\t<meta property=\"og:image:type\" content=\"image\/png\" \/>\n<meta name=\"twitter:card\" content=\"summary_large_image\" \/>\n<meta name=\"twitter:label1\" content=\"Prijs\" \/>\n\t<meta name=\"twitter:data1\" content=\"\" \/>\n\t<meta name=\"twitter:label2\" content=\"Beschikbaarheid\" \/>\n\t<meta name=\"twitter:data2\" content=\"Op voorraad\" \/>\n<script type=\"application\/ld+json\" class=\"yoast-schema-graph\">{\"@context\":\"https:\/\/schema.org\",\"@graph\":[{\"@type\":\"WebPage\",\"@id\":\"https:\/\/www.vanderendegroup.com\/nl\/product\/lowara-e-nsc\/\",\"url\":\"https:\/\/www.vanderendegroup.com\/nl\/product\/lowara-e-nsc\/\",\"name\":\"Lowara e-NSC | Officieel Lowara dealer | Van der Ende Group\",\"isPartOf\":{\"@id\":\"\/#website\"},\"primaryImageOfPage\":{\"@id\":\"https:\/\/www.vanderendegroup.com\/nl\/product\/lowara-e-nsc\/#primaryimage\"},\"image\":{\"@id\":\"https:\/\/www.vanderendegroup.com\/nl\/product\/lowara-e-nsc\/#primaryimage\"},\"thumbnailUrl\":\"https:\/\/www.vanderendegroup.com\/nl\/wp-content\/uploads\/sites\/1\/2024\/10\/Lowara-e-NSC-.png\",\"datePublished\":\"2024-10-21T13:56:40+00:00\",\"dateModified\":\"2026-03-23T09:49:38+00:00\",\"description\":\"Lowara e-NSC kopen? | Van der Ende Group | \u2705 24\/7 Service in heel NL |\u2705 40+ jaar ervaring | \u2705 Grootste voorraad in NL | Bekijk direct de website!\",\"breadcrumb\":{\"@id\":\"https:\/\/www.vanderendegroup.com\/nl\/product\/lowara-e-nsc\/#breadcrumb\"},\"inLanguage\":\"nl-NL\",\"potentialAction\":[{\"@type\":\"ReadAction\",\"target\":[\"https:\/\/www.vanderendegroup.com\/nl\/product\/lowara-e-nsc\/\"]}]},{\"@type\":\"ImageObject\",\"inLanguage\":\"nl-NL\",\"@id\":\"https:\/\/www.vanderendegroup.com\/nl\/product\/lowara-e-nsc\/#primaryimage\",\"url\":\"https:\/\/www.vanderendegroup.com\/nl\/wp-content\/uploads\/sites\/1\/2024\/10\/Lowara-e-NSC-.png\",\"contentUrl\":\"https:\/\/www.vanderendegroup.com\/nl\/wp-content\/uploads\/sites\/1\/2024\/10\/Lowara-e-NSC-.png\",\"width\":500,\"height\":500,\"caption\":\"Lowara e-NSCS normotor met opschuifas\"},{\"@type\":\"BreadcrumbList\",\"@id\":\"https:\/\/www.vanderendegroup.com\/nl\/product\/lowara-e-nsc\/#breadcrumb\",\"itemListElement\":[{\"@type\":\"ListItem\",\"position\":1,\"name\":\"Home\",\"item\":\"https:\/\/www.vanderendegroup.com\/nl\/\"},{\"@type\":\"ListItem\",\"position\":2,\"name\":\"Lowara e-NSC\"}]},{\"@type\":\"WebSite\",\"@id\":\"\/#website\",\"url\":\"\/\",\"name\":\"Van der Ende Group\",\"description\":\"Innovator, producent en leverancier van technische producten\",\"publisher\":{\"@id\":\"\/#organization\"},\"potentialAction\":[{\"@type\":\"SearchAction\",\"target\":{\"@type\":\"EntryPoint\",\"urlTemplate\":\"\/?s={search_term_string}\"},\"query-input\":{\"@type\":\"PropertyValueSpecification\",\"valueRequired\":true,\"valueName\":\"search_term_string\"}}],\"inLanguage\":\"nl-NL\"},{\"@type\":\"Organization\",\"@id\":\"\/#organization\",\"name\":\"Van der Ende Group\",\"url\":\"\/\",\"logo\":{\"@type\":\"ImageObject\",\"inLanguage\":\"nl-NL\",\"@id\":\"\/#\/schema\/logo\/image\/\",\"url\":\"https:\/\/www.vanderendegroup.com\/nl\/wp-content\/uploads\/sites\/1\/2024\/09\/favicon-500x500px.png\",\"contentUrl\":\"https:\/\/www.vanderendegroup.com\/nl\/wp-content\/uploads\/sites\/1\/2024\/09\/favicon-500x500px.png\",\"width\":500,\"height\":500,\"caption\":\"Van der Ende Group\"},\"image\":{\"@id\":\"\/#\/schema\/logo\/image\/\"},\"hasMerchantReturnPolicy\":{\"@type\":\"MerchantReturnPolicy\",\"merchantReturnLink\":\"https:\/\/www.vanderendegroup.com\/nl\/service\/garantie-en-retour\/\"}}]}<\/script>\n<meta property=\"product:price:amount\" content=\"0.00\" \/>\n<meta property=\"product:price:currency\" content=\"EUR\" \/>\n<meta property=\"og:availability\" content=\"instock\" \/>\n<meta property=\"product:availability\" content=\"instock\" \/>\n<meta property=\"product:retailer_item_id\" content=\"P003\" \/>\n<meta property=\"product:condition\" content=\"new\" \/>\n<!-- \/ Yoast SEO Premium plugin. -->","yoast_head_json":{"title":"Lowara e-NSC | Officieel Lowara dealer | Van der Ende Group","description":"Lowara e-NSC kopen? | Van der Ende Group | \u2705 24\/7 Service in heel NL |\u2705 40+ jaar ervaring | \u2705 Grootste voorraad in NL | Bekijk direct de website!","robots":{"index":"index","follow":"follow","max-snippet":"max-snippet:-1","max-image-preview":"max-image-preview:large","max-video-preview":"max-video-preview:-1"},"canonical":"https:\/\/www.vanderendegroup.com\/nl\/product\/lowara-e-nsc\/","og_locale":"nl_NL","og_type":"article","og_title":"Lowara e-NSC","og_description":"Lowara e-NSC kopen? | Van der Ende Group | \u2705 24\/7 Service in heel NL |\u2705 40+ jaar ervaring | \u2705 Grootste voorraad in NL | Bekijk direct de website!","og_url":"https:\/\/www.vanderendegroup.com\/nl\/product\/lowara-e-nsc\/","og_site_name":"Van der Ende Group","article_modified_time":"2026-03-23T09:49:38+00:00","og_image":[{"width":500,"height":500,"url":"https:\/\/www.vanderendegroup.com\/nl\/wp-content\/uploads\/sites\/1\/2024\/10\/Lowara-e-NSC-.png","type":"image\/png"}],"twitter_card":"summary_large_image","twitter_misc":{"Prijs":"","Beschikbaarheid":"Op voorraad"},"schema":{"@context":"https:\/\/schema.org","@graph":[{"@type":"WebPage","@id":"https:\/\/www.vanderendegroup.com\/nl\/product\/lowara-e-nsc\/","url":"https:\/\/www.vanderendegroup.com\/nl\/product\/lowara-e-nsc\/","name":"Lowara e-NSC | Officieel Lowara dealer | Van der Ende Group","isPartOf":{"@id":"\/#website"},"primaryImageOfPage":{"@id":"https:\/\/www.vanderendegroup.com\/nl\/product\/lowara-e-nsc\/#primaryimage"},"image":{"@id":"https:\/\/www.vanderendegroup.com\/nl\/product\/lowara-e-nsc\/#primaryimage"},"thumbnailUrl":"https:\/\/www.vanderendegroup.com\/nl\/wp-content\/uploads\/sites\/1\/2024\/10\/Lowara-e-NSC-.png","datePublished":"2024-10-21T13:56:40+00:00","dateModified":"2026-03-23T09:49:38+00:00","description":"Lowara e-NSC kopen? | Van der Ende Group | \u2705 24\/7 Service in heel NL |\u2705 40+ jaar ervaring | \u2705 Grootste voorraad in NL | Bekijk direct de website!","breadcrumb":{"@id":"https:\/\/www.vanderendegroup.com\/nl\/product\/lowara-e-nsc\/#breadcrumb"},"inLanguage":"nl-NL","potentialAction":[{"@type":"ReadAction","target":["https:\/\/www.vanderendegroup.com\/nl\/product\/lowara-e-nsc\/"]}]},{"@type":"ImageObject","inLanguage":"nl-NL","@id":"https:\/\/www.vanderendegroup.com\/nl\/product\/lowara-e-nsc\/#primaryimage","url":"https:\/\/www.vanderendegroup.com\/nl\/wp-content\/uploads\/sites\/1\/2024\/10\/Lowara-e-NSC-.png","contentUrl":"https:\/\/www.vanderendegroup.com\/nl\/wp-content\/uploads\/sites\/1\/2024\/10\/Lowara-e-NSC-.png","width":500,"height":500,"caption":"Lowara e-NSCS normotor met opschuifas"},{"@type":"BreadcrumbList","@id":"https:\/\/www.vanderendegroup.com\/nl\/product\/lowara-e-nsc\/#breadcrumb","itemListElement":[{"@type":"ListItem","position":1,"name":"Home","item":"https:\/\/www.vanderendegroup.com\/nl\/"},{"@type":"ListItem","position":2,"name":"Lowara e-NSC"}]},{"@type":"WebSite","@id":"\/#website","url":"\/","name":"Van der Ende Group","description":"Innovator, producent en leverancier van technische producten","publisher":{"@id":"\/#organization"},"potentialAction":[{"@type":"SearchAction","target":{"@type":"EntryPoint","urlTemplate":"\/?s={search_term_string}"},"query-input":{"@type":"PropertyValueSpecification","valueRequired":true,"valueName":"search_term_string"}}],"inLanguage":"nl-NL"},{"@type":"Organization","@id":"\/#organization","name":"Van der Ende Group","url":"\/","logo":{"@type":"ImageObject","inLanguage":"nl-NL","@id":"\/#\/schema\/logo\/image\/","url":"https:\/\/www.vanderendegroup.com\/nl\/wp-content\/uploads\/sites\/1\/2024\/09\/favicon-500x500px.png","contentUrl":"https:\/\/www.vanderendegroup.com\/nl\/wp-content\/uploads\/sites\/1\/2024\/09\/favicon-500x500px.png","width":500,"height":500,"caption":"Van der Ende Group"},"image":{"@id":"\/#\/schema\/logo\/image\/"},"hasMerchantReturnPolicy":{"@type":"MerchantReturnPolicy","merchantReturnLink":"https:\/\/www.vanderendegroup.com\/nl\/service\/garantie-en-retour\/"}}]},"product_price_amount":"0.00","product_price_currency":"EUR","og_availability":"instock","product_availability":"instock","product_retailer_item_id":"P003","product_condition":"new"},"taxonomy_info":{"aandrijving":[{"value":20,"label":"Elektromotor"}],"capaciteit":[{"value":40,"label":"02-10 m\u00b3\/h"},{"value":76,"label":"10-25 m\u00b3\/h"},{"value":41,"label":"25-100 m\u00b3\/h"},{"value":42,"label":"Meer dan 100 m\u00b3\/h"}],"materiaal":[{"value":25,"label":"Brons"},{"value":26,"label":"Duplex"},{"value":27,"label":"Gietijzer"}],"merk":[{"value":237,"label":"Lowara"}],"opvoerhoogte":[{"value":37,"label":"Max. 70-200 mwk"}],"sectoren":[{"value":45,"label":"Industrie"},{"value":43,"label":"Tuinbouw"}]},"featured_image_src_large":["https:\/\/www.vanderendegroup.com\/nl\/wp-content\/uploads\/sites\/1\/2024\/10\/Lowara-e-NSC-.png",500,500,false],"author_info":[],"comment_info":"","mfb_rest_fields":["title","yoast_head","yoast_head_json","taxonomy_info","featured_image_src_large","author_info","comment_info"],"_links":{"self":[{"href":"https:\/\/www.vanderendegroup.com\/nl\/wp-json\/wp\/v2\/product\/7061","targetHints":{"allow":["GET"]}}],"collection":[{"href":"https:\/\/www.vanderendegroup.com\/nl\/wp-json\/wp\/v2\/product"}],"about":[{"href":"https:\/\/www.vanderendegroup.com\/nl\/wp-json\/wp\/v2\/types\/product"}],"wp:featuredmedia":[{"embeddable":true,"href":"https:\/\/www.vanderendegroup.com\/nl\/wp-json\/wp\/v2\/media\/8721"}],"wp:attachment":[{"href":"https:\/\/www.vanderendegroup.com\/nl\/wp-json\/wp\/v2\/media?parent=7061"}],"wp:term":[{"taxonomy":"product_brand","embeddable":true,"href":"https:\/\/www.vanderendegroup.com\/nl\/wp-json\/wp\/v2\/product_brand?post=7061"},{"taxonomy":"product_tag","embeddable":true,"href":"https:\/\/www.vanderendegroup.com\/nl\/wp-json\/wp\/v2\/product_tag?post=7061"},{"taxonomy":"aandrijving","embeddable":true,"href":"https:\/\/www.vanderendegroup.com\/nl\/wp-json\/wp\/v2\/aandrijving?post=7061"},{"taxonomy":"capaciteit","embeddable":true,"href":"https:\/\/www.vanderendegroup.com\/nl\/wp-json\/wp\/v2\/capaciteit?post=7061"},{"taxonomy":"materiaal","embeddable":true,"href":"https:\/\/www.vanderendegroup.com\/nl\/wp-json\/wp\/v2\/materiaal?post=7061"},{"taxonomy":"merk","embeddable":true,"href":"https:\/\/www.vanderendegroup.com\/nl\/wp-json\/wp\/v2\/merk?post=7061"},{"taxonomy":"opvoerhoogte","embeddable":true,"href":"https:\/\/www.vanderendegroup.com\/nl\/wp-json\/wp\/v2\/opvoerhoogte?post=7061"},{"taxonomy":"sectoren","embeddable":true,"href":"https:\/\/www.vanderendegroup.com\/nl\/wp-json\/wp\/v2\/sectoren?post=7061"}],"curies":[{"name":"wp","href":"https:\/\/api.w.org\/{rel}","templated":true}]}}