{"id":13802,"date":"2025-02-06T13:12:23","date_gmt":"2025-02-06T12:12:23","guid":{"rendered":"https:\/\/www.vanderendegroup.com\/nl\/?post_type=product&#038;p=13802"},"modified":"2026-01-16T14:11:14","modified_gmt":"2026-01-16T13:11:14","slug":"optimyze","status":"publish","type":"product","link":"https:\/\/www.vanderendegroup.com\/nl\/product\/optimyze\/","title":{"rendered":"Optimyze"},"content":{"rendered":"<p>Optimyze is geschikt voor alle droog opgestelde pompen, zowel nieuwe als reeds ge\u00efnstalleerde modellen. Het systeem verzamelt en analyseert continu trillingen, temperatuur en druk van \u00e9\u00e9n of meerdere pompen, waardoor afwijkingen vroegtijdig worden gedetecteerd. Problemen zoals cavitatie, lagerschade en onbalans worden tijdig opgemerkt, waardoor storingen voorkomen kunnen worden.<\/p>\n<p>&nbsp;<\/p>\n<p>Door deze continue monitoring kan onderhoud worden gepland op basis van daadwerkelijke slijtage en prestaties, in plaats van vaste onderhoudsintervallen. Dit verhoogt niet alleen de betrouwbaarheid van de pompinstallatie, maar zorgt ook voor een effici\u00ebnter onderhoudsproces.<\/p>\n<p>&nbsp;<\/p>\n<p>Via een intu\u00eftief dashboard heeft de gebruiker altijd en overal inzicht in de status van de pomp. Storingen worden direct op locatie aangegeven met een LED-indicator en zijn ook op afstand zichtbaar via Avensor, dat toegankelijk is als mobiele app en web-based tool via de browser. Gebruikers kunnen inloggen op het Avensor-dashboard via deze <a href=\"https:\/\/cloud.xylem.com\/avensor\">link<\/a>. Hierdoor wordt onverwachte downtime tot een minimum beperkt en worden onderhoudskosten verlaagd.<\/p>\n<p>&nbsp;<\/p>\n<p>Of het nu gaat om cavitatie, lagerschade of onbalans, Optimyze detecteert het vroegtijdig en helpt zo schade en stilstand te voorkomen. Door historische gegevens te vergelijken met actuele metingen biedt het systeem inzicht in de prestaties van de pomp en draagt het bij aan een effici\u00ebnte en duurzame werking van installaties.<\/p>\n<p>&nbsp;<\/p>\n<p>Optimyze biedt waardevolle inzichten voor toepassingen in de glastuinbouw, zoals:<\/p>\n<ul>\n<li>Irrigatie \u2013 effici\u00ebnter waterbeheer en minder storingen.<\/li>\n<li>Verwarming \u2013 optimalisatie van energieverbruik en bedrijfszekerheid.<\/li>\n<li>WKK &amp; geothermie \u2013 verhoogde prestaties en minder onderhoudskosten.<\/li>\n<\/ul>\n<p>Alle gegevens worden opgeslagen en overzichtelijk gepresenteerd in het dashboard. Dit helpt gebruikers om onderhoud op tijd in te plannen en de effici\u00ebntie van hun installaties te maximaliseren.<\/p>\n","protected":false},"excerpt":{"rendered":"<p>Optimyze is een sensor voor trillingen, temperatuur en druk die uw proces betrouwbaarder en energiezuiniger maakt. Met direct inzicht voorkomt u storingen en ontvangt u direct meldingen bij afwijkend gedrag, zodat onderhoud voorspelbaar en effici\u00ebnt blijft.<\/p>\n","protected":false},"featured_media":13809,"template":"","meta":{"_acf_changed":false,"_searchwp_excluded":"","_kad_blocks_custom_css":"","_kad_blocks_head_custom_js":"","_kad_blocks_body_custom_js":"","_kad_blocks_footer_custom_js":"","editor_notices":[]},"product_brand":[],"product_tag":[],"aandrijving":[],"capaciteit":[],"materiaal":[],"merk":[273],"opvoerhoogte":[],"sectoren":[43],"class_list":{"0":"post-13802","1":"product","2":"type-product","3":"status-publish","4":"has-post-thumbnail","6":"merk-xylem","7":"sectoren-tuinbouw","9":"first","10":"instock","11":"shipping-taxable","12":"product-type-simple"},"acf":[],"mb":[],"yoast_head":"<!-- This site is optimized with the Yoast SEO Premium plugin v26.3 (Yoast SEO v27.2) - https:\/\/yoast.com\/product\/yoast-seo-premium-wordpress\/ -->\n<title>Optimyze sensor | Van der Ende Group | #1 Technische accessoire<\/title>\n<meta name=\"description\" content=\"Optimyze pompsensor | Van der Ende Group | \u2705 Trillingen, temperatuur en druk meten | \u2705 Betrouwbaar | \u2705 Energiezuinig | Bekijk de website nu!\" \/>\n<meta name=\"robots\" content=\"index, follow, max-snippet:-1, max-image-preview:large, max-video-preview:-1\" \/>\n<link rel=\"canonical\" href=\"https:\/\/www.vanderendegroup.com\/nl\/product\/optimyze\/\" \/>\n<meta property=\"og:locale\" content=\"nl_NL\" \/>\n<meta property=\"og:type\" content=\"article\" \/>\n<meta property=\"og:title\" content=\"Optimyze\" \/>\n<meta property=\"og:description\" content=\"Optimyze pompsensor | Van der Ende Group | \u2705 Trillingen, temperatuur en druk meten | \u2705 Betrouwbaar | \u2705 Energiezuinig | Bekijk de website nu!\" \/>\n<meta property=\"og:url\" content=\"https:\/\/www.vanderendegroup.com\/nl\/product\/optimyze\/\" \/>\n<meta property=\"og:site_name\" content=\"Van der Ende Group\" \/>\n<meta property=\"article:modified_time\" content=\"2026-01-16T13:11:14+00:00\" \/>\n<meta property=\"og:image\" content=\"https:\/\/www.vanderendegroup.com\/nl\/wp-content\/uploads\/sites\/1\/2025\/02\/Optimyze.png\" \/>\n\t<meta property=\"og:image:width\" content=\"1080\" \/>\n\t<meta property=\"og:image:height\" content=\"810\" \/>\n\t<meta property=\"og:image:type\" content=\"image\/png\" \/>\n<meta name=\"twitter:card\" content=\"summary_large_image\" \/>\n<meta name=\"twitter:label1\" content=\"Prijs\" \/>\n\t<meta name=\"twitter:data1\" content=\"\" \/>\n\t<meta name=\"twitter:label2\" content=\"Beschikbaarheid\" \/>\n\t<meta name=\"twitter:data2\" content=\"Op voorraad\" \/>\n<script type=\"application\/ld+json\" class=\"yoast-schema-graph\">{\"@context\":\"https:\/\/schema.org\",\"@graph\":[{\"@type\":\"WebPage\",\"@id\":\"https:\/\/www.vanderendegroup.com\/nl\/product\/optimyze\/\",\"url\":\"https:\/\/www.vanderendegroup.com\/nl\/product\/optimyze\/\",\"name\":\"Optimyze sensor | Van der Ende Group | #1 Technische accessoire\",\"isPartOf\":{\"@id\":\"\/#website\"},\"primaryImageOfPage\":{\"@id\":\"https:\/\/www.vanderendegroup.com\/nl\/product\/optimyze\/#primaryimage\"},\"image\":{\"@id\":\"https:\/\/www.vanderendegroup.com\/nl\/product\/optimyze\/#primaryimage\"},\"thumbnailUrl\":\"https:\/\/www.vanderendegroup.com\/nl\/wp-content\/uploads\/sites\/1\/2025\/02\/Optimyze.png\",\"datePublished\":\"2025-02-06T12:12:23+00:00\",\"dateModified\":\"2026-01-16T13:11:14+00:00\",\"description\":\"Optimyze pompsensor | Van der Ende Group | \u2705 Trillingen, temperatuur en druk meten | \u2705 Betrouwbaar | \u2705 Energiezuinig | Bekijk de website nu!\",\"breadcrumb\":{\"@id\":\"https:\/\/www.vanderendegroup.com\/nl\/product\/optimyze\/#breadcrumb\"},\"inLanguage\":\"nl-NL\",\"potentialAction\":[{\"@type\":\"ReadAction\",\"target\":[\"https:\/\/www.vanderendegroup.com\/nl\/product\/optimyze\/\"]}]},{\"@type\":\"ImageObject\",\"inLanguage\":\"nl-NL\",\"@id\":\"https:\/\/www.vanderendegroup.com\/nl\/product\/optimyze\/#primaryimage\",\"url\":\"https:\/\/www.vanderendegroup.com\/nl\/wp-content\/uploads\/sites\/1\/2025\/02\/Optimyze.png\",\"contentUrl\":\"https:\/\/www.vanderendegroup.com\/nl\/wp-content\/uploads\/sites\/1\/2025\/02\/Optimyze.png\",\"width\":1080,\"height\":810,\"caption\":\"Optimyze sensor van xylem voor inzicht van uw pomp\"},{\"@type\":\"BreadcrumbList\",\"@id\":\"https:\/\/www.vanderendegroup.com\/nl\/product\/optimyze\/#breadcrumb\",\"itemListElement\":[{\"@type\":\"ListItem\",\"position\":1,\"name\":\"Home\",\"item\":\"https:\/\/www.vanderendegroup.com\/nl\/\"},{\"@type\":\"ListItem\",\"position\":2,\"name\":\"Optimyze\"}]},{\"@type\":\"WebSite\",\"@id\":\"\/#website\",\"url\":\"\/\",\"name\":\"Van der Ende Group\",\"description\":\"Innovator, producent en leverancier van technische producten\",\"publisher\":{\"@id\":\"\/#organization\"},\"potentialAction\":[{\"@type\":\"SearchAction\",\"target\":{\"@type\":\"EntryPoint\",\"urlTemplate\":\"\/?s={search_term_string}\"},\"query-input\":{\"@type\":\"PropertyValueSpecification\",\"valueRequired\":true,\"valueName\":\"search_term_string\"}}],\"inLanguage\":\"nl-NL\"},{\"@type\":\"Organization\",\"@id\":\"\/#organization\",\"name\":\"Van der Ende Group\",\"url\":\"\/\",\"logo\":{\"@type\":\"ImageObject\",\"inLanguage\":\"nl-NL\",\"@id\":\"\/#\/schema\/logo\/image\/\",\"url\":\"https:\/\/www.vanderendegroup.com\/nl\/wp-content\/uploads\/sites\/1\/2024\/09\/favicon-500x500px.png\",\"contentUrl\":\"https:\/\/www.vanderendegroup.com\/nl\/wp-content\/uploads\/sites\/1\/2024\/09\/favicon-500x500px.png\",\"width\":500,\"height\":500,\"caption\":\"Van der Ende Group\"},\"image\":{\"@id\":\"\/#\/schema\/logo\/image\/\"},\"hasMerchantReturnPolicy\":{\"@type\":\"MerchantReturnPolicy\",\"merchantReturnLink\":\"https:\/\/www.vanderendegroup.com\/nl\/service\/garantie-en-retour\/\"}}]}<\/script>\n<meta property=\"product:price:amount\" content=\"0.00\" \/>\n<meta property=\"product:price:currency\" content=\"EUR\" \/>\n<meta property=\"og:availability\" content=\"instock\" \/>\n<meta property=\"product:availability\" content=\"instock\" \/>\n<meta property=\"product:condition\" content=\"new\" \/>\n<!-- \/ Yoast SEO Premium plugin. -->","yoast_head_json":{"title":"Optimyze sensor | Van der Ende Group | #1 Technische accessoire","description":"Optimyze pompsensor | Van der Ende Group | \u2705 Trillingen, temperatuur en druk meten | \u2705 Betrouwbaar | \u2705 Energiezuinig | Bekijk de website nu!","robots":{"index":"index","follow":"follow","max-snippet":"max-snippet:-1","max-image-preview":"max-image-preview:large","max-video-preview":"max-video-preview:-1"},"canonical":"https:\/\/www.vanderendegroup.com\/nl\/product\/optimyze\/","og_locale":"nl_NL","og_type":"article","og_title":"Optimyze","og_description":"Optimyze pompsensor | Van der Ende Group | \u2705 Trillingen, temperatuur en druk meten | \u2705 Betrouwbaar | \u2705 Energiezuinig | Bekijk de website nu!","og_url":"https:\/\/www.vanderendegroup.com\/nl\/product\/optimyze\/","og_site_name":"Van der Ende Group","article_modified_time":"2026-01-16T13:11:14+00:00","og_image":[{"width":1080,"height":810,"url":"https:\/\/www.vanderendegroup.com\/nl\/wp-content\/uploads\/sites\/1\/2025\/02\/Optimyze.png","type":"image\/png"}],"twitter_card":"summary_large_image","twitter_misc":{"Prijs":"","Beschikbaarheid":"Op voorraad"},"schema":{"@context":"https:\/\/schema.org","@graph":[{"@type":"WebPage","@id":"https:\/\/www.vanderendegroup.com\/nl\/product\/optimyze\/","url":"https:\/\/www.vanderendegroup.com\/nl\/product\/optimyze\/","name":"Optimyze sensor | Van der Ende Group | #1 Technische accessoire","isPartOf":{"@id":"\/#website"},"primaryImageOfPage":{"@id":"https:\/\/www.vanderendegroup.com\/nl\/product\/optimyze\/#primaryimage"},"image":{"@id":"https:\/\/www.vanderendegroup.com\/nl\/product\/optimyze\/#primaryimage"},"thumbnailUrl":"https:\/\/www.vanderendegroup.com\/nl\/wp-content\/uploads\/sites\/1\/2025\/02\/Optimyze.png","datePublished":"2025-02-06T12:12:23+00:00","dateModified":"2026-01-16T13:11:14+00:00","description":"Optimyze pompsensor | Van der Ende Group | \u2705 Trillingen, temperatuur en druk meten | \u2705 Betrouwbaar | \u2705 Energiezuinig | Bekijk de website nu!","breadcrumb":{"@id":"https:\/\/www.vanderendegroup.com\/nl\/product\/optimyze\/#breadcrumb"},"inLanguage":"nl-NL","potentialAction":[{"@type":"ReadAction","target":["https:\/\/www.vanderendegroup.com\/nl\/product\/optimyze\/"]}]},{"@type":"ImageObject","inLanguage":"nl-NL","@id":"https:\/\/www.vanderendegroup.com\/nl\/product\/optimyze\/#primaryimage","url":"https:\/\/www.vanderendegroup.com\/nl\/wp-content\/uploads\/sites\/1\/2025\/02\/Optimyze.png","contentUrl":"https:\/\/www.vanderendegroup.com\/nl\/wp-content\/uploads\/sites\/1\/2025\/02\/Optimyze.png","width":1080,"height":810,"caption":"Optimyze sensor van xylem voor inzicht van uw pomp"},{"@type":"BreadcrumbList","@id":"https:\/\/www.vanderendegroup.com\/nl\/product\/optimyze\/#breadcrumb","itemListElement":[{"@type":"ListItem","position":1,"name":"Home","item":"https:\/\/www.vanderendegroup.com\/nl\/"},{"@type":"ListItem","position":2,"name":"Optimyze"}]},{"@type":"WebSite","@id":"\/#website","url":"\/","name":"Van der Ende Group","description":"Innovator, producent en leverancier van technische producten","publisher":{"@id":"\/#organization"},"potentialAction":[{"@type":"SearchAction","target":{"@type":"EntryPoint","urlTemplate":"\/?s={search_term_string}"},"query-input":{"@type":"PropertyValueSpecification","valueRequired":true,"valueName":"search_term_string"}}],"inLanguage":"nl-NL"},{"@type":"Organization","@id":"\/#organization","name":"Van der Ende Group","url":"\/","logo":{"@type":"ImageObject","inLanguage":"nl-NL","@id":"\/#\/schema\/logo\/image\/","url":"https:\/\/www.vanderendegroup.com\/nl\/wp-content\/uploads\/sites\/1\/2024\/09\/favicon-500x500px.png","contentUrl":"https:\/\/www.vanderendegroup.com\/nl\/wp-content\/uploads\/sites\/1\/2024\/09\/favicon-500x500px.png","width":500,"height":500,"caption":"Van der Ende Group"},"image":{"@id":"\/#\/schema\/logo\/image\/"},"hasMerchantReturnPolicy":{"@type":"MerchantReturnPolicy","merchantReturnLink":"https:\/\/www.vanderendegroup.com\/nl\/service\/garantie-en-retour\/"}}]},"product_price_amount":"0.00","product_price_currency":"EUR","og_availability":"instock","product_availability":"instock","product_condition":"new"},"taxonomy_info":{"merk":[{"value":273,"label":"Xylem"}],"sectoren":[{"value":43,"label":"Tuinbouw"}]},"featured_image_src_large":["https:\/\/www.vanderendegroup.com\/nl\/wp-content\/uploads\/sites\/1\/2025\/02\/Optimyze-1024x768.png",1024,768,true],"author_info":[],"comment_info":"","mfb_rest_fields":["title","yoast_head","yoast_head_json","taxonomy_info","featured_image_src_large","author_info","comment_info"],"_links":{"self":[{"href":"https:\/\/www.vanderendegroup.com\/nl\/wp-json\/wp\/v2\/product\/13802","targetHints":{"allow":["GET"]}}],"collection":[{"href":"https:\/\/www.vanderendegroup.com\/nl\/wp-json\/wp\/v2\/product"}],"about":[{"href":"https:\/\/www.vanderendegroup.com\/nl\/wp-json\/wp\/v2\/types\/product"}],"wp:featuredmedia":[{"embeddable":true,"href":"https:\/\/www.vanderendegroup.com\/nl\/wp-json\/wp\/v2\/media\/13809"}],"wp:attachment":[{"href":"https:\/\/www.vanderendegroup.com\/nl\/wp-json\/wp\/v2\/media?parent=13802"}],"wp:term":[{"taxonomy":"product_brand","embeddable":true,"href":"https:\/\/www.vanderendegroup.com\/nl\/wp-json\/wp\/v2\/product_brand?post=13802"},{"taxonomy":"product_tag","embeddable":true,"href":"https:\/\/www.vanderendegroup.com\/nl\/wp-json\/wp\/v2\/product_tag?post=13802"},{"taxonomy":"aandrijving","embeddable":true,"href":"https:\/\/www.vanderendegroup.com\/nl\/wp-json\/wp\/v2\/aandrijving?post=13802"},{"taxonomy":"capaciteit","embeddable":true,"href":"https:\/\/www.vanderendegroup.com\/nl\/wp-json\/wp\/v2\/capaciteit?post=13802"},{"taxonomy":"materiaal","embeddable":true,"href":"https:\/\/www.vanderendegroup.com\/nl\/wp-json\/wp\/v2\/materiaal?post=13802"},{"taxonomy":"merk","embeddable":true,"href":"https:\/\/www.vanderendegroup.com\/nl\/wp-json\/wp\/v2\/merk?post=13802"},{"taxonomy":"opvoerhoogte","embeddable":true,"href":"https:\/\/www.vanderendegroup.com\/nl\/wp-json\/wp\/v2\/opvoerhoogte?post=13802"},{"taxonomy":"sectoren","embeddable":true,"href":"https:\/\/www.vanderendegroup.com\/nl\/wp-json\/wp\/v2\/sectoren?post=13802"}],"curies":[{"name":"wp","href":"https:\/\/api.w.org\/{rel}","templated":true}]}}