{"id":11034,"date":"2024-11-13T11:15:14","date_gmt":"2024-11-13T10:15:14","guid":{"rendered":"https:\/\/www.vanderendegroup.com\/?page_id=11034"},"modified":"2025-10-06T16:26:55","modified_gmt":"2025-10-06T14:26:55","slug":"constructie-paneelbouw-assemblage","status":"publish","type":"page","link":"https:\/\/www.vanderendegroup.com\/nl\/constructie-paneelbouw-assemblage\/","title":{"rendered":"Constructie, paneelbouw, assemblage"},"content":{"rendered":"<div class=\"kb-row-layout-wrap kb-row-layout-id3086_987f3e-d4 alignnone has-primary-background-color kt-row-has-bg wp-block-kadence-rowlayout\"><div class=\"kt-row-column-wrap kt-has-1-columns kt-row-layout-equal kt-tab-layout-inherit kt-mobile-layout-row kt-row-valign-bottom kb-theme-content-width\">\n<div class=\"wp-block-kadence-column kadence-column3086_992bb2-ec\"><div class=\"kt-inside-inner-col\"><h1 class=\"wp-block-heading has-base-color has-text-color has-link-color wp-elements-10b7e55bb490e1dac1cdf7c25a38263c\" id=\"h-\">Constructie, paneelbouw &amp; assemblage<\/h1><\/div><\/div>\n<\/div><\/div><div class=\"kb-row-layout-wrap kb-row-layout-id841_425b2b-19 alignfull has-main-background-color kt-row-has-bg wp-block-kadence-rowlayout\"><div class=\"kt-row-column-wrap kt-has-2-columns kt-row-layout-left-golden kt-tab-layout-left-golden kt-mobile-layout-row kt-row-valign-top kb-theme-content-width\">\n<div class=\"wp-block-kadence-column kadence-column841_f20dc2-ab\"><div class=\"kt-inside-inner-col\"><div class=\"yoast-breadcrumbs yoast-breadcrumbs-white\"><span><span><a href=\"https:\/\/www.vanderendegroup.com\/nl\/\">Home<\/a><\/span>  <span class=\"breadcrumb_last\" aria-current=\"page\">Constructie, paneelbouw, assemblage<\/span><\/span><\/div>\n\n<p class=\"intro-tekst has-base-color has-text-color has-link-color wp-elements-908f09cb56dcc0d4d752c52ad5f44e3b\" style=\"margin-top:0;margin-bottom:0;padding-top:0;padding-bottom:0;font-size:clamp(14.642px, 0.915rem + ((1vw - 3.2px) * 0.617), 22px);letter-spacing:0.02em;line-height:1.6\">Bij Van der Ende Group vormen de afdelingen Constructie, Paneelbouw en Assemblage een essentieel onderdeel van onze organisatie. Vanuit ons hoofdkantoor in Maasdijk werken ervaren vakmensen dagelijks aan het realiseren van hoogwaardige maatwerkoplossingen, van RVS-constructies en besturingspanelen tot complete systeemassemblages. Dankzij de nauwe samenwerking tussen onze afdelingen kunnen wij snel schakelen en complete oplossingen leveren, volledig afgestemd op de wensen van onze klanten.<\/p><\/div><\/div>\n\n<div class=\"wp-block-kadence-column kadence-column841_1054a1-f2 kvs-sm-false\"><div class=\"kt-inside-inner-col\"><\/div><\/div>\n<\/div><\/div><div class=\"kb-row-layout-wrap kb-row-layout-id781_a907d6-12 alignfull wp-block-kadence-rowlayout\"><div class=\"kt-row-column-wrap kt-has-1-columns kt-row-layout-equal kt-tab-layout-inherit kt-mobile-layout-row kt-row-valign-top\">\n<div class=\"wp-block-kadence-column kadence-column781_331152-c2\"><div class=\"kt-inside-inner-col\"><h2 class=\"wp-block-heading\" id=\"h-historie\">Vakmanschap en maatwerk onder \u00e9\u00e9n dak<\/h2>\n\n<p style=\"margin-top:0;margin-bottom:0;padding-top:0;padding-bottom:0;font-size:clamp(14px, 0.875rem + ((1vw - 3.2px) * 0.336), 18px);\">Bij Van der Ende Group combineren we vakmanschap, technologie en flexibiliteit in onze afdelingen Constructie, Paneelbouw en Assemblage. Vanuit ons hoofdkantoor in Maasdijk leveren wij hoogwaardige maatwerkoplossingen, van robuuste constructies en besturingspanelen tot complete assemblage van systemen. Door alles in eigen huis te hebben, kunnen wij snel schakelen en systemen ontwikkelen die voldoen aan de strengste kwaliteitseisen.<\/p><\/div><\/div>\n<\/div><\/div><div class=\"kb-row-layout-wrap kb-row-layout-id11034_3e5ac7-eb alignnone has-custom-blauw-grijs-background-color kt-row-has-bg wp-block-kadence-rowlayout\"><div class=\"kt-row-column-wrap kt-has-1-columns kt-row-layout-equal kt-tab-layout-inherit kt-mobile-layout-row kt-row-valign-top\">\n<div class=\"wp-block-kadence-column kadence-column11034_c117fa-42\"><div class=\"kt-inside-inner-col\"><h2 class=\"wp-block-heading has-main-color has-text-color has-link-color wp-elements-33041881ae875f60e5316e13b6effb49\" id=\"h-wat-doen-onze-afdelingen\">Wat doen onze afdelingen?<\/h2>\n\n<h3 class=\"wp-block-heading has-main-color has-text-color has-link-color wp-elements-63c6ca9501e9b40ee82ea62bef634066\" id=\"h-constructie\">Constructie<\/h3>\n\n<p class=\"has-main-color has-text-color\">Wij ontwerpen en vervaardigen RVS, aluminium en stalen constructies, zoals frames, tanks, (lek)bakken en leidingwerk. Onze specialisten beheersen lastechnieken als TIG en MIG-MAG en werken met hoogwaardige materialen zoals RVS 304, RVS 316, superduplex, en zeewaardig aluminium. Daarnaast beschikken we over moderne machines zoals kantbanken, plasmasnijders en lintzaagmachines voor plaatbewerking en precisiewerk.<\/p>\n\n<h3 class=\"wp-block-heading has-main-color has-text-color has-link-color wp-elements-20dcf802382101d865ed466219d240af\" id=\"h-paneelbouw\">Paneelbouw<\/h3>\n\n<p class=\"has-main-color has-text-color\">Onze paneelbouwers ontwerpen en bouwen besturingspanelen die aansluiten op klantspecificaties. Of het nu gaat om een enkel paneel of seriematige productie, wij leveren oplossingen voor toepassingen zoals pompinstallaties, waterzuiveringssystemen en industri\u00eble processen. Daarnaast bouwen wij UL\/CSA-ready panelen en integreren wij PLC-technieken voor besturingen met softstarters of frequentieomvormers.<\/p>\n\n<h3 class=\"wp-block-heading has-main-color has-text-color has-link-color wp-elements-f1e79940a57b54e223ad39b1b21a3cd5\" id=\"h-assemblage\">Assemblage<\/h3>\n\n<p class=\"has-main-color has-text-color\">De afdeling is verdeeld in assemblage van kleine componenten en grote systemen. Dit varieert van het samenstellen van pompen, vlinderkleppen en andere kleine onderdelen tot het opbouwen van complexe systemen zoals ultrafiltratie- en omgekeerde osmose-installaties (Kathari &amp; Nexus). Elk systeem wordt nauwkeurig getest en geoptimaliseerd om aan de hoogste eisen te voldoen.<\/p><\/div><\/div>\n<\/div><\/div><div class=\"kb-row-layout-wrap kb-row-layout-id11034_2b2a3c-f6 alignfull wp-block-kadence-rowlayout\"><div class=\"kt-row-column-wrap kt-has-1-columns kt-row-layout-equal kt-tab-layout-inherit kt-mobile-layout-row kt-row-valign-top kb-theme-content-width\">\n<div class=\"wp-block-kadence-column kadence-column11034_60e6a6-98\"><div class=\"kt-inside-inner-col\"><div class=\"kb-row-layout-wrap kb-row-layout-id11034_00db65-d2 alignnone has-custom-blauw-grijs-background-color kt-row-has-bg wp-block-kadence-rowlayout\"><div class=\"kt-row-column-wrap kt-has-2-columns kt-row-layout-right-golden kt-tab-layout-row kt-mobile-layout-row kt-row-valign-top kt-inner-column-height-full\">\n<div class=\"wp-block-kadence-column kadence-column11034_39c0a3-e1\"><div class=\"kt-inside-inner-col\"><div class=\"wp-block-group is-vertical is-layout-flex wp-container-core-group-is-layout-90752e8f wp-block-group-is-layout-flex\"><h2 class=\"wp-block-heading has-s-hne-font-family\" id=\"h-wat-maakt-deze-afdelingen-uniek\" style=\"font-size:clamp(14px, 0.875rem + ((1vw - 3.2px) * 0.503), 20px);line-height:1.5;text-transform:none\">Wat maakt deze afdelingen uniek?<\/h2>\n\n<p style=\"margin-top:0;margin-bottom:0;padding-top:0;padding-bottom:0;font-size:clamp(14px, 0.875rem + ((1vw - 3.2px) * 0.336), 18px);\">Onze kracht ligt in de combinatie van vakmanschap, geavanceerde technieken en een effici\u00ebnte workflow. Omdat we alles onder \u00e9\u00e9n dak hebben, van ontwerp tot fabricage en montage, kunnen we snel inspelen op veranderingen in de markt en flexibel omgaan met klantspecifieke wensen.<\/p><\/div>\n\n<div class=\"wp-block-buttons is-layout-flex wp-block-buttons-is-layout-flex\"><\/div><\/div><\/div>\n\n<div class=\"wp-block-kadence-column kadence-column11034_5e3e04-49 kb-section-dir-vertical\"><div class=\"kt-inside-inner-col\"><figure class=\"wp-block-image size-full full-height-image\"><picture><source srcset=\"https:\/\/www.vanderendegroup.com\/nl\/wp-content\/uploads\/sites\/1\/2024\/11\/Van-der-Ende-Group-RB58932-LR.avif 1200w,https:\/\/www.vanderendegroup.com\/nl\/wp-content\/uploads\/sites\/1\/2024\/11\/Van-der-Ende-Group-RB58932-LR-300x199.avif 300w,https:\/\/www.vanderendegroup.com\/nl\/wp-content\/uploads\/sites\/1\/2024\/11\/Van-der-Ende-Group-RB58932-LR-1024x680.avif 1024w,https:\/\/www.vanderendegroup.com\/nl\/wp-content\/uploads\/sites\/1\/2024\/11\/Van-der-Ende-Group-RB58932-LR-768x510.avif 768w,https:\/\/www.vanderendegroup.com\/nl\/wp-content\/uploads\/sites\/1\/2024\/11\/Van-der-Ende-Group-RB58932-LR-600x399.avif 600w\" sizes=\"auto, (max-width: 1200px) 100vw, 1200px\" type=\"image\/avif\"><source srcset=\"https:\/\/www.vanderendegroup.com\/nl\/wp-content\/uploads\/sites\/1\/2024\/11\/Van-der-Ende-Group-RB58932-LR.jpg.webp 1200w,https:\/\/www.vanderendegroup.com\/nl\/wp-content\/uploads\/sites\/1\/2024\/11\/Van-der-Ende-Group-RB58932-LR-300x199.jpg.webp 300w,https:\/\/www.vanderendegroup.com\/nl\/wp-content\/uploads\/sites\/1\/2024\/11\/Van-der-Ende-Group-RB58932-LR-1024x680.jpg.webp 1024w,https:\/\/www.vanderendegroup.com\/nl\/wp-content\/uploads\/sites\/1\/2024\/11\/Van-der-Ende-Group-RB58932-LR-768x510.jpg.webp 768w,https:\/\/www.vanderendegroup.com\/nl\/wp-content\/uploads\/sites\/1\/2024\/11\/Van-der-Ende-Group-RB58932-LR-600x399.jpg.webp 600w\" sizes=\"auto, (max-width: 1200px) 100vw, 1200px\" type=\"image\/webp\"><img src=\"https:\/\/www.vanderendegroup.com\/nl\/wp-content\/uploads\/2024\/11\/Van-der-Ende-Group-RB58932-LR.jpg\" height=\"797\" width=\"1200\" srcset=\"https:\/\/www.vanderendegroup.com\/nl\/wp-content\/uploads\/sites\/1\/2024\/11\/Van-der-Ende-Group-RB58932-LR.jpg 1200w, https:\/\/www.vanderendegroup.com\/nl\/wp-content\/uploads\/sites\/1\/2024\/11\/Van-der-Ende-Group-RB58932-LR-300x199.jpg 300w, https:\/\/www.vanderendegroup.com\/nl\/wp-content\/uploads\/sites\/1\/2024\/11\/Van-der-Ende-Group-RB58932-LR-1024x680.jpg 1024w, https:\/\/www.vanderendegroup.com\/nl\/wp-content\/uploads\/sites\/1\/2024\/11\/Van-der-Ende-Group-RB58932-LR-768x510.jpg 768w, https:\/\/www.vanderendegroup.com\/nl\/wp-content\/uploads\/sites\/1\/2024\/11\/Van-der-Ende-Group-RB58932-LR-600x399.jpg 600w\" sizes=\"auto, (max-width: 1200px) 100vw, 1200px\" class=\"wp-image-11978 sp-no-webp\" alt=\"Constructie, paneelbouw en assemblage allemaal onder 1 dak.\" loading=\"lazy\" decoding=\"async\"  > <\/picture><\/figure><\/div><\/div>\n<\/div><\/div><\/div><\/div>\n<\/div><\/div><div class=\"kb-row-layout-wrap kb-row-layout-id773_4e7f22-78 alignfull wp-block-kadence-rowlayout\"><div class=\"kt-row-column-wrap kt-has-1-columns kt-row-layout-equal kt-tab-layout-inherit kt-mobile-layout-row kt-row-valign-top\">\n<div class=\"wp-block-kadence-column kadence-column773_1abe82-fd\"><div class=\"kt-inside-inner-col\"><p style=\"margin-top:0;margin-bottom:0;padding-top:0;padding-bottom:0;font-size:clamp(14px, 0.875rem + ((1vw - 3.2px) * 0.336), 18px);\">Dankzij onze uitgebreide faciliteiten, zoals moderne lasapparatuur, een goed uitgeruste werkplaats en toegang tot engineering en R&amp;D, zijn wij in staat om kwalitatieve en duurzame oplossingen te leveren. Onze gecertificeerde processen (zoals EN 5817 voor RVS leidingwerk) waarborgen de hoogste normen en daarnaast kunnen wij producten op maat maken in speciaal aangevraagde materialen om te voldoen aan specifieke klantwensen.<\/p><\/div><\/div>\n<\/div><\/div><div class=\"kb-row-layout-wrap kb-row-layout-id781_a907d6-12 alignfull wp-block-kadence-rowlayout\"><div class=\"kt-row-column-wrap kt-has-1-columns kt-row-layout-equal kt-tab-layout-inherit kt-mobile-layout-row kt-row-valign-top\">\n<div class=\"wp-block-kadence-column kadence-column781_331152-c2\"><div class=\"kt-inside-inner-col\"><h2 class=\"wp-block-heading\" id=\"h-historie\">Waarom kiezen voor onze Constructie, Paneelbouw en Assemblage?<\/h2>\n\n<p style=\"margin-top:0;margin-bottom:0;padding-top:0;padding-bottom:0;font-size:clamp(14px, 0.875rem + ((1vw - 3.2px) * 0.336), 18px);\"><strong>Alles onder \u00e9\u00e9n dak<\/strong>: Van ontwerp en fabricage tot complete assemblage.<br><strong>Hoogwaardige materialen en technieken<\/strong>: Vakmanschap in combinatie met de nieuwste technologie\u00ebn.<br><strong>Flexibiliteit en maatwerk<\/strong>: Door ons <a href=\"https:\/\/www.vanderendegroup.com\/nl\/expertise\/maatwerk\/\">maatwerk<\/a> kunnen we snel inspelen op ontwikkelingen en klantspecifieke wensen.<br><strong>Certificeringen<\/strong>: Onze processen voldoen aan de strengste kwaliteitsnormen, zoals UL\/CSA en EN 5817 en hier hebben wij ook de <a href=\"https:\/\/www.vanderendegroup.com\/nl\/certificeringen\/\">certificeringen<\/a> voor.<\/p><\/div><\/div>\n<\/div><\/div>","protected":false},"excerpt":{"rendered":"<p>Bij Van der Ende Group combineren we vakmanschap, technologie en flexibiliteit in onze afdelingen Constructie, Paneelbouw en Assemblage.\u00a0<\/p>\n","protected":false},"author":1,"featured_media":0,"parent":0,"menu_order":0,"comment_status":"closed","ping_status":"closed","template":"","meta":{"_acf_changed":false,"_searchwp_excluded":"","_kad_blocks_custom_css":"","_kad_blocks_head_custom_js":"","_kad_blocks_body_custom_js":"","_kad_blocks_footer_custom_js":"","editor_notices":[],"footnotes":""},"class_list":["post-11034","page","type-page","status-publish","hentry"],"acf":[],"mb":[],"yoast_head":"<!-- This site is optimized with the Yoast SEO Premium plugin v26.3 (Yoast SEO v27.2) - https:\/\/yoast.com\/product\/yoast-seo-premium-wordpress\/ -->\n<title>Constructie, Paneelbouw &amp; Assemblage afdeling | Van der Ende Group<\/title>\n<meta name=\"description\" content=\"Constructie, Paneelbouw &amp; Assemblage | Van der Ende Group | \u2705 Alles onder \u00e9\u00e9n dak | \u2705 Complete maatwerkoplossingen | Bekijk de website!\" \/>\n<meta name=\"robots\" content=\"index, follow, max-snippet:-1, max-image-preview:large, max-video-preview:-1\" \/>\n<link rel=\"canonical\" href=\"https:\/\/www.vanderendegroup.com\/nl\/constructie-paneelbouw-assemblage\/\" \/>\n<meta property=\"og:locale\" content=\"nl_NL\" \/>\n<meta property=\"og:type\" content=\"article\" \/>\n<meta property=\"og:title\" content=\"Constructie, paneelbouw, assemblage\" \/>\n<meta property=\"og:description\" content=\"Constructie, Paneelbouw &amp; Assemblage | Van der Ende Group | \u2705 Alles onder \u00e9\u00e9n dak | \u2705 Complete maatwerkoplossingen | Bekijk de website!\" \/>\n<meta property=\"og:url\" content=\"https:\/\/www.vanderendegroup.com\/nl\/constructie-paneelbouw-assemblage\/\" \/>\n<meta property=\"og:site_name\" content=\"Van der Ende Group\" \/>\n<meta property=\"article:modified_time\" content=\"2025-10-06T14:26:55+00:00\" \/>\n<meta property=\"og:image\" content=\"https:\/\/www.vanderendegroup.com\/nl\/wp-content\/uploads\/2024\/11\/Van-der-Ende-Group-RB58932-LR.jpg\" \/>\n<meta name=\"twitter:card\" content=\"summary_large_image\" \/>\n<meta name=\"twitter:label1\" content=\"Geschatte leestijd\" \/>\n\t<meta name=\"twitter:data1\" content=\"2 minuten\" \/>\n<script type=\"application\/ld+json\" class=\"yoast-schema-graph\">{\"@context\":\"https:\/\/schema.org\",\"@graph\":[{\"@type\":\"WebPage\",\"@id\":\"https:\/\/www.vanderendegroup.com\/nl\/constructie-paneelbouw-assemblage\/\",\"url\":\"https:\/\/www.vanderendegroup.com\/nl\/constructie-paneelbouw-assemblage\/\",\"name\":\"Constructie, Paneelbouw & Assemblage afdeling | Van der Ende Group\",\"isPartOf\":{\"@id\":\"\/#website\"},\"primaryImageOfPage\":{\"@id\":\"https:\/\/www.vanderendegroup.com\/nl\/constructie-paneelbouw-assemblage\/#primaryimage\"},\"image\":{\"@id\":\"https:\/\/www.vanderendegroup.com\/nl\/constructie-paneelbouw-assemblage\/#primaryimage\"},\"thumbnailUrl\":\"https:\/\/www.vanderendegroup.com\/nl\/wp-content\/uploads\/2024\/11\/Van-der-Ende-Group-RB58932-LR.jpg\",\"datePublished\":\"2024-11-13T10:15:14+00:00\",\"dateModified\":\"2025-10-06T14:26:55+00:00\",\"description\":\"Constructie, Paneelbouw & Assemblage | Van der Ende Group | \u2705 Alles onder \u00e9\u00e9n dak | \u2705 Complete maatwerkoplossingen | Bekijk de website!\",\"breadcrumb\":{\"@id\":\"https:\/\/www.vanderendegroup.com\/nl\/constructie-paneelbouw-assemblage\/#breadcrumb\"},\"inLanguage\":\"nl-NL\",\"potentialAction\":[{\"@type\":\"ReadAction\",\"target\":[\"https:\/\/www.vanderendegroup.com\/nl\/constructie-paneelbouw-assemblage\/\"]}]},{\"@type\":\"ImageObject\",\"inLanguage\":\"nl-NL\",\"@id\":\"https:\/\/www.vanderendegroup.com\/nl\/constructie-paneelbouw-assemblage\/#primaryimage\",\"url\":\"https:\/\/www.vanderendegroup.com\/nl\/wp-content\/uploads\/sites\/1\/2024\/11\/Van-der-Ende-Group-RB58932-LR.jpg\",\"contentUrl\":\"https:\/\/www.vanderendegroup.com\/nl\/wp-content\/uploads\/sites\/1\/2024\/11\/Van-der-Ende-Group-RB58932-LR.jpg\",\"width\":1200,\"height\":797,\"caption\":\"Constructie\"},{\"@type\":\"BreadcrumbList\",\"@id\":\"https:\/\/www.vanderendegroup.com\/nl\/constructie-paneelbouw-assemblage\/#breadcrumb\",\"itemListElement\":[{\"@type\":\"ListItem\",\"position\":1,\"name\":\"Home\",\"item\":\"https:\/\/www.vanderendegroup.com\/nl\/\"},{\"@type\":\"ListItem\",\"position\":2,\"name\":\"Constructie, paneelbouw, assemblage\"}]},{\"@type\":\"WebSite\",\"@id\":\"\/#website\",\"url\":\"\/\",\"name\":\"Van der Ende Group\",\"description\":\"Innovator, producent en leverancier van technische producten\",\"publisher\":{\"@id\":\"\/#organization\"},\"potentialAction\":[{\"@type\":\"SearchAction\",\"target\":{\"@type\":\"EntryPoint\",\"urlTemplate\":\"\/?s={search_term_string}\"},\"query-input\":{\"@type\":\"PropertyValueSpecification\",\"valueRequired\":true,\"valueName\":\"search_term_string\"}}],\"inLanguage\":\"nl-NL\"},{\"@type\":\"Organization\",\"@id\":\"\/#organization\",\"name\":\"Van der Ende Group\",\"url\":\"\/\",\"logo\":{\"@type\":\"ImageObject\",\"inLanguage\":\"nl-NL\",\"@id\":\"\/#\/schema\/logo\/image\/\",\"url\":\"https:\/\/www.vanderendegroup.com\/nl\/wp-content\/uploads\/sites\/1\/2024\/09\/favicon-500x500px.png\",\"contentUrl\":\"https:\/\/www.vanderendegroup.com\/nl\/wp-content\/uploads\/sites\/1\/2024\/09\/favicon-500x500px.png\",\"width\":500,\"height\":500,\"caption\":\"Van der Ende Group\"},\"image\":{\"@id\":\"\/#\/schema\/logo\/image\/\"},\"hasMerchantReturnPolicy\":{\"@type\":\"MerchantReturnPolicy\",\"merchantReturnLink\":\"https:\/\/www.vanderendegroup.com\/nl\/service\/garantie-en-retour\/\"}}]}<\/script>\n<!-- \/ Yoast SEO Premium plugin. -->","yoast_head_json":{"title":"Constructie, Paneelbouw & Assemblage afdeling | Van der Ende Group","description":"Constructie, Paneelbouw & Assemblage | Van der Ende Group | \u2705 Alles onder \u00e9\u00e9n dak | \u2705 Complete maatwerkoplossingen | Bekijk de website!","robots":{"index":"index","follow":"follow","max-snippet":"max-snippet:-1","max-image-preview":"max-image-preview:large","max-video-preview":"max-video-preview:-1"},"canonical":"https:\/\/www.vanderendegroup.com\/nl\/constructie-paneelbouw-assemblage\/","og_locale":"nl_NL","og_type":"article","og_title":"Constructie, paneelbouw, assemblage","og_description":"Constructie, Paneelbouw & Assemblage | Van der Ende Group | \u2705 Alles onder \u00e9\u00e9n dak | \u2705 Complete maatwerkoplossingen | Bekijk de website!","og_url":"https:\/\/www.vanderendegroup.com\/nl\/constructie-paneelbouw-assemblage\/","og_site_name":"Van der Ende Group","article_modified_time":"2025-10-06T14:26:55+00:00","og_image":[{"url":"https:\/\/www.vanderendegroup.com\/nl\/wp-content\/uploads\/2024\/11\/Van-der-Ende-Group-RB58932-LR.jpg","type":"","width":"","height":""}],"twitter_card":"summary_large_image","twitter_misc":{"Geschatte leestijd":"2 minuten"},"schema":{"@context":"https:\/\/schema.org","@graph":[{"@type":"WebPage","@id":"https:\/\/www.vanderendegroup.com\/nl\/constructie-paneelbouw-assemblage\/","url":"https:\/\/www.vanderendegroup.com\/nl\/constructie-paneelbouw-assemblage\/","name":"Constructie, Paneelbouw & Assemblage afdeling | Van der Ende Group","isPartOf":{"@id":"\/#website"},"primaryImageOfPage":{"@id":"https:\/\/www.vanderendegroup.com\/nl\/constructie-paneelbouw-assemblage\/#primaryimage"},"image":{"@id":"https:\/\/www.vanderendegroup.com\/nl\/constructie-paneelbouw-assemblage\/#primaryimage"},"thumbnailUrl":"https:\/\/www.vanderendegroup.com\/nl\/wp-content\/uploads\/2024\/11\/Van-der-Ende-Group-RB58932-LR.jpg","datePublished":"2024-11-13T10:15:14+00:00","dateModified":"2025-10-06T14:26:55+00:00","description":"Constructie, Paneelbouw & Assemblage | Van der Ende Group | \u2705 Alles onder \u00e9\u00e9n dak | \u2705 Complete maatwerkoplossingen | Bekijk de website!","breadcrumb":{"@id":"https:\/\/www.vanderendegroup.com\/nl\/constructie-paneelbouw-assemblage\/#breadcrumb"},"inLanguage":"nl-NL","potentialAction":[{"@type":"ReadAction","target":["https:\/\/www.vanderendegroup.com\/nl\/constructie-paneelbouw-assemblage\/"]}]},{"@type":"ImageObject","inLanguage":"nl-NL","@id":"https:\/\/www.vanderendegroup.com\/nl\/constructie-paneelbouw-assemblage\/#primaryimage","url":"https:\/\/www.vanderendegroup.com\/nl\/wp-content\/uploads\/sites\/1\/2024\/11\/Van-der-Ende-Group-RB58932-LR.jpg","contentUrl":"https:\/\/www.vanderendegroup.com\/nl\/wp-content\/uploads\/sites\/1\/2024\/11\/Van-der-Ende-Group-RB58932-LR.jpg","width":1200,"height":797,"caption":"Constructie"},{"@type":"BreadcrumbList","@id":"https:\/\/www.vanderendegroup.com\/nl\/constructie-paneelbouw-assemblage\/#breadcrumb","itemListElement":[{"@type":"ListItem","position":1,"name":"Home","item":"https:\/\/www.vanderendegroup.com\/nl\/"},{"@type":"ListItem","position":2,"name":"Constructie, paneelbouw, assemblage"}]},{"@type":"WebSite","@id":"\/#website","url":"\/","name":"Van der Ende Group","description":"Innovator, producent en leverancier van technische producten","publisher":{"@id":"\/#organization"},"potentialAction":[{"@type":"SearchAction","target":{"@type":"EntryPoint","urlTemplate":"\/?s={search_term_string}"},"query-input":{"@type":"PropertyValueSpecification","valueRequired":true,"valueName":"search_term_string"}}],"inLanguage":"nl-NL"},{"@type":"Organization","@id":"\/#organization","name":"Van der Ende Group","url":"\/","logo":{"@type":"ImageObject","inLanguage":"nl-NL","@id":"\/#\/schema\/logo\/image\/","url":"https:\/\/www.vanderendegroup.com\/nl\/wp-content\/uploads\/sites\/1\/2024\/09\/favicon-500x500px.png","contentUrl":"https:\/\/www.vanderendegroup.com\/nl\/wp-content\/uploads\/sites\/1\/2024\/09\/favicon-500x500px.png","width":500,"height":500,"caption":"Van der Ende Group"},"image":{"@id":"\/#\/schema\/logo\/image\/"},"hasMerchantReturnPolicy":{"@type":"MerchantReturnPolicy","merchantReturnLink":"https:\/\/www.vanderendegroup.com\/nl\/service\/garantie-en-retour\/"}}]}},"taxonomy_info":[],"featured_image_src_large":false,"author_info":{"display_name":"BuroStaal_VDE","author_link":"https:\/\/www.vanderendegroup.com\/nl\/author\/burostaal_vde\/"},"comment_info":"","mfb_rest_fields":["title","yoast_head","yoast_head_json","taxonomy_info","featured_image_src_large","author_info","comment_info"],"_links":{"self":[{"href":"https:\/\/www.vanderendegroup.com\/nl\/wp-json\/wp\/v2\/pages\/11034","targetHints":{"allow":["GET"]}}],"collection":[{"href":"https:\/\/www.vanderendegroup.com\/nl\/wp-json\/wp\/v2\/pages"}],"about":[{"href":"https:\/\/www.vanderendegroup.com\/nl\/wp-json\/wp\/v2\/types\/page"}],"author":[{"embeddable":true,"href":"https:\/\/www.vanderendegroup.com\/nl\/wp-json\/wp\/v2\/users\/1"}],"replies":[{"embeddable":true,"href":"https:\/\/www.vanderendegroup.com\/nl\/wp-json\/wp\/v2\/comments?post=11034"}],"version-history":[{"count":8,"href":"https:\/\/www.vanderendegroup.com\/nl\/wp-json\/wp\/v2\/pages\/11034\/revisions"}],"predecessor-version":[{"id":15530,"href":"https:\/\/www.vanderendegroup.com\/nl\/wp-json\/wp\/v2\/pages\/11034\/revisions\/15530"}],"wp:attachment":[{"href":"https:\/\/www.vanderendegroup.com\/nl\/wp-json\/wp\/v2\/media?parent=11034"}],"curies":[{"name":"wp","href":"https:\/\/api.w.org\/{rel}","templated":true}]}}